{"id":52338,"date":"2023-04-18T22:12:50","date_gmt":"2023-04-18T20:12:50","guid":{"rendered":"https:\/\/jnpnki27nc.onrocket.site\/produkt\/skaidrus-gelio-padekliukas-tmp-02\/"},"modified":"2026-03-24T12:18:35","modified_gmt":"2026-03-24T11:18:35","slug":"tmp-02-lt","status":"publish","type":"product","link":"https:\/\/mousepad24.eu\/lt\/produkt\/tmp-02-lt\/","title":{"rendered":"Skaidri gelin\u0117 pel\u0117s kilim\u0117lis \/TMP (02)\/"},"content":{"rendered":"<p>TMP tipo kilim\u0117lis (Transparent Mouse Pad) yra ergonomi\u0161kas, skaidrus pel\u0117s kilim\u0117lis, pagamintas i\u0161 auk\u0161tos kokyb\u0117s sintetini\u0173 med\u017eiag\u0173, si\u016blantis tiek funkcionalum\u0105, tiek visi\u0161k\u0105 darbo pavir\u0161iaus personalizacij\u0105.<\/p>\n<h5 data-start=\"2211\" data-end=\"2237\">Auk\u0161\u010diausios klas\u0117s produktas \u2013 derina elegancij\u0105 su funkcionalumu.<\/h5>\n<h4 data-start=\"2211\" data-end=\"2237\">\u2705 <strong data-start=\"2217\" data-end=\"2237\">Produkto privalumai:<\/strong><\/h4>\n<ul data-start=\"2239\" data-end=\"2688\">\n<li data-start=\"2239\" data-end=\"2310\">\n<p data-start=\"2241\" data-end=\"2310\">\ud83d\udd12 <strong data-start=\"2244\" data-end=\"2259\">Stabilumas:<\/strong> Neslystantis pagrindas laiko kilim\u0117l\u012f vietoje<\/p>\n<\/li>\n<li data-start=\"2311\" data-end=\"2390\">\n<p data-start=\"2313\" data-end=\"2390\">\ud83c\udfaf <strong data-start=\"2316\" data-end=\"2329\">Tikslumas:<\/strong> <strong data-start=\"86\" data-end=\"151\">Kilim\u0117lio pavir\u0161ius yra mikro\u012fdubim\u0173 formos<\/strong>, kas u\u017etikrina puik\u0173 pel\u0117s judesi\u0173 sekimo tikslum\u0105 ir suma\u017eina \u0161viesos atspind\u017eius. Tokia strukt\u016bra pagerina darbo komfort\u0105 ir padidina produkto naudojimo ilgaam\u017ei\u0161kum\u0105. <\/p>\n<\/li>\n<li data-start=\"2391\" data-end=\"2463\">\n<p data-start=\"2393\" data-end=\"2463\">\ud83d\udca7 <strong data-start=\"2396\" data-end=\"2419\">Higiena ir ilgaam\u017ei\u0161kumas:<\/strong> Lengvai valomas, atsparus ne\u0161varumams<\/p>\n<\/li>\n<li data-start=\"2464\" data-end=\"2537\">\n<p data-start=\"2466\" data-end=\"2537\">\ud83d\udda8\ufe0f <strong data-start=\"2470\" data-end=\"2482\">UV spausdinimas:<\/strong> Auk\u0161ta spausdinimo kokyb\u0117 \u2013 idealiai tinka \u012fmon\u0117s prek\u0117s \u017eenklui<\/p>\n<p><img fetchpriority=\"high\" decoding=\"async\" class=\"alignnone size-medium wp-image-67719\" src=\"https:\/\/mousepad24.eu\/wp-content\/uploads\/2023\/04\/transparent-gel-mouse-pad-300x300.png\" alt=\"Desk Pad Pro \u2013 skaidrus gelinis pel\u0117s kilim\u0117lis\" width=\"300\" height=\"300\"><\/li>\n<\/ul>\n","protected":false},"excerpt":{"rendered":"<p>Pel\u0117s ir rie\u0161o kilim\u0117lis pagamintas i\u0161 skaidrios med\u017eiagos. Turi lengvai valom\u0105 ir malon\u0173 liesti pavir\u0161i\u0173. Neslystantis pagrindas neleid\u017eia kilim\u0117liui jud\u0117ti ant stalo. Tai auk\u0161\u010diausios kokyb\u0117s produktas, u\u017etikrinantis geriausi\u0105 rankos atram\u0105. Kilim\u0117lis turi universal\u0173 form\u0105, tinkant\u012f tiek de\u0161iniarankiams, tiek kairiarankiams.<br \/>\nDidelis kilim\u0117lio pavir\u0161ius leid\u017eia pla\u010diai jud\u0117ti pele. Skirtas \u017emon\u0117ms, vertinantiems profesionali\u0105, auk\u0161\u010diausios kokyb\u0117s \u012frang\u0105, norintiems suteikti savo interjerui modern\u0173, net futuristin\u012f charakter\u012f.     <\/p>\n","protected":false},"featured_media":53735,"template":"","meta":[],"product_brand":[],"product_cat":[769],"product_tag":[1252,1625,1244,1248,1250,1251,1239,1240,1627,1241,1243,1249,1246,1245,1629,869,1624,1626,1628,1242,1454,1247],"class_list":{"0":"post-52338","1":"product","2":"type-product","3":"status-publish","4":"has-post-thumbnail","6":"product_cat-permatomo-gelio-peliu-kilimelis","7":"product_tag-aukstos-kokybes-medziagos","8":"product_tag-aukstos-kokybes-peles-kilimeliai","9":"product_tag-biuras","10":"product_tag-darbo-palengvinimas","11":"product_tag-dizainas","12":"product_tag-efektyvumas","13":"product_tag-ergonomiskas","14":"product_tag-geline","15":"product_tag-geriausias-peles-kilimelis","16":"product_tag-komfortas","17":"product_tag-kompiuteriniai-priedai","18":"product_tag-naudojimo-malonumas","19":"product_tag-neslystantis","20":"product_tag-nuotolinis-darbas","21":"product_tag-peles-kilimeliai-su-reklaminiu-spaudinimu","22":"product_tag-peles-kilimelis","23":"product_tag-peles-kilimelis-su-reklaminiu-spaudinimu","24":"product_tag-profesionalus-peles-kilimelis","25":"product_tag-reklaminiai-gaminiai","26":"product_tag-rieso-atrama","27":"product_tag-spalvotas-kilimelis","28":"product_tag-sveikata","29":"fpd-variation-needed","31":"first","32":"instock","33":"taxable","34":"shipping-taxable","35":"purchasable","36":"product-type-variable"},"yoast_head":"<!-- This site is optimized with the Yoast SEO plugin v27.5 - https:\/\/yoast.com\/product\/yoast-seo-wordpress\/ -->\n<title>Skaidri gelin\u0117 pel\u0117s kilim\u0117lis \/TMP (02)\/ - MousePad24.eu<\/title>\n<meta name=\"robots\" content=\"index, follow, max-snippet:-1, max-image-preview:large, max-video-preview:-1\" \/>\n<meta property=\"og:locale\" content=\"lt_LT\" \/>\n<meta property=\"og:type\" content=\"article\" \/>\n<meta property=\"og:title\" content=\"Skaidri gelin\u0117 pel\u0117s kilim\u0117lis \/TMP (02)\/ - MousePad24.eu\" \/>\n<meta property=\"og:description\" content=\"Pel\u0117s ir rie\u0161o kilim\u0117lis pagamintas i\u0161 skaidrios med\u017eiagos. Turi lengvai valom\u0105 ir malon\u0173 liesti pavir\u0161i\u0173. Neslystantis pagrindas neleid\u017eia kilim\u0117liui jud\u0117ti ant stalo. Tai auk\u0161\u010diausios kokyb\u0117s produktas, u\u017etikrinantis geriausi\u0105 rankos atram\u0105. Kilim\u0117lis turi universal\u0173 form\u0105, tinkant\u012f tiek de\u0161iniarankiams, tiek kairiarankiams. Didelis kilim\u0117lio pavir\u0161ius leid\u017eia pla\u010diai jud\u0117ti pele. Skirtas \u017emon\u0117ms, vertinantiems profesionali\u0105, auk\u0161\u010diausios kokyb\u0117s \u012frang\u0105, norintiems suteikti savo interjerui modern\u0173, net futuristin\u012f charakter\u012f.\" \/>\n<meta property=\"og:url\" content=\"https:\/\/mousepad24.eu\/lt\/produkt\/tmp-02-lt\/\" \/>\n<meta property=\"og:site_name\" content=\"MousePad24.eu\" \/>\n<meta property=\"article:publisher\" content=\"https:\/\/www.facebook.com\/mousepad24\/\" \/>\n<meta property=\"article:modified_time\" content=\"2026-03-24T11:18:35+00:00\" \/>\n<meta property=\"og:image\" content=\"https:\/\/mousepad24.eu\/wp-content\/uploads\/2023\/04\/tmp_02-2.webp\" \/>\n\t<meta property=\"og:image:width\" content=\"2560\" \/>\n\t<meta property=\"og:image:height\" content=\"2560\" \/>\n\t<meta property=\"og:image:type\" content=\"image\/webp\" \/>\n<meta name=\"twitter:card\" content=\"summary_large_image\" \/>\n<script type=\"application\/ld+json\" class=\"yoast-schema-graph\">{\"@context\":\"https:\\\/\\\/schema.org\",\"@graph\":[{\"@type\":\"WebPage\",\"@id\":\"https:\\\/\\\/mousepad24.eu\\\/lt\\\/produkt\\\/tmp-02-lt\\\/\",\"url\":\"https:\\\/\\\/mousepad24.eu\\\/lt\\\/produkt\\\/tmp-02-lt\\\/\",\"name\":\"Skaidri gelin\u0117 pel\u0117s kilim\u0117lis \\\/TMP (02)\\\/ - MousePad24.eu\",\"isPartOf\":{\"@id\":\"https:\\\/\\\/mousepad24.eu\\\/#website\"},\"primaryImageOfPage\":{\"@id\":\"https:\\\/\\\/mousepad24.eu\\\/lt\\\/produkt\\\/tmp-02-lt\\\/#primaryimage\"},\"image\":{\"@id\":\"https:\\\/\\\/mousepad24.eu\\\/lt\\\/produkt\\\/tmp-02-lt\\\/#primaryimage\"},\"thumbnailUrl\":\"https:\\\/\\\/mousepad24.eu\\\/wp-content\\\/uploads\\\/2023\\\/04\\\/tmp_02-2.webp\",\"datePublished\":\"2023-04-18T20:12:50+00:00\",\"dateModified\":\"2026-03-24T11:18:35+00:00\",\"breadcrumb\":{\"@id\":\"https:\\\/\\\/mousepad24.eu\\\/lt\\\/produkt\\\/tmp-02-lt\\\/#breadcrumb\"},\"inLanguage\":\"lt-LT\",\"potentialAction\":[{\"@type\":\"ReadAction\",\"target\":[\"https:\\\/\\\/mousepad24.eu\\\/lt\\\/produkt\\\/tmp-02-lt\\\/\"]}]},{\"@type\":\"ImageObject\",\"inLanguage\":\"lt-LT\",\"@id\":\"https:\\\/\\\/mousepad24.eu\\\/lt\\\/produkt\\\/tmp-02-lt\\\/#primaryimage\",\"url\":\"https:\\\/\\\/mousepad24.eu\\\/wp-content\\\/uploads\\\/2023\\\/04\\\/tmp_02-2.webp\",\"contentUrl\":\"https:\\\/\\\/mousepad24.eu\\\/wp-content\\\/uploads\\\/2023\\\/04\\\/tmp_02-2.webp\",\"width\":2560,\"height\":2560},{\"@type\":\"BreadcrumbList\",\"@id\":\"https:\\\/\\\/mousepad24.eu\\\/lt\\\/produkt\\\/tmp-02-lt\\\/#breadcrumb\",\"itemListElement\":[{\"@type\":\"ListItem\",\"position\":1,\"name\":\"Pagrindinis puslapis\",\"item\":\"https:\\\/\\\/mousepad24.eu\\\/lt\\\/\"},{\"@type\":\"ListItem\",\"position\":2,\"name\":\"Parduotuv\u0117\",\"item\":\"https:\\\/\\\/mousepad24.eu\\\/lt\\\/\"},{\"@type\":\"ListItem\",\"position\":3,\"name\":\"Skaidri gelin\u0117 pel\u0117s kilim\u0117lis \\\/TMP (02)\\\/\"}]},{\"@type\":\"WebSite\",\"@id\":\"https:\\\/\\\/mousepad24.eu\\\/#website\",\"url\":\"https:\\\/\\\/mousepad24.eu\\\/\",\"name\":\"MousePad24.eu\",\"description\":\"Personalizowane podk\u0142adki pod mysz\",\"publisher\":{\"@id\":\"https:\\\/\\\/mousepad24.eu\\\/#organization\"},\"potentialAction\":[{\"@type\":\"SearchAction\",\"target\":{\"@type\":\"EntryPoint\",\"urlTemplate\":\"https:\\\/\\\/mousepad24.eu\\\/?s={search_term_string}\"},\"query-input\":{\"@type\":\"PropertyValueSpecification\",\"valueRequired\":true,\"valueName\":\"search_term_string\"}}],\"inLanguage\":\"lt-LT\"},{\"@type\":\"Organization\",\"@id\":\"https:\\\/\\\/mousepad24.eu\\\/#organization\",\"name\":\"MousePad24.eu\",\"url\":\"https:\\\/\\\/mousepad24.eu\\\/\",\"logo\":{\"@type\":\"ImageObject\",\"inLanguage\":\"lt-LT\",\"@id\":\"https:\\\/\\\/mousepad24.eu\\\/#\\\/schema\\\/logo\\\/image\\\/\",\"url\":\"https:\\\/\\\/mousepad24.eu\\\/wp-content\\\/uploads\\\/2022\\\/12\\\/MOUSEPAD24_logo_curv_OK-1.png\",\"contentUrl\":\"https:\\\/\\\/mousepad24.eu\\\/wp-content\\\/uploads\\\/2022\\\/12\\\/MOUSEPAD24_logo_curv_OK-1.png\",\"width\":1024,\"height\":75,\"caption\":\"MousePad24.eu\"},\"image\":{\"@id\":\"https:\\\/\\\/mousepad24.eu\\\/#\\\/schema\\\/logo\\\/image\\\/\"},\"sameAs\":[\"https:\\\/\\\/www.facebook.com\\\/mousepad24\\\/\",\"https:\\\/\\\/www.instagram.com\\\/mousepad24.eu\\\/\",\"https:\\\/\\\/www.linkedin.com\\\/company\\\/podkladki24-mousepad24\\\/\"]}]}<\/script>\n<!-- \/ Yoast SEO plugin. -->","yoast_head_json":{"title":"Skaidri gelin\u0117 pel\u0117s kilim\u0117lis \/TMP (02)\/ - MousePad24.eu","robots":{"index":"index","follow":"follow","max-snippet":"max-snippet:-1","max-image-preview":"max-image-preview:large","max-video-preview":"max-video-preview:-1"},"og_locale":"lt_LT","og_type":"article","og_title":"Skaidri gelin\u0117 pel\u0117s kilim\u0117lis \/TMP (02)\/ - MousePad24.eu","og_description":"Pel\u0117s ir rie\u0161o kilim\u0117lis pagamintas i\u0161 skaidrios med\u017eiagos. Turi lengvai valom\u0105 ir malon\u0173 liesti pavir\u0161i\u0173. Neslystantis pagrindas neleid\u017eia kilim\u0117liui jud\u0117ti ant stalo. Tai auk\u0161\u010diausios kokyb\u0117s produktas, u\u017etikrinantis geriausi\u0105 rankos atram\u0105. Kilim\u0117lis turi universal\u0173 form\u0105, tinkant\u012f tiek de\u0161iniarankiams, tiek kairiarankiams. Didelis kilim\u0117lio pavir\u0161ius leid\u017eia pla\u010diai jud\u0117ti pele. Skirtas \u017emon\u0117ms, vertinantiems profesionali\u0105, auk\u0161\u010diausios kokyb\u0117s \u012frang\u0105, norintiems suteikti savo interjerui modern\u0173, net futuristin\u012f charakter\u012f.","og_url":"https:\/\/mousepad24.eu\/lt\/produkt\/tmp-02-lt\/","og_site_name":"MousePad24.eu","article_publisher":"https:\/\/www.facebook.com\/mousepad24\/","article_modified_time":"2026-03-24T11:18:35+00:00","og_image":[{"width":2560,"height":2560,"url":"https:\/\/mousepad24.eu\/wp-content\/uploads\/2023\/04\/tmp_02-2.webp","type":"image\/webp"}],"twitter_card":"summary_large_image","schema":{"@context":"https:\/\/schema.org","@graph":[{"@type":"WebPage","@id":"https:\/\/mousepad24.eu\/lt\/produkt\/tmp-02-lt\/","url":"https:\/\/mousepad24.eu\/lt\/produkt\/tmp-02-lt\/","name":"Skaidri gelin\u0117 pel\u0117s kilim\u0117lis \/TMP (02)\/ - MousePad24.eu","isPartOf":{"@id":"https:\/\/mousepad24.eu\/#website"},"primaryImageOfPage":{"@id":"https:\/\/mousepad24.eu\/lt\/produkt\/tmp-02-lt\/#primaryimage"},"image":{"@id":"https:\/\/mousepad24.eu\/lt\/produkt\/tmp-02-lt\/#primaryimage"},"thumbnailUrl":"https:\/\/mousepad24.eu\/wp-content\/uploads\/2023\/04\/tmp_02-2.webp","datePublished":"2023-04-18T20:12:50+00:00","dateModified":"2026-03-24T11:18:35+00:00","breadcrumb":{"@id":"https:\/\/mousepad24.eu\/lt\/produkt\/tmp-02-lt\/#breadcrumb"},"inLanguage":"lt-LT","potentialAction":[{"@type":"ReadAction","target":["https:\/\/mousepad24.eu\/lt\/produkt\/tmp-02-lt\/"]}]},{"@type":"ImageObject","inLanguage":"lt-LT","@id":"https:\/\/mousepad24.eu\/lt\/produkt\/tmp-02-lt\/#primaryimage","url":"https:\/\/mousepad24.eu\/wp-content\/uploads\/2023\/04\/tmp_02-2.webp","contentUrl":"https:\/\/mousepad24.eu\/wp-content\/uploads\/2023\/04\/tmp_02-2.webp","width":2560,"height":2560},{"@type":"BreadcrumbList","@id":"https:\/\/mousepad24.eu\/lt\/produkt\/tmp-02-lt\/#breadcrumb","itemListElement":[{"@type":"ListItem","position":1,"name":"Pagrindinis puslapis","item":"https:\/\/mousepad24.eu\/lt\/"},{"@type":"ListItem","position":2,"name":"Parduotuv\u0117","item":"https:\/\/mousepad24.eu\/lt\/"},{"@type":"ListItem","position":3,"name":"Skaidri gelin\u0117 pel\u0117s kilim\u0117lis \/TMP (02)\/"}]},{"@type":"WebSite","@id":"https:\/\/mousepad24.eu\/#website","url":"https:\/\/mousepad24.eu\/","name":"MousePad24.eu","description":"Personalizowane podk\u0142adki pod mysz","publisher":{"@id":"https:\/\/mousepad24.eu\/#organization"},"potentialAction":[{"@type":"SearchAction","target":{"@type":"EntryPoint","urlTemplate":"https:\/\/mousepad24.eu\/?s={search_term_string}"},"query-input":{"@type":"PropertyValueSpecification","valueRequired":true,"valueName":"search_term_string"}}],"inLanguage":"lt-LT"},{"@type":"Organization","@id":"https:\/\/mousepad24.eu\/#organization","name":"MousePad24.eu","url":"https:\/\/mousepad24.eu\/","logo":{"@type":"ImageObject","inLanguage":"lt-LT","@id":"https:\/\/mousepad24.eu\/#\/schema\/logo\/image\/","url":"https:\/\/mousepad24.eu\/wp-content\/uploads\/2022\/12\/MOUSEPAD24_logo_curv_OK-1.png","contentUrl":"https:\/\/mousepad24.eu\/wp-content\/uploads\/2022\/12\/MOUSEPAD24_logo_curv_OK-1.png","width":1024,"height":75,"caption":"MousePad24.eu"},"image":{"@id":"https:\/\/mousepad24.eu\/#\/schema\/logo\/image\/"},"sameAs":["https:\/\/www.facebook.com\/mousepad24\/","https:\/\/www.instagram.com\/mousepad24.eu\/","https:\/\/www.linkedin.com\/company\/podkladki24-mousepad24\/"]}]}},"_links":{"self":[{"href":"https:\/\/mousepad24.eu\/lt\/wp-json\/wp\/v2\/product\/52338","targetHints":{"allow":["GET"]}}],"collection":[{"href":"https:\/\/mousepad24.eu\/lt\/wp-json\/wp\/v2\/product"}],"about":[{"href":"https:\/\/mousepad24.eu\/lt\/wp-json\/wp\/v2\/types\/product"}],"wp:featuredmedia":[{"embeddable":true,"href":"https:\/\/mousepad24.eu\/lt\/wp-json\/wp\/v2\/media\/53735"}],"wp:attachment":[{"href":"https:\/\/mousepad24.eu\/lt\/wp-json\/wp\/v2\/media?parent=52338"}],"wp:term":[{"taxonomy":"product_brand","embeddable":true,"href":"https:\/\/mousepad24.eu\/lt\/wp-json\/wp\/v2\/product_brand?post=52338"},{"taxonomy":"product_cat","embeddable":true,"href":"https:\/\/mousepad24.eu\/lt\/wp-json\/wp\/v2\/product_cat?post=52338"},{"taxonomy":"product_tag","embeddable":true,"href":"https:\/\/mousepad24.eu\/lt\/wp-json\/wp\/v2\/product_tag?post=52338"}],"curies":[{"name":"wp","href":"https:\/\/api.w.org\/{rel}","templated":true}]}}