{"id":52345,"date":"2023-04-25T18:24:35","date_gmt":"2023-04-25T16:24:35","guid":{"rendered":"https:\/\/jnpnki27nc.onrocket.site\/produkt\/peles-kilimelis-su-apvadu-subs-00\/"},"modified":"2026-01-27T14:23:43","modified_gmt":"2026-01-27T13:23:43","slug":"subs-00-pl","status":"publish","type":"product","link":"https:\/\/mousepad24.eu\/lt\/produkt\/subs-00-pl\/","title":{"rendered":"Pel\u0117s kilim\u0117lis su apvadu \/SUBS (00)\/"},"content":{"rendered":"<p>Auk\u0161tos kokyb\u0117s poliesterio pel\u0117s kilim\u0117lis ant lankstaus 5 mm storio gumos pagrindo, su apsi\u016btais kra\u0161tais ir personalizavimo galimybe. Puikiai tinka dovanai arba biurui \u2013 jau nuo 1 vieneto! <\/p>\n","protected":false},"excerpt":{"rendered":"<p>Pel\u0117s kilim\u0117lis, skirtas viso pavir\u0161iaus spalvotai sublimacijai. Padas i\u0161 vir\u0161aus padengtas mink\u0161tu ir maloniu liesti poliesteriu, o apa\u010dioje yra storas neslystantis gumos sluoksnis, kurio funkcija &#8211; amortizuoti. Apkantuoti kra\u0161tai pagerina pel\u0117s kilim\u0117lio i\u0161vaizd\u0105 ir padidina jo patvarum\u0105. Kilim\u0117lio storis siekia net 5 mm, tod\u0117l u\u017etikrina puik\u0173 amortizavim\u0105.   <\/p>\n","protected":false},"featured_media":62149,"template":"","meta":[],"product_brand":[],"product_cat":[781],"product_tag":[1684,1683,1690,1694,1688,1687,1243,1692,1682,1691,1693,869,870,1686,1342,1445,1685,1689],"class_list":{"0":"post-52345","1":"product","2":"type-product","3":"status-publish","4":"has-post-thumbnail","6":"product_cat-peles-kilimeliai-su-apsiutais-krastais","7":"product_tag-biuro-kilimelis","8":"product_tag-biuro-reikmenys","9":"product_tag-biurui","10":"product_tag-darbui-prie-kompiuterio","11":"product_tag-firminis-kilimelis","12":"product_tag-kilimelis-su-jusu-spauda","13":"product_tag-kompiuteriniai-priedai","14":"product_tag-kompiuteriniams-zaidimams","15":"product_tag-kompiuterio-kilimelis","16":"product_tag-namu-biuras","17":"product_tag-nesiojamam-kompiuteriui","18":"product_tag-peles-kilimelis","19":"product_tag-peles-kilimelis-su-spauda","20":"product_tag-personalizuotas-peles-kilimelis","21":"product_tag-reklaminis-kilimelis","22":"product_tag-reklaminis-suvenyras","23":"product_tag-sublimacinis-kilimelis-2","24":"product_tag-zaidejams","25":"fpd-variation-needed","27":"first","28":"instock","29":"taxable","30":"shipping-taxable","31":"purchasable","32":"product-type-variable"},"yoast_head":"<!-- This site is optimized with the Yoast SEO plugin v27.3 - https:\/\/yoast.com\/product\/yoast-seo-wordpress\/ -->\n<title>Pel\u0117s kilim\u0117lis su apvadu \/SUBS (00)\/ - MousePad24.eu<\/title>\n<meta name=\"description\" content=\"Auk\u0161tos kokyb\u0117s poliesterio pel\u0117s kilim\u0117lis ant lankstaus 5 mm storio gumos pagrindo, su apsi\u016btais kra\u0161tais ir personalizavimo galimybe. Puikiai tinka dovanai arba biurui \u2013 jau nuo 1 vieneto!\" \/>\n<meta name=\"robots\" content=\"index, follow, max-snippet:-1, max-image-preview:large, max-video-preview:-1\" \/>\n<meta property=\"og:locale\" content=\"lt_LT\" \/>\n<meta property=\"og:type\" content=\"article\" \/>\n<meta property=\"og:title\" content=\"Pel\u0117s kilim\u0117lis su apvadu \/SUBS (00)\/ - MousePad24.eu\" \/>\n<meta property=\"og:description\" content=\"Auk\u0161tos kokyb\u0117s poliesterio pel\u0117s kilim\u0117lis ant lankstaus 5 mm storio gumos pagrindo, su apsi\u016btais kra\u0161tais ir personalizavimo galimybe. Puikiai tinka dovanai arba biurui \u2013 jau nuo 1 vieneto!\" \/>\n<meta property=\"og:url\" content=\"https:\/\/mousepad24.eu\/lt\/produkt\/subs-00-pl\/\" \/>\n<meta property=\"og:site_name\" content=\"MousePad24.eu\" \/>\n<meta property=\"article:publisher\" content=\"https:\/\/www.facebook.com\/mousepad24\/\" \/>\n<meta property=\"article:modified_time\" content=\"2026-01-27T13:23:43+00:00\" \/>\n<meta property=\"og:image\" content=\"https:\/\/mousepad24.eu\/wp-content\/uploads\/2023\/04\/SUBS_00_blank-kopia.webp\" \/>\n\t<meta property=\"og:image:width\" content=\"2501\" \/>\n\t<meta property=\"og:image:height\" content=\"2501\" \/>\n\t<meta property=\"og:image:type\" content=\"image\/webp\" \/>\n<meta name=\"twitter:card\" content=\"summary_large_image\" \/>\n<script type=\"application\/ld+json\" class=\"yoast-schema-graph\">{\"@context\":\"https:\\\/\\\/schema.org\",\"@graph\":[{\"@type\":\"WebPage\",\"@id\":\"https:\\\/\\\/mousepad24.eu\\\/lt\\\/produkt\\\/subs-00-pl\\\/\",\"url\":\"https:\\\/\\\/mousepad24.eu\\\/lt\\\/produkt\\\/subs-00-pl\\\/\",\"name\":\"Pel\u0117s kilim\u0117lis su apvadu \\\/SUBS (00)\\\/ - MousePad24.eu\",\"isPartOf\":{\"@id\":\"https:\\\/\\\/mousepad24.eu\\\/#website\"},\"primaryImageOfPage\":{\"@id\":\"https:\\\/\\\/mousepad24.eu\\\/lt\\\/produkt\\\/subs-00-pl\\\/#primaryimage\"},\"image\":{\"@id\":\"https:\\\/\\\/mousepad24.eu\\\/lt\\\/produkt\\\/subs-00-pl\\\/#primaryimage\"},\"thumbnailUrl\":\"https:\\\/\\\/mousepad24.eu\\\/wp-content\\\/uploads\\\/2023\\\/04\\\/SUBS_00_blank-kopia.webp\",\"datePublished\":\"2023-04-25T16:24:35+00:00\",\"dateModified\":\"2026-01-27T13:23:43+00:00\",\"description\":\"Auk\u0161tos kokyb\u0117s poliesterio pel\u0117s kilim\u0117lis ant lankstaus 5 mm storio gumos pagrindo, su apsi\u016btais kra\u0161tais ir personalizavimo galimybe. Puikiai tinka dovanai arba biurui \u2013 jau nuo 1 vieneto!\",\"breadcrumb\":{\"@id\":\"https:\\\/\\\/mousepad24.eu\\\/lt\\\/produkt\\\/subs-00-pl\\\/#breadcrumb\"},\"inLanguage\":\"lt-LT\",\"potentialAction\":[{\"@type\":\"ReadAction\",\"target\":[\"https:\\\/\\\/mousepad24.eu\\\/lt\\\/produkt\\\/subs-00-pl\\\/\"]}]},{\"@type\":\"ImageObject\",\"inLanguage\":\"lt-LT\",\"@id\":\"https:\\\/\\\/mousepad24.eu\\\/lt\\\/produkt\\\/subs-00-pl\\\/#primaryimage\",\"url\":\"https:\\\/\\\/mousepad24.eu\\\/wp-content\\\/uploads\\\/2023\\\/04\\\/SUBS_00_blank-kopia.webp\",\"contentUrl\":\"https:\\\/\\\/mousepad24.eu\\\/wp-content\\\/uploads\\\/2023\\\/04\\\/SUBS_00_blank-kopia.webp\",\"width\":2501,\"height\":2501},{\"@type\":\"BreadcrumbList\",\"@id\":\"https:\\\/\\\/mousepad24.eu\\\/lt\\\/produkt\\\/subs-00-pl\\\/#breadcrumb\",\"itemListElement\":[{\"@type\":\"ListItem\",\"position\":1,\"name\":\"Pagrindinis puslapis\",\"item\":\"https:\\\/\\\/mousepad24.eu\\\/lt\\\/\"},{\"@type\":\"ListItem\",\"position\":2,\"name\":\"Parduotuv\u0117\",\"item\":\"https:\\\/\\\/mousepad24.eu\\\/lt\\\/\"},{\"@type\":\"ListItem\",\"position\":3,\"name\":\"Pel\u0117s kilim\u0117lis su apvadu \\\/SUBS (00)\\\/\"}]},{\"@type\":\"WebSite\",\"@id\":\"https:\\\/\\\/mousepad24.eu\\\/#website\",\"url\":\"https:\\\/\\\/mousepad24.eu\\\/\",\"name\":\"MousePad24.eu\",\"description\":\"Personalizowane podk\u0142adki pod mysz\",\"publisher\":{\"@id\":\"https:\\\/\\\/mousepad24.eu\\\/#organization\"},\"potentialAction\":[{\"@type\":\"SearchAction\",\"target\":{\"@type\":\"EntryPoint\",\"urlTemplate\":\"https:\\\/\\\/mousepad24.eu\\\/?s={search_term_string}\"},\"query-input\":{\"@type\":\"PropertyValueSpecification\",\"valueRequired\":true,\"valueName\":\"search_term_string\"}}],\"inLanguage\":\"lt-LT\"},{\"@type\":\"Organization\",\"@id\":\"https:\\\/\\\/mousepad24.eu\\\/#organization\",\"name\":\"MousePad24.eu\",\"url\":\"https:\\\/\\\/mousepad24.eu\\\/\",\"logo\":{\"@type\":\"ImageObject\",\"inLanguage\":\"lt-LT\",\"@id\":\"https:\\\/\\\/mousepad24.eu\\\/#\\\/schema\\\/logo\\\/image\\\/\",\"url\":\"https:\\\/\\\/mousepad24.eu\\\/wp-content\\\/uploads\\\/2022\\\/12\\\/MOUSEPAD24_logo_curv_OK-1.png\",\"contentUrl\":\"https:\\\/\\\/mousepad24.eu\\\/wp-content\\\/uploads\\\/2022\\\/12\\\/MOUSEPAD24_logo_curv_OK-1.png\",\"width\":1024,\"height\":75,\"caption\":\"MousePad24.eu\"},\"image\":{\"@id\":\"https:\\\/\\\/mousepad24.eu\\\/#\\\/schema\\\/logo\\\/image\\\/\"},\"sameAs\":[\"https:\\\/\\\/www.facebook.com\\\/mousepad24\\\/\",\"https:\\\/\\\/www.instagram.com\\\/mousepad24.eu\\\/\",\"https:\\\/\\\/www.linkedin.com\\\/company\\\/podkladki24-mousepad24\\\/\"]}]}<\/script>\n<!-- \/ Yoast SEO plugin. -->","yoast_head_json":{"title":"Pel\u0117s kilim\u0117lis su apvadu \/SUBS (00)\/ - MousePad24.eu","description":"Auk\u0161tos kokyb\u0117s poliesterio pel\u0117s kilim\u0117lis ant lankstaus 5 mm storio gumos pagrindo, su apsi\u016btais kra\u0161tais ir personalizavimo galimybe. Puikiai tinka dovanai arba biurui \u2013 jau nuo 1 vieneto!","robots":{"index":"index","follow":"follow","max-snippet":"max-snippet:-1","max-image-preview":"max-image-preview:large","max-video-preview":"max-video-preview:-1"},"og_locale":"lt_LT","og_type":"article","og_title":"Pel\u0117s kilim\u0117lis su apvadu \/SUBS (00)\/ - MousePad24.eu","og_description":"Auk\u0161tos kokyb\u0117s poliesterio pel\u0117s kilim\u0117lis ant lankstaus 5 mm storio gumos pagrindo, su apsi\u016btais kra\u0161tais ir personalizavimo galimybe. Puikiai tinka dovanai arba biurui \u2013 jau nuo 1 vieneto!","og_url":"https:\/\/mousepad24.eu\/lt\/produkt\/subs-00-pl\/","og_site_name":"MousePad24.eu","article_publisher":"https:\/\/www.facebook.com\/mousepad24\/","article_modified_time":"2026-01-27T13:23:43+00:00","og_image":[{"width":2501,"height":2501,"url":"https:\/\/mousepad24.eu\/wp-content\/uploads\/2023\/04\/SUBS_00_blank-kopia.webp","type":"image\/webp"}],"twitter_card":"summary_large_image","schema":{"@context":"https:\/\/schema.org","@graph":[{"@type":"WebPage","@id":"https:\/\/mousepad24.eu\/lt\/produkt\/subs-00-pl\/","url":"https:\/\/mousepad24.eu\/lt\/produkt\/subs-00-pl\/","name":"Pel\u0117s kilim\u0117lis su apvadu \/SUBS (00)\/ - MousePad24.eu","isPartOf":{"@id":"https:\/\/mousepad24.eu\/#website"},"primaryImageOfPage":{"@id":"https:\/\/mousepad24.eu\/lt\/produkt\/subs-00-pl\/#primaryimage"},"image":{"@id":"https:\/\/mousepad24.eu\/lt\/produkt\/subs-00-pl\/#primaryimage"},"thumbnailUrl":"https:\/\/mousepad24.eu\/wp-content\/uploads\/2023\/04\/SUBS_00_blank-kopia.webp","datePublished":"2023-04-25T16:24:35+00:00","dateModified":"2026-01-27T13:23:43+00:00","description":"Auk\u0161tos kokyb\u0117s poliesterio pel\u0117s kilim\u0117lis ant lankstaus 5 mm storio gumos pagrindo, su apsi\u016btais kra\u0161tais ir personalizavimo galimybe. Puikiai tinka dovanai arba biurui \u2013 jau nuo 1 vieneto!","breadcrumb":{"@id":"https:\/\/mousepad24.eu\/lt\/produkt\/subs-00-pl\/#breadcrumb"},"inLanguage":"lt-LT","potentialAction":[{"@type":"ReadAction","target":["https:\/\/mousepad24.eu\/lt\/produkt\/subs-00-pl\/"]}]},{"@type":"ImageObject","inLanguage":"lt-LT","@id":"https:\/\/mousepad24.eu\/lt\/produkt\/subs-00-pl\/#primaryimage","url":"https:\/\/mousepad24.eu\/wp-content\/uploads\/2023\/04\/SUBS_00_blank-kopia.webp","contentUrl":"https:\/\/mousepad24.eu\/wp-content\/uploads\/2023\/04\/SUBS_00_blank-kopia.webp","width":2501,"height":2501},{"@type":"BreadcrumbList","@id":"https:\/\/mousepad24.eu\/lt\/produkt\/subs-00-pl\/#breadcrumb","itemListElement":[{"@type":"ListItem","position":1,"name":"Pagrindinis puslapis","item":"https:\/\/mousepad24.eu\/lt\/"},{"@type":"ListItem","position":2,"name":"Parduotuv\u0117","item":"https:\/\/mousepad24.eu\/lt\/"},{"@type":"ListItem","position":3,"name":"Pel\u0117s kilim\u0117lis su apvadu \/SUBS (00)\/"}]},{"@type":"WebSite","@id":"https:\/\/mousepad24.eu\/#website","url":"https:\/\/mousepad24.eu\/","name":"MousePad24.eu","description":"Personalizowane podk\u0142adki pod mysz","publisher":{"@id":"https:\/\/mousepad24.eu\/#organization"},"potentialAction":[{"@type":"SearchAction","target":{"@type":"EntryPoint","urlTemplate":"https:\/\/mousepad24.eu\/?s={search_term_string}"},"query-input":{"@type":"PropertyValueSpecification","valueRequired":true,"valueName":"search_term_string"}}],"inLanguage":"lt-LT"},{"@type":"Organization","@id":"https:\/\/mousepad24.eu\/#organization","name":"MousePad24.eu","url":"https:\/\/mousepad24.eu\/","logo":{"@type":"ImageObject","inLanguage":"lt-LT","@id":"https:\/\/mousepad24.eu\/#\/schema\/logo\/image\/","url":"https:\/\/mousepad24.eu\/wp-content\/uploads\/2022\/12\/MOUSEPAD24_logo_curv_OK-1.png","contentUrl":"https:\/\/mousepad24.eu\/wp-content\/uploads\/2022\/12\/MOUSEPAD24_logo_curv_OK-1.png","width":1024,"height":75,"caption":"MousePad24.eu"},"image":{"@id":"https:\/\/mousepad24.eu\/#\/schema\/logo\/image\/"},"sameAs":["https:\/\/www.facebook.com\/mousepad24\/","https:\/\/www.instagram.com\/mousepad24.eu\/","https:\/\/www.linkedin.com\/company\/podkladki24-mousepad24\/"]}]}},"_links":{"self":[{"href":"https:\/\/mousepad24.eu\/lt\/wp-json\/wp\/v2\/product\/52345","targetHints":{"allow":["GET"]}}],"collection":[{"href":"https:\/\/mousepad24.eu\/lt\/wp-json\/wp\/v2\/product"}],"about":[{"href":"https:\/\/mousepad24.eu\/lt\/wp-json\/wp\/v2\/types\/product"}],"wp:featuredmedia":[{"embeddable":true,"href":"https:\/\/mousepad24.eu\/lt\/wp-json\/wp\/v2\/media\/62149"}],"wp:attachment":[{"href":"https:\/\/mousepad24.eu\/lt\/wp-json\/wp\/v2\/media?parent=52345"}],"wp:term":[{"taxonomy":"product_brand","embeddable":true,"href":"https:\/\/mousepad24.eu\/lt\/wp-json\/wp\/v2\/product_brand?post=52345"},{"taxonomy":"product_cat","embeddable":true,"href":"https:\/\/mousepad24.eu\/lt\/wp-json\/wp\/v2\/product_cat?post=52345"},{"taxonomy":"product_tag","embeddable":true,"href":"https:\/\/mousepad24.eu\/lt\/wp-json\/wp\/v2\/product_tag?post=52345"}],"curies":[{"name":"wp","href":"https:\/\/api.w.org\/{rel}","templated":true}]}}