{"id":52357,"date":"2023-04-18T12:22:46","date_gmt":"2023-04-18T10:22:46","guid":{"rendered":"https:\/\/jnpnki27nc.onrocket.site\/produkt\/suvirintas-trisluoksnis-padeklas-p3l\/"},"modified":"2025-09-30T10:28:49","modified_gmt":"2025-09-30T08:28:49","slug":"p3l-lt","status":"publish","type":"product","link":"https:\/\/mousepad24.eu\/lt\/produkt\/p3l-lt\/","title":{"rendered":"Suvirintas trisluoksnis pad\u0117klas (P3L)"},"content":{"rendered":"","protected":false},"excerpt":{"rendered":"<p>Pel\u0117s kilim\u0117liai, sudaryti i\u0161 trij\u0173 sluoksni\u0173: neslystan\u010dios apatin\u0117s dalies, spausdinto vidurinio sluoksnio ir i\u0161orin\u0117s PVC pl\u0117vel\u0117s, tinkamos vis\u0173 tip\u0173 kompiuterin\u0117ms pel\u0117ms. Vidaus spaudiniai gaminami naudojant ofsetin\u0119 technologij\u0105, kurios auk\u0161ta kokyb\u0117 leid\u017eia kurti net labai detalius dizainus ir puikiai perteikti spalvas. Papildomas \u0161io gaminio privalumas yra tas, kad j\u012f lengva pri\u017ei\u016br\u0117ti. Kilim\u0117lis atsparus purvui ir galimam s\u0105ly\u010diui su i\u0161siliejusiu skys\u010diu, kur\u012f, kaip ir kitus ne\u0161varumus, galima lengvai nuvalyti.   <\/p>\n","protected":false},"featured_media":53745,"template":"","meta":[],"product_brand":[],"product_cat":[773],"product_tag":[1625,1627,1629,1624,1626,1628,1454],"class_list":{"0":"post-52357","1":"product","2":"type-product","3":"status-publish","4":"has-post-thumbnail","6":"product_cat-pvc-peliu-kilimeliai","7":"product_tag-aukstos-kokybes-peles-kilimeliai","8":"product_tag-geriausias-peles-kilimelis","9":"product_tag-peles-kilimeliai-su-reklaminiu-spaudinimu","10":"product_tag-peles-kilimelis-su-reklaminiu-spaudinimu","11":"product_tag-profesionalus-peles-kilimelis","12":"product_tag-reklaminiai-gaminiai","13":"product_tag-spalvotas-kilimelis","14":"fpd-variation-needed","16":"first","17":"instock","18":"taxable","19":"shipping-taxable","20":"purchasable","21":"product-type-variable"},"yoast_head":"<!-- This site is optimized with the Yoast SEO plugin v27.3 - https:\/\/yoast.com\/product\/yoast-seo-wordpress\/ -->\n<title>Suvirintas trisluoksnis pad\u0117klas (P3L) - MousePad24.eu<\/title>\n<meta name=\"robots\" content=\"index, follow, max-snippet:-1, max-image-preview:large, max-video-preview:-1\" \/>\n<meta property=\"og:locale\" content=\"lt_LT\" \/>\n<meta property=\"og:type\" content=\"article\" \/>\n<meta property=\"og:title\" content=\"Suvirintas trisluoksnis pad\u0117klas (P3L) - MousePad24.eu\" \/>\n<meta property=\"og:description\" content=\"Pel\u0117s kilim\u0117liai, sudaryti i\u0161 trij\u0173 sluoksni\u0173: neslystan\u010dios apatin\u0117s dalies, spausdinto vidurinio sluoksnio ir i\u0161orin\u0117s PVC pl\u0117vel\u0117s, tinkamos vis\u0173 tip\u0173 kompiuterin\u0117ms pel\u0117ms. Vidaus spaudiniai gaminami naudojant ofsetin\u0119 technologij\u0105, kurios auk\u0161ta kokyb\u0117 leid\u017eia kurti net labai detalius dizainus ir puikiai perteikti spalvas. Papildomas \u0161io gaminio privalumas yra tas, kad j\u012f lengva pri\u017ei\u016br\u0117ti. Kilim\u0117lis atsparus purvui ir galimam s\u0105ly\u010diui su i\u0161siliejusiu skys\u010diu, kur\u012f, kaip ir kitus ne\u0161varumus, galima lengvai nuvalyti.\" \/>\n<meta property=\"og:url\" content=\"https:\/\/mousepad24.eu\/lt\/produkt\/p3l-lt\/\" \/>\n<meta property=\"og:site_name\" content=\"MousePad24.eu\" \/>\n<meta property=\"article:publisher\" content=\"https:\/\/www.facebook.com\/mousepad24\/\" \/>\n<meta property=\"article:modified_time\" content=\"2025-09-30T08:28:49+00:00\" \/>\n<meta property=\"og:image\" content=\"https:\/\/mousepad24.eu\/wp-content\/uploads\/2023\/04\/P3_L_blanc.webp\" \/>\n\t<meta property=\"og:image:width\" content=\"2560\" \/>\n\t<meta property=\"og:image:height\" content=\"2560\" \/>\n\t<meta property=\"og:image:type\" content=\"image\/webp\" \/>\n<meta name=\"twitter:card\" content=\"summary_large_image\" \/>\n<script type=\"application\/ld+json\" class=\"yoast-schema-graph\">{\"@context\":\"https:\\\/\\\/schema.org\",\"@graph\":[{\"@type\":\"WebPage\",\"@id\":\"https:\\\/\\\/mousepad24.eu\\\/lt\\\/produkt\\\/p3l-lt\\\/\",\"url\":\"https:\\\/\\\/mousepad24.eu\\\/lt\\\/produkt\\\/p3l-lt\\\/\",\"name\":\"Suvirintas trisluoksnis pad\u0117klas (P3L) - MousePad24.eu\",\"isPartOf\":{\"@id\":\"https:\\\/\\\/mousepad24.eu\\\/#website\"},\"primaryImageOfPage\":{\"@id\":\"https:\\\/\\\/mousepad24.eu\\\/lt\\\/produkt\\\/p3l-lt\\\/#primaryimage\"},\"image\":{\"@id\":\"https:\\\/\\\/mousepad24.eu\\\/lt\\\/produkt\\\/p3l-lt\\\/#primaryimage\"},\"thumbnailUrl\":\"https:\\\/\\\/mousepad24.eu\\\/wp-content\\\/uploads\\\/2023\\\/04\\\/P3_L_blanc.webp\",\"datePublished\":\"2023-04-18T10:22:46+00:00\",\"dateModified\":\"2025-09-30T08:28:49+00:00\",\"breadcrumb\":{\"@id\":\"https:\\\/\\\/mousepad24.eu\\\/lt\\\/produkt\\\/p3l-lt\\\/#breadcrumb\"},\"inLanguage\":\"lt-LT\",\"potentialAction\":[{\"@type\":\"ReadAction\",\"target\":[\"https:\\\/\\\/mousepad24.eu\\\/lt\\\/produkt\\\/p3l-lt\\\/\"]}]},{\"@type\":\"ImageObject\",\"inLanguage\":\"lt-LT\",\"@id\":\"https:\\\/\\\/mousepad24.eu\\\/lt\\\/produkt\\\/p3l-lt\\\/#primaryimage\",\"url\":\"https:\\\/\\\/mousepad24.eu\\\/wp-content\\\/uploads\\\/2023\\\/04\\\/P3_L_blanc.webp\",\"contentUrl\":\"https:\\\/\\\/mousepad24.eu\\\/wp-content\\\/uploads\\\/2023\\\/04\\\/P3_L_blanc.webp\",\"width\":2560,\"height\":2560},{\"@type\":\"BreadcrumbList\",\"@id\":\"https:\\\/\\\/mousepad24.eu\\\/lt\\\/produkt\\\/p3l-lt\\\/#breadcrumb\",\"itemListElement\":[{\"@type\":\"ListItem\",\"position\":1,\"name\":\"Pagrindinis puslapis\",\"item\":\"https:\\\/\\\/mousepad24.eu\\\/lt\\\/\"},{\"@type\":\"ListItem\",\"position\":2,\"name\":\"Parduotuv\u0117\",\"item\":\"https:\\\/\\\/mousepad24.eu\\\/lt\\\/\"},{\"@type\":\"ListItem\",\"position\":3,\"name\":\"Suvirintas trisluoksnis pad\u0117klas (P3L)\"}]},{\"@type\":\"WebSite\",\"@id\":\"https:\\\/\\\/mousepad24.eu\\\/#website\",\"url\":\"https:\\\/\\\/mousepad24.eu\\\/\",\"name\":\"MousePad24.eu\",\"description\":\"Personalizowane podk\u0142adki pod mysz\",\"publisher\":{\"@id\":\"https:\\\/\\\/mousepad24.eu\\\/#organization\"},\"potentialAction\":[{\"@type\":\"SearchAction\",\"target\":{\"@type\":\"EntryPoint\",\"urlTemplate\":\"https:\\\/\\\/mousepad24.eu\\\/?s={search_term_string}\"},\"query-input\":{\"@type\":\"PropertyValueSpecification\",\"valueRequired\":true,\"valueName\":\"search_term_string\"}}],\"inLanguage\":\"lt-LT\"},{\"@type\":\"Organization\",\"@id\":\"https:\\\/\\\/mousepad24.eu\\\/#organization\",\"name\":\"MousePad24.eu\",\"url\":\"https:\\\/\\\/mousepad24.eu\\\/\",\"logo\":{\"@type\":\"ImageObject\",\"inLanguage\":\"lt-LT\",\"@id\":\"https:\\\/\\\/mousepad24.eu\\\/#\\\/schema\\\/logo\\\/image\\\/\",\"url\":\"https:\\\/\\\/mousepad24.eu\\\/wp-content\\\/uploads\\\/2022\\\/12\\\/MOUSEPAD24_logo_curv_OK-1.png\",\"contentUrl\":\"https:\\\/\\\/mousepad24.eu\\\/wp-content\\\/uploads\\\/2022\\\/12\\\/MOUSEPAD24_logo_curv_OK-1.png\",\"width\":1024,\"height\":75,\"caption\":\"MousePad24.eu\"},\"image\":{\"@id\":\"https:\\\/\\\/mousepad24.eu\\\/#\\\/schema\\\/logo\\\/image\\\/\"},\"sameAs\":[\"https:\\\/\\\/www.facebook.com\\\/mousepad24\\\/\",\"https:\\\/\\\/www.instagram.com\\\/mousepad24.eu\\\/\",\"https:\\\/\\\/www.linkedin.com\\\/company\\\/podkladki24-mousepad24\\\/\"]}]}<\/script>\n<!-- \/ Yoast SEO plugin. -->","yoast_head_json":{"title":"Suvirintas trisluoksnis pad\u0117klas (P3L) - MousePad24.eu","robots":{"index":"index","follow":"follow","max-snippet":"max-snippet:-1","max-image-preview":"max-image-preview:large","max-video-preview":"max-video-preview:-1"},"og_locale":"lt_LT","og_type":"article","og_title":"Suvirintas trisluoksnis pad\u0117klas (P3L) - MousePad24.eu","og_description":"Pel\u0117s kilim\u0117liai, sudaryti i\u0161 trij\u0173 sluoksni\u0173: neslystan\u010dios apatin\u0117s dalies, spausdinto vidurinio sluoksnio ir i\u0161orin\u0117s PVC pl\u0117vel\u0117s, tinkamos vis\u0173 tip\u0173 kompiuterin\u0117ms pel\u0117ms. Vidaus spaudiniai gaminami naudojant ofsetin\u0119 technologij\u0105, kurios auk\u0161ta kokyb\u0117 leid\u017eia kurti net labai detalius dizainus ir puikiai perteikti spalvas. Papildomas \u0161io gaminio privalumas yra tas, kad j\u012f lengva pri\u017ei\u016br\u0117ti. Kilim\u0117lis atsparus purvui ir galimam s\u0105ly\u010diui su i\u0161siliejusiu skys\u010diu, kur\u012f, kaip ir kitus ne\u0161varumus, galima lengvai nuvalyti.","og_url":"https:\/\/mousepad24.eu\/lt\/produkt\/p3l-lt\/","og_site_name":"MousePad24.eu","article_publisher":"https:\/\/www.facebook.com\/mousepad24\/","article_modified_time":"2025-09-30T08:28:49+00:00","og_image":[{"width":2560,"height":2560,"url":"https:\/\/mousepad24.eu\/wp-content\/uploads\/2023\/04\/P3_L_blanc.webp","type":"image\/webp"}],"twitter_card":"summary_large_image","schema":{"@context":"https:\/\/schema.org","@graph":[{"@type":"WebPage","@id":"https:\/\/mousepad24.eu\/lt\/produkt\/p3l-lt\/","url":"https:\/\/mousepad24.eu\/lt\/produkt\/p3l-lt\/","name":"Suvirintas trisluoksnis pad\u0117klas (P3L) - MousePad24.eu","isPartOf":{"@id":"https:\/\/mousepad24.eu\/#website"},"primaryImageOfPage":{"@id":"https:\/\/mousepad24.eu\/lt\/produkt\/p3l-lt\/#primaryimage"},"image":{"@id":"https:\/\/mousepad24.eu\/lt\/produkt\/p3l-lt\/#primaryimage"},"thumbnailUrl":"https:\/\/mousepad24.eu\/wp-content\/uploads\/2023\/04\/P3_L_blanc.webp","datePublished":"2023-04-18T10:22:46+00:00","dateModified":"2025-09-30T08:28:49+00:00","breadcrumb":{"@id":"https:\/\/mousepad24.eu\/lt\/produkt\/p3l-lt\/#breadcrumb"},"inLanguage":"lt-LT","potentialAction":[{"@type":"ReadAction","target":["https:\/\/mousepad24.eu\/lt\/produkt\/p3l-lt\/"]}]},{"@type":"ImageObject","inLanguage":"lt-LT","@id":"https:\/\/mousepad24.eu\/lt\/produkt\/p3l-lt\/#primaryimage","url":"https:\/\/mousepad24.eu\/wp-content\/uploads\/2023\/04\/P3_L_blanc.webp","contentUrl":"https:\/\/mousepad24.eu\/wp-content\/uploads\/2023\/04\/P3_L_blanc.webp","width":2560,"height":2560},{"@type":"BreadcrumbList","@id":"https:\/\/mousepad24.eu\/lt\/produkt\/p3l-lt\/#breadcrumb","itemListElement":[{"@type":"ListItem","position":1,"name":"Pagrindinis puslapis","item":"https:\/\/mousepad24.eu\/lt\/"},{"@type":"ListItem","position":2,"name":"Parduotuv\u0117","item":"https:\/\/mousepad24.eu\/lt\/"},{"@type":"ListItem","position":3,"name":"Suvirintas trisluoksnis pad\u0117klas (P3L)"}]},{"@type":"WebSite","@id":"https:\/\/mousepad24.eu\/#website","url":"https:\/\/mousepad24.eu\/","name":"MousePad24.eu","description":"Personalizowane podk\u0142adki pod mysz","publisher":{"@id":"https:\/\/mousepad24.eu\/#organization"},"potentialAction":[{"@type":"SearchAction","target":{"@type":"EntryPoint","urlTemplate":"https:\/\/mousepad24.eu\/?s={search_term_string}"},"query-input":{"@type":"PropertyValueSpecification","valueRequired":true,"valueName":"search_term_string"}}],"inLanguage":"lt-LT"},{"@type":"Organization","@id":"https:\/\/mousepad24.eu\/#organization","name":"MousePad24.eu","url":"https:\/\/mousepad24.eu\/","logo":{"@type":"ImageObject","inLanguage":"lt-LT","@id":"https:\/\/mousepad24.eu\/#\/schema\/logo\/image\/","url":"https:\/\/mousepad24.eu\/wp-content\/uploads\/2022\/12\/MOUSEPAD24_logo_curv_OK-1.png","contentUrl":"https:\/\/mousepad24.eu\/wp-content\/uploads\/2022\/12\/MOUSEPAD24_logo_curv_OK-1.png","width":1024,"height":75,"caption":"MousePad24.eu"},"image":{"@id":"https:\/\/mousepad24.eu\/#\/schema\/logo\/image\/"},"sameAs":["https:\/\/www.facebook.com\/mousepad24\/","https:\/\/www.instagram.com\/mousepad24.eu\/","https:\/\/www.linkedin.com\/company\/podkladki24-mousepad24\/"]}]}},"_links":{"self":[{"href":"https:\/\/mousepad24.eu\/lt\/wp-json\/wp\/v2\/product\/52357","targetHints":{"allow":["GET"]}}],"collection":[{"href":"https:\/\/mousepad24.eu\/lt\/wp-json\/wp\/v2\/product"}],"about":[{"href":"https:\/\/mousepad24.eu\/lt\/wp-json\/wp\/v2\/types\/product"}],"wp:featuredmedia":[{"embeddable":true,"href":"https:\/\/mousepad24.eu\/lt\/wp-json\/wp\/v2\/media\/53745"}],"wp:attachment":[{"href":"https:\/\/mousepad24.eu\/lt\/wp-json\/wp\/v2\/media?parent=52357"}],"wp:term":[{"taxonomy":"product_brand","embeddable":true,"href":"https:\/\/mousepad24.eu\/lt\/wp-json\/wp\/v2\/product_brand?post=52357"},{"taxonomy":"product_cat","embeddable":true,"href":"https:\/\/mousepad24.eu\/lt\/wp-json\/wp\/v2\/product_cat?post=52357"},{"taxonomy":"product_tag","embeddable":true,"href":"https:\/\/mousepad24.eu\/lt\/wp-json\/wp\/v2\/product_tag?post=52357"}],"curies":[{"name":"wp","href":"https:\/\/api.w.org\/{rel}","templated":true}]}}