{"id":52397,"date":"2023-04-25T19:24:07","date_gmt":"2023-04-25T17:24:07","guid":{"rendered":"https:\/\/jnpnki27nc.onrocket.site\/produkt\/dovanu-rinkiniai-su-peles-kilimeliu-gs_a-04\/"},"modified":"2026-03-24T14:55:33","modified_gmt":"2026-03-24T13:55:33","slug":"gs-a-04-pl","status":"publish","type":"product","link":"https:\/\/mousepad24.eu\/lt\/produkt\/gs-a-04-pl\/","title":{"rendered":"Dovan\u0173 rinkiniai su pel\u0117s kilim\u0117liu \/GS_a (04)\/"},"content":{"rendered":"","protected":false},"excerpt":{"rendered":"<p>Eleganti\u0161ki dovan\u0173 rinkiniai, susidedantys i\u0161 ergonomin\u0117s pel\u0117s kilim\u0117lio, kompiuterin\u0117s pel\u0117s ir i\u0161orin\u0117s baterijos.<\/p>\n","protected":false},"featured_media":53724,"template":"","meta":[],"product_brand":[],"product_cat":[771],"product_tag":[1684,1683,1690,1694,1688,1687,1243,1692,1682,1691,1693,869,870,1686,1342,1445,1685,1689],"class_list":{"0":"post-52397","1":"product","2":"type-product","3":"status-publish","4":"has-post-thumbnail","6":"product_cat-dovanu-rinkinys-su-peles-kilimu","7":"product_tag-biuro-kilimelis","8":"product_tag-biuro-reikmenys","9":"product_tag-biurui","10":"product_tag-darbui-prie-kompiuterio","11":"product_tag-firminis-kilimelis","12":"product_tag-kilimelis-su-jusu-spauda","13":"product_tag-kompiuteriniai-priedai","14":"product_tag-kompiuteriniams-zaidimams","15":"product_tag-kompiuterio-kilimelis","16":"product_tag-namu-biuras","17":"product_tag-nesiojamam-kompiuteriui","18":"product_tag-peles-kilimelis","19":"product_tag-peles-kilimelis-su-spauda","20":"product_tag-personalizuotas-peles-kilimelis","21":"product_tag-reklaminis-kilimelis","22":"product_tag-reklaminis-suvenyras","23":"product_tag-sublimacinis-kilimelis-2","24":"product_tag-zaidejams","25":"fpd-variation-needed","27":"first","28":"instock","29":"taxable","30":"shipping-taxable","31":"purchasable","32":"product-type-variable"},"yoast_head":"<!-- This site is optimized with the Yoast SEO plugin v27.3 - https:\/\/yoast.com\/product\/yoast-seo-wordpress\/ -->\n<title>Dovan\u0173 rinkiniai su pel\u0117s kilim\u0117liu \/GS_a (04)\/ - MousePad24.eu<\/title>\n<meta name=\"robots\" content=\"index, follow, max-snippet:-1, max-image-preview:large, max-video-preview:-1\" \/>\n<meta property=\"og:locale\" content=\"lt_LT\" \/>\n<meta property=\"og:type\" content=\"article\" \/>\n<meta property=\"og:title\" content=\"Dovan\u0173 rinkiniai su pel\u0117s kilim\u0117liu \/GS_a (04)\/ - MousePad24.eu\" \/>\n<meta property=\"og:description\" content=\"Eleganti\u0161ki dovan\u0173 rinkiniai, susidedantys i\u0161 ergonomin\u0117s pel\u0117s kilim\u0117lio, kompiuterin\u0117s pel\u0117s ir i\u0161orin\u0117s baterijos.\" \/>\n<meta property=\"og:url\" content=\"https:\/\/mousepad24.eu\/lt\/produkt\/gs-a-04-pl\/\" \/>\n<meta property=\"og:site_name\" content=\"MousePad24.eu\" \/>\n<meta property=\"article:publisher\" content=\"https:\/\/www.facebook.com\/mousepad24\/\" \/>\n<meta property=\"article:modified_time\" content=\"2026-03-24T13:55:33+00:00\" \/>\n<meta property=\"og:image\" content=\"https:\/\/mousepad24.eu\/wp-content\/uploads\/2023\/04\/gs-08.webp\" \/>\n\t<meta property=\"og:image:width\" content=\"2502\" \/>\n\t<meta property=\"og:image:height\" content=\"2502\" \/>\n\t<meta property=\"og:image:type\" content=\"image\/webp\" \/>\n<meta name=\"twitter:card\" content=\"summary_large_image\" \/>\n<script type=\"application\/ld+json\" class=\"yoast-schema-graph\">{\"@context\":\"https:\\\/\\\/schema.org\",\"@graph\":[{\"@type\":\"WebPage\",\"@id\":\"https:\\\/\\\/mousepad24.eu\\\/lt\\\/produkt\\\/gs-a-04-pl\\\/\",\"url\":\"https:\\\/\\\/mousepad24.eu\\\/lt\\\/produkt\\\/gs-a-04-pl\\\/\",\"name\":\"Dovan\u0173 rinkiniai su pel\u0117s kilim\u0117liu \\\/GS_a (04)\\\/ - MousePad24.eu\",\"isPartOf\":{\"@id\":\"https:\\\/\\\/mousepad24.eu\\\/#website\"},\"primaryImageOfPage\":{\"@id\":\"https:\\\/\\\/mousepad24.eu\\\/lt\\\/produkt\\\/gs-a-04-pl\\\/#primaryimage\"},\"image\":{\"@id\":\"https:\\\/\\\/mousepad24.eu\\\/lt\\\/produkt\\\/gs-a-04-pl\\\/#primaryimage\"},\"thumbnailUrl\":\"https:\\\/\\\/mousepad24.eu\\\/wp-content\\\/uploads\\\/2023\\\/04\\\/gs-08.webp\",\"datePublished\":\"2023-04-25T17:24:07+00:00\",\"dateModified\":\"2026-03-24T13:55:33+00:00\",\"breadcrumb\":{\"@id\":\"https:\\\/\\\/mousepad24.eu\\\/lt\\\/produkt\\\/gs-a-04-pl\\\/#breadcrumb\"},\"inLanguage\":\"lt-LT\",\"potentialAction\":[{\"@type\":\"ReadAction\",\"target\":[\"https:\\\/\\\/mousepad24.eu\\\/lt\\\/produkt\\\/gs-a-04-pl\\\/\"]}]},{\"@type\":\"ImageObject\",\"inLanguage\":\"lt-LT\",\"@id\":\"https:\\\/\\\/mousepad24.eu\\\/lt\\\/produkt\\\/gs-a-04-pl\\\/#primaryimage\",\"url\":\"https:\\\/\\\/mousepad24.eu\\\/wp-content\\\/uploads\\\/2023\\\/04\\\/gs-08.webp\",\"contentUrl\":\"https:\\\/\\\/mousepad24.eu\\\/wp-content\\\/uploads\\\/2023\\\/04\\\/gs-08.webp\",\"width\":2502,\"height\":2502},{\"@type\":\"BreadcrumbList\",\"@id\":\"https:\\\/\\\/mousepad24.eu\\\/lt\\\/produkt\\\/gs-a-04-pl\\\/#breadcrumb\",\"itemListElement\":[{\"@type\":\"ListItem\",\"position\":1,\"name\":\"Pagrindinis puslapis\",\"item\":\"https:\\\/\\\/mousepad24.eu\\\/lt\\\/\"},{\"@type\":\"ListItem\",\"position\":2,\"name\":\"Parduotuv\u0117\",\"item\":\"https:\\\/\\\/mousepad24.eu\\\/lt\\\/\"},{\"@type\":\"ListItem\",\"position\":3,\"name\":\"Dovan\u0173 rinkiniai su pel\u0117s kilim\u0117liu \\\/GS_a (04)\\\/\"}]},{\"@type\":\"WebSite\",\"@id\":\"https:\\\/\\\/mousepad24.eu\\\/#website\",\"url\":\"https:\\\/\\\/mousepad24.eu\\\/\",\"name\":\"MousePad24.eu\",\"description\":\"Personalizowane podk\u0142adki pod mysz\",\"publisher\":{\"@id\":\"https:\\\/\\\/mousepad24.eu\\\/#organization\"},\"potentialAction\":[{\"@type\":\"SearchAction\",\"target\":{\"@type\":\"EntryPoint\",\"urlTemplate\":\"https:\\\/\\\/mousepad24.eu\\\/?s={search_term_string}\"},\"query-input\":{\"@type\":\"PropertyValueSpecification\",\"valueRequired\":true,\"valueName\":\"search_term_string\"}}],\"inLanguage\":\"lt-LT\"},{\"@type\":\"Organization\",\"@id\":\"https:\\\/\\\/mousepad24.eu\\\/#organization\",\"name\":\"MousePad24.eu\",\"url\":\"https:\\\/\\\/mousepad24.eu\\\/\",\"logo\":{\"@type\":\"ImageObject\",\"inLanguage\":\"lt-LT\",\"@id\":\"https:\\\/\\\/mousepad24.eu\\\/#\\\/schema\\\/logo\\\/image\\\/\",\"url\":\"https:\\\/\\\/mousepad24.eu\\\/wp-content\\\/uploads\\\/2022\\\/12\\\/MOUSEPAD24_logo_curv_OK-1.png\",\"contentUrl\":\"https:\\\/\\\/mousepad24.eu\\\/wp-content\\\/uploads\\\/2022\\\/12\\\/MOUSEPAD24_logo_curv_OK-1.png\",\"width\":1024,\"height\":75,\"caption\":\"MousePad24.eu\"},\"image\":{\"@id\":\"https:\\\/\\\/mousepad24.eu\\\/#\\\/schema\\\/logo\\\/image\\\/\"},\"sameAs\":[\"https:\\\/\\\/www.facebook.com\\\/mousepad24\\\/\",\"https:\\\/\\\/www.instagram.com\\\/mousepad24.eu\\\/\",\"https:\\\/\\\/www.linkedin.com\\\/company\\\/podkladki24-mousepad24\\\/\"]}]}<\/script>\n<!-- \/ Yoast SEO plugin. -->","yoast_head_json":{"title":"Dovan\u0173 rinkiniai su pel\u0117s kilim\u0117liu \/GS_a (04)\/ - MousePad24.eu","robots":{"index":"index","follow":"follow","max-snippet":"max-snippet:-1","max-image-preview":"max-image-preview:large","max-video-preview":"max-video-preview:-1"},"og_locale":"lt_LT","og_type":"article","og_title":"Dovan\u0173 rinkiniai su pel\u0117s kilim\u0117liu \/GS_a (04)\/ - MousePad24.eu","og_description":"Eleganti\u0161ki dovan\u0173 rinkiniai, susidedantys i\u0161 ergonomin\u0117s pel\u0117s kilim\u0117lio, kompiuterin\u0117s pel\u0117s ir i\u0161orin\u0117s baterijos.","og_url":"https:\/\/mousepad24.eu\/lt\/produkt\/gs-a-04-pl\/","og_site_name":"MousePad24.eu","article_publisher":"https:\/\/www.facebook.com\/mousepad24\/","article_modified_time":"2026-03-24T13:55:33+00:00","og_image":[{"width":2502,"height":2502,"url":"https:\/\/mousepad24.eu\/wp-content\/uploads\/2023\/04\/gs-08.webp","type":"image\/webp"}],"twitter_card":"summary_large_image","schema":{"@context":"https:\/\/schema.org","@graph":[{"@type":"WebPage","@id":"https:\/\/mousepad24.eu\/lt\/produkt\/gs-a-04-pl\/","url":"https:\/\/mousepad24.eu\/lt\/produkt\/gs-a-04-pl\/","name":"Dovan\u0173 rinkiniai su pel\u0117s kilim\u0117liu \/GS_a (04)\/ - MousePad24.eu","isPartOf":{"@id":"https:\/\/mousepad24.eu\/#website"},"primaryImageOfPage":{"@id":"https:\/\/mousepad24.eu\/lt\/produkt\/gs-a-04-pl\/#primaryimage"},"image":{"@id":"https:\/\/mousepad24.eu\/lt\/produkt\/gs-a-04-pl\/#primaryimage"},"thumbnailUrl":"https:\/\/mousepad24.eu\/wp-content\/uploads\/2023\/04\/gs-08.webp","datePublished":"2023-04-25T17:24:07+00:00","dateModified":"2026-03-24T13:55:33+00:00","breadcrumb":{"@id":"https:\/\/mousepad24.eu\/lt\/produkt\/gs-a-04-pl\/#breadcrumb"},"inLanguage":"lt-LT","potentialAction":[{"@type":"ReadAction","target":["https:\/\/mousepad24.eu\/lt\/produkt\/gs-a-04-pl\/"]}]},{"@type":"ImageObject","inLanguage":"lt-LT","@id":"https:\/\/mousepad24.eu\/lt\/produkt\/gs-a-04-pl\/#primaryimage","url":"https:\/\/mousepad24.eu\/wp-content\/uploads\/2023\/04\/gs-08.webp","contentUrl":"https:\/\/mousepad24.eu\/wp-content\/uploads\/2023\/04\/gs-08.webp","width":2502,"height":2502},{"@type":"BreadcrumbList","@id":"https:\/\/mousepad24.eu\/lt\/produkt\/gs-a-04-pl\/#breadcrumb","itemListElement":[{"@type":"ListItem","position":1,"name":"Pagrindinis puslapis","item":"https:\/\/mousepad24.eu\/lt\/"},{"@type":"ListItem","position":2,"name":"Parduotuv\u0117","item":"https:\/\/mousepad24.eu\/lt\/"},{"@type":"ListItem","position":3,"name":"Dovan\u0173 rinkiniai su pel\u0117s kilim\u0117liu \/GS_a (04)\/"}]},{"@type":"WebSite","@id":"https:\/\/mousepad24.eu\/#website","url":"https:\/\/mousepad24.eu\/","name":"MousePad24.eu","description":"Personalizowane podk\u0142adki pod mysz","publisher":{"@id":"https:\/\/mousepad24.eu\/#organization"},"potentialAction":[{"@type":"SearchAction","target":{"@type":"EntryPoint","urlTemplate":"https:\/\/mousepad24.eu\/?s={search_term_string}"},"query-input":{"@type":"PropertyValueSpecification","valueRequired":true,"valueName":"search_term_string"}}],"inLanguage":"lt-LT"},{"@type":"Organization","@id":"https:\/\/mousepad24.eu\/#organization","name":"MousePad24.eu","url":"https:\/\/mousepad24.eu\/","logo":{"@type":"ImageObject","inLanguage":"lt-LT","@id":"https:\/\/mousepad24.eu\/#\/schema\/logo\/image\/","url":"https:\/\/mousepad24.eu\/wp-content\/uploads\/2022\/12\/MOUSEPAD24_logo_curv_OK-1.png","contentUrl":"https:\/\/mousepad24.eu\/wp-content\/uploads\/2022\/12\/MOUSEPAD24_logo_curv_OK-1.png","width":1024,"height":75,"caption":"MousePad24.eu"},"image":{"@id":"https:\/\/mousepad24.eu\/#\/schema\/logo\/image\/"},"sameAs":["https:\/\/www.facebook.com\/mousepad24\/","https:\/\/www.instagram.com\/mousepad24.eu\/","https:\/\/www.linkedin.com\/company\/podkladki24-mousepad24\/"]}]}},"_links":{"self":[{"href":"https:\/\/mousepad24.eu\/lt\/wp-json\/wp\/v2\/product\/52397","targetHints":{"allow":["GET"]}}],"collection":[{"href":"https:\/\/mousepad24.eu\/lt\/wp-json\/wp\/v2\/product"}],"about":[{"href":"https:\/\/mousepad24.eu\/lt\/wp-json\/wp\/v2\/types\/product"}],"wp:featuredmedia":[{"embeddable":true,"href":"https:\/\/mousepad24.eu\/lt\/wp-json\/wp\/v2\/media\/53724"}],"wp:attachment":[{"href":"https:\/\/mousepad24.eu\/lt\/wp-json\/wp\/v2\/media?parent=52397"}],"wp:term":[{"taxonomy":"product_brand","embeddable":true,"href":"https:\/\/mousepad24.eu\/lt\/wp-json\/wp\/v2\/product_brand?post=52397"},{"taxonomy":"product_cat","embeddable":true,"href":"https:\/\/mousepad24.eu\/lt\/wp-json\/wp\/v2\/product_cat?post=52397"},{"taxonomy":"product_tag","embeddable":true,"href":"https:\/\/mousepad24.eu\/lt\/wp-json\/wp\/v2\/product_tag?post=52397"}],"curies":[{"name":"wp","href":"https:\/\/api.w.org\/{rel}","templated":true}]}}