{"id":52427,"date":"2023-04-25T18:18:31","date_gmt":"2023-04-25T16:18:31","guid":{"rendered":"https:\/\/jnpnki27nc.onrocket.site\/produkt\/skaidrus-gelio-padekliukas-tmp-04\/"},"modified":"2026-03-24T12:18:35","modified_gmt":"2026-03-24T11:18:35","slug":"tmp-04-lt","status":"publish","type":"product","link":"https:\/\/mousepad24.eu\/lt\/produkt\/tmp-04-lt\/","title":{"rendered":"Skaidrus gelio pad\u0117kliukas \/TMP (04)\/"},"content":{"rendered":"","protected":false},"excerpt":{"rendered":"<div class=\"messageAndButtonWrapper\">\n<div class=\"messageWrapperText \">\n<div id=\"message-text-105269\" class=\"messageText\">I\u0161 skaidrios med\u017eiagos pagamintas pel\u0117s ir rie\u0161o kilim\u0117lis. Pavir\u0161ius lengvai valomas ir malonus liesti. Neslystantis pagrindas neleid\u017eia kilim\u0117liui slysti ant stalo. Tai auk\u0161\u010diausios kokyb\u0117s produktas, u\u017etikrinantis geriausi\u0105 rankos atram\u0105. Kilim\u0117lis turi universali\u0105 form\u0105, tinkan\u010di\u0105 tiek de\u0161iniarankiams, tiek kairiarankiams.<br \/>\nDidelis kilim\u0117lio plotas leid\u017eia atlikti pla\u010dius pel\u0117s judesius. Skirtas tiems, kurie vertina profesionali\u0105, auk\u0161\u010diausios kokyb\u0117s \u012frang\u0105 ir nori suteikti savo aplinkai modern\u0173 ar net futuristin\u012f charakter\u012f.  <\/div>\n<\/div>\n<\/div>\n","protected":false},"featured_media":53731,"template":"","meta":[],"product_brand":[],"product_cat":[769],"product_tag":[1684,1683,1690,1694,1688,1687,1243,1692,1682,1691,1693,869,870,1686,1342,1445,1685,1689],"class_list":{"0":"post-52427","1":"product","2":"type-product","3":"status-publish","4":"has-post-thumbnail","6":"product_cat-permatomo-gelio-peliu-kilimelis","7":"product_tag-biuro-kilimelis","8":"product_tag-biuro-reikmenys","9":"product_tag-biurui","10":"product_tag-darbui-prie-kompiuterio","11":"product_tag-firminis-kilimelis","12":"product_tag-kilimelis-su-jusu-spauda","13":"product_tag-kompiuteriniai-priedai","14":"product_tag-kompiuteriniams-zaidimams","15":"product_tag-kompiuterio-kilimelis","16":"product_tag-namu-biuras","17":"product_tag-nesiojamam-kompiuteriui","18":"product_tag-peles-kilimelis","19":"product_tag-peles-kilimelis-su-spauda","20":"product_tag-personalizuotas-peles-kilimelis","21":"product_tag-reklaminis-kilimelis","22":"product_tag-reklaminis-suvenyras","23":"product_tag-sublimacinis-kilimelis-2","24":"product_tag-zaidejams","25":"fpd-variation-needed","27":"first","28":"instock","29":"taxable","30":"shipping-taxable","31":"purchasable","32":"product-type-variable"},"yoast_head":"<!-- This site is optimized with the Yoast SEO plugin v27.3 - https:\/\/yoast.com\/product\/yoast-seo-wordpress\/ -->\n<title>Skaidrus gelio pad\u0117kliukas \/TMP (04)\/ - MousePad24.eu<\/title>\n<meta name=\"robots\" content=\"index, follow, max-snippet:-1, max-image-preview:large, max-video-preview:-1\" \/>\n<meta property=\"og:locale\" content=\"lt_LT\" \/>\n<meta property=\"og:type\" content=\"article\" \/>\n<meta property=\"og:title\" content=\"Skaidrus gelio pad\u0117kliukas \/TMP (04)\/ - MousePad24.eu\" \/>\n<meta property=\"og:description\" content=\"I\u0161 skaidrios med\u017eiagos pagamintas pel\u0117s ir rie\u0161o kilim\u0117lis. Pavir\u0161ius lengvai valomas ir malonus liesti. Neslystantis pagrindas neleid\u017eia kilim\u0117liui slysti ant stalo. Tai auk\u0161\u010diausios kokyb\u0117s produktas, u\u017etikrinantis geriausi\u0105 rankos atram\u0105. Kilim\u0117lis turi universali\u0105 form\u0105, tinkan\u010di\u0105 tiek de\u0161iniarankiams, tiek kairiarankiams. Didelis kilim\u0117lio plotas leid\u017eia atlikti pla\u010dius pel\u0117s judesius. Skirtas tiems, kurie vertina profesionali\u0105, auk\u0161\u010diausios kokyb\u0117s \u012frang\u0105 ir nori suteikti savo aplinkai modern\u0173 ar net futuristin\u012f charakter\u012f.\" \/>\n<meta property=\"og:url\" content=\"https:\/\/mousepad24.eu\/lt\/produkt\/tmp-04-lt\/\" \/>\n<meta property=\"og:site_name\" content=\"MousePad24.eu\" \/>\n<meta property=\"article:publisher\" content=\"https:\/\/www.facebook.com\/mousepad24\/\" \/>\n<meta property=\"article:modified_time\" content=\"2026-03-24T11:18:35+00:00\" \/>\n<meta property=\"og:image\" content=\"https:\/\/mousepad24.eu\/wp-content\/uploads\/2023\/04\/tmp_04-2.webp\" \/>\n\t<meta property=\"og:image:width\" content=\"2560\" \/>\n\t<meta property=\"og:image:height\" content=\"2560\" \/>\n\t<meta property=\"og:image:type\" content=\"image\/webp\" \/>\n<meta name=\"twitter:card\" content=\"summary_large_image\" \/>\n<script type=\"application\/ld+json\" class=\"yoast-schema-graph\">{\"@context\":\"https:\\\/\\\/schema.org\",\"@graph\":[{\"@type\":\"WebPage\",\"@id\":\"https:\\\/\\\/mousepad24.eu\\\/lt\\\/produkt\\\/tmp-04-lt\\\/\",\"url\":\"https:\\\/\\\/mousepad24.eu\\\/lt\\\/produkt\\\/tmp-04-lt\\\/\",\"name\":\"Skaidrus gelio pad\u0117kliukas \\\/TMP (04)\\\/ - MousePad24.eu\",\"isPartOf\":{\"@id\":\"https:\\\/\\\/mousepad24.eu\\\/#website\"},\"primaryImageOfPage\":{\"@id\":\"https:\\\/\\\/mousepad24.eu\\\/lt\\\/produkt\\\/tmp-04-lt\\\/#primaryimage\"},\"image\":{\"@id\":\"https:\\\/\\\/mousepad24.eu\\\/lt\\\/produkt\\\/tmp-04-lt\\\/#primaryimage\"},\"thumbnailUrl\":\"https:\\\/\\\/mousepad24.eu\\\/wp-content\\\/uploads\\\/2023\\\/04\\\/tmp_04-2.webp\",\"datePublished\":\"2023-04-25T16:18:31+00:00\",\"dateModified\":\"2026-03-24T11:18:35+00:00\",\"breadcrumb\":{\"@id\":\"https:\\\/\\\/mousepad24.eu\\\/lt\\\/produkt\\\/tmp-04-lt\\\/#breadcrumb\"},\"inLanguage\":\"lt-LT\",\"potentialAction\":[{\"@type\":\"ReadAction\",\"target\":[\"https:\\\/\\\/mousepad24.eu\\\/lt\\\/produkt\\\/tmp-04-lt\\\/\"]}]},{\"@type\":\"ImageObject\",\"inLanguage\":\"lt-LT\",\"@id\":\"https:\\\/\\\/mousepad24.eu\\\/lt\\\/produkt\\\/tmp-04-lt\\\/#primaryimage\",\"url\":\"https:\\\/\\\/mousepad24.eu\\\/wp-content\\\/uploads\\\/2023\\\/04\\\/tmp_04-2.webp\",\"contentUrl\":\"https:\\\/\\\/mousepad24.eu\\\/wp-content\\\/uploads\\\/2023\\\/04\\\/tmp_04-2.webp\",\"width\":2560,\"height\":2560},{\"@type\":\"BreadcrumbList\",\"@id\":\"https:\\\/\\\/mousepad24.eu\\\/lt\\\/produkt\\\/tmp-04-lt\\\/#breadcrumb\",\"itemListElement\":[{\"@type\":\"ListItem\",\"position\":1,\"name\":\"Pagrindinis puslapis\",\"item\":\"https:\\\/\\\/mousepad24.eu\\\/lt\\\/\"},{\"@type\":\"ListItem\",\"position\":2,\"name\":\"Parduotuv\u0117\",\"item\":\"https:\\\/\\\/mousepad24.eu\\\/lt\\\/\"},{\"@type\":\"ListItem\",\"position\":3,\"name\":\"Skaidrus gelio pad\u0117kliukas \\\/TMP (04)\\\/\"}]},{\"@type\":\"WebSite\",\"@id\":\"https:\\\/\\\/mousepad24.eu\\\/#website\",\"url\":\"https:\\\/\\\/mousepad24.eu\\\/\",\"name\":\"MousePad24.eu\",\"description\":\"Personalizowane podk\u0142adki pod mysz\",\"publisher\":{\"@id\":\"https:\\\/\\\/mousepad24.eu\\\/#organization\"},\"potentialAction\":[{\"@type\":\"SearchAction\",\"target\":{\"@type\":\"EntryPoint\",\"urlTemplate\":\"https:\\\/\\\/mousepad24.eu\\\/?s={search_term_string}\"},\"query-input\":{\"@type\":\"PropertyValueSpecification\",\"valueRequired\":true,\"valueName\":\"search_term_string\"}}],\"inLanguage\":\"lt-LT\"},{\"@type\":\"Organization\",\"@id\":\"https:\\\/\\\/mousepad24.eu\\\/#organization\",\"name\":\"MousePad24.eu\",\"url\":\"https:\\\/\\\/mousepad24.eu\\\/\",\"logo\":{\"@type\":\"ImageObject\",\"inLanguage\":\"lt-LT\",\"@id\":\"https:\\\/\\\/mousepad24.eu\\\/#\\\/schema\\\/logo\\\/image\\\/\",\"url\":\"https:\\\/\\\/mousepad24.eu\\\/wp-content\\\/uploads\\\/2022\\\/12\\\/MOUSEPAD24_logo_curv_OK-1.png\",\"contentUrl\":\"https:\\\/\\\/mousepad24.eu\\\/wp-content\\\/uploads\\\/2022\\\/12\\\/MOUSEPAD24_logo_curv_OK-1.png\",\"width\":1024,\"height\":75,\"caption\":\"MousePad24.eu\"},\"image\":{\"@id\":\"https:\\\/\\\/mousepad24.eu\\\/#\\\/schema\\\/logo\\\/image\\\/\"},\"sameAs\":[\"https:\\\/\\\/www.facebook.com\\\/mousepad24\\\/\",\"https:\\\/\\\/www.instagram.com\\\/mousepad24.eu\\\/\",\"https:\\\/\\\/www.linkedin.com\\\/company\\\/podkladki24-mousepad24\\\/\"]}]}<\/script>\n<!-- \/ Yoast SEO plugin. -->","yoast_head_json":{"title":"Skaidrus gelio pad\u0117kliukas \/TMP (04)\/ - MousePad24.eu","robots":{"index":"index","follow":"follow","max-snippet":"max-snippet:-1","max-image-preview":"max-image-preview:large","max-video-preview":"max-video-preview:-1"},"og_locale":"lt_LT","og_type":"article","og_title":"Skaidrus gelio pad\u0117kliukas \/TMP (04)\/ - MousePad24.eu","og_description":"I\u0161 skaidrios med\u017eiagos pagamintas pel\u0117s ir rie\u0161o kilim\u0117lis. Pavir\u0161ius lengvai valomas ir malonus liesti. Neslystantis pagrindas neleid\u017eia kilim\u0117liui slysti ant stalo. Tai auk\u0161\u010diausios kokyb\u0117s produktas, u\u017etikrinantis geriausi\u0105 rankos atram\u0105. Kilim\u0117lis turi universali\u0105 form\u0105, tinkan\u010di\u0105 tiek de\u0161iniarankiams, tiek kairiarankiams. Didelis kilim\u0117lio plotas leid\u017eia atlikti pla\u010dius pel\u0117s judesius. Skirtas tiems, kurie vertina profesionali\u0105, auk\u0161\u010diausios kokyb\u0117s \u012frang\u0105 ir nori suteikti savo aplinkai modern\u0173 ar net futuristin\u012f charakter\u012f.","og_url":"https:\/\/mousepad24.eu\/lt\/produkt\/tmp-04-lt\/","og_site_name":"MousePad24.eu","article_publisher":"https:\/\/www.facebook.com\/mousepad24\/","article_modified_time":"2026-03-24T11:18:35+00:00","og_image":[{"width":2560,"height":2560,"url":"https:\/\/mousepad24.eu\/wp-content\/uploads\/2023\/04\/tmp_04-2.webp","type":"image\/webp"}],"twitter_card":"summary_large_image","schema":{"@context":"https:\/\/schema.org","@graph":[{"@type":"WebPage","@id":"https:\/\/mousepad24.eu\/lt\/produkt\/tmp-04-lt\/","url":"https:\/\/mousepad24.eu\/lt\/produkt\/tmp-04-lt\/","name":"Skaidrus gelio pad\u0117kliukas \/TMP (04)\/ - MousePad24.eu","isPartOf":{"@id":"https:\/\/mousepad24.eu\/#website"},"primaryImageOfPage":{"@id":"https:\/\/mousepad24.eu\/lt\/produkt\/tmp-04-lt\/#primaryimage"},"image":{"@id":"https:\/\/mousepad24.eu\/lt\/produkt\/tmp-04-lt\/#primaryimage"},"thumbnailUrl":"https:\/\/mousepad24.eu\/wp-content\/uploads\/2023\/04\/tmp_04-2.webp","datePublished":"2023-04-25T16:18:31+00:00","dateModified":"2026-03-24T11:18:35+00:00","breadcrumb":{"@id":"https:\/\/mousepad24.eu\/lt\/produkt\/tmp-04-lt\/#breadcrumb"},"inLanguage":"lt-LT","potentialAction":[{"@type":"ReadAction","target":["https:\/\/mousepad24.eu\/lt\/produkt\/tmp-04-lt\/"]}]},{"@type":"ImageObject","inLanguage":"lt-LT","@id":"https:\/\/mousepad24.eu\/lt\/produkt\/tmp-04-lt\/#primaryimage","url":"https:\/\/mousepad24.eu\/wp-content\/uploads\/2023\/04\/tmp_04-2.webp","contentUrl":"https:\/\/mousepad24.eu\/wp-content\/uploads\/2023\/04\/tmp_04-2.webp","width":2560,"height":2560},{"@type":"BreadcrumbList","@id":"https:\/\/mousepad24.eu\/lt\/produkt\/tmp-04-lt\/#breadcrumb","itemListElement":[{"@type":"ListItem","position":1,"name":"Pagrindinis puslapis","item":"https:\/\/mousepad24.eu\/lt\/"},{"@type":"ListItem","position":2,"name":"Parduotuv\u0117","item":"https:\/\/mousepad24.eu\/lt\/"},{"@type":"ListItem","position":3,"name":"Skaidrus gelio pad\u0117kliukas \/TMP (04)\/"}]},{"@type":"WebSite","@id":"https:\/\/mousepad24.eu\/#website","url":"https:\/\/mousepad24.eu\/","name":"MousePad24.eu","description":"Personalizowane podk\u0142adki pod mysz","publisher":{"@id":"https:\/\/mousepad24.eu\/#organization"},"potentialAction":[{"@type":"SearchAction","target":{"@type":"EntryPoint","urlTemplate":"https:\/\/mousepad24.eu\/?s={search_term_string}"},"query-input":{"@type":"PropertyValueSpecification","valueRequired":true,"valueName":"search_term_string"}}],"inLanguage":"lt-LT"},{"@type":"Organization","@id":"https:\/\/mousepad24.eu\/#organization","name":"MousePad24.eu","url":"https:\/\/mousepad24.eu\/","logo":{"@type":"ImageObject","inLanguage":"lt-LT","@id":"https:\/\/mousepad24.eu\/#\/schema\/logo\/image\/","url":"https:\/\/mousepad24.eu\/wp-content\/uploads\/2022\/12\/MOUSEPAD24_logo_curv_OK-1.png","contentUrl":"https:\/\/mousepad24.eu\/wp-content\/uploads\/2022\/12\/MOUSEPAD24_logo_curv_OK-1.png","width":1024,"height":75,"caption":"MousePad24.eu"},"image":{"@id":"https:\/\/mousepad24.eu\/#\/schema\/logo\/image\/"},"sameAs":["https:\/\/www.facebook.com\/mousepad24\/","https:\/\/www.instagram.com\/mousepad24.eu\/","https:\/\/www.linkedin.com\/company\/podkladki24-mousepad24\/"]}]}},"_links":{"self":[{"href":"https:\/\/mousepad24.eu\/lt\/wp-json\/wp\/v2\/product\/52427","targetHints":{"allow":["GET"]}}],"collection":[{"href":"https:\/\/mousepad24.eu\/lt\/wp-json\/wp\/v2\/product"}],"about":[{"href":"https:\/\/mousepad24.eu\/lt\/wp-json\/wp\/v2\/types\/product"}],"wp:featuredmedia":[{"embeddable":true,"href":"https:\/\/mousepad24.eu\/lt\/wp-json\/wp\/v2\/media\/53731"}],"wp:attachment":[{"href":"https:\/\/mousepad24.eu\/lt\/wp-json\/wp\/v2\/media?parent=52427"}],"wp:term":[{"taxonomy":"product_brand","embeddable":true,"href":"https:\/\/mousepad24.eu\/lt\/wp-json\/wp\/v2\/product_brand?post=52427"},{"taxonomy":"product_cat","embeddable":true,"href":"https:\/\/mousepad24.eu\/lt\/wp-json\/wp\/v2\/product_cat?post=52427"},{"taxonomy":"product_tag","embeddable":true,"href":"https:\/\/mousepad24.eu\/lt\/wp-json\/wp\/v2\/product_tag?post=52427"}],"curies":[{"name":"wp","href":"https:\/\/api.w.org\/{rel}","templated":true}]}}