{"id":52520,"date":"2023-04-18T12:22:45","date_gmt":"2023-04-18T10:22:45","guid":{"rendered":"https:\/\/jnpnki27nc.onrocket.site\/produkt\/suvirintas-trisluoksnis-padeklas-p3s\/"},"modified":"2026-03-04T12:42:41","modified_gmt":"2026-03-04T11:42:41","slug":"p3s-pl","status":"publish","type":"product","link":"https:\/\/mousepad24.eu\/lt\/produkt\/p3s-pl\/","title":{"rendered":"Suvirintas trisluoksnis pad\u0117klas (P3S)"},"content":{"rendered":"","protected":false},"excerpt":{"rendered":"<p>Sulydytas, trij\u0173 sluoksni\u0173 pel\u0117s kilim\u0117lis su spauda ant kartoninio \u012fd\u0117klo.<\/p>\n<p><strong>Vir\u0161us:<\/strong> 0,3 mm tekst\u016bruota PVC pl\u0117vel\u0117, skirta optin\u0117ms ir lazerin\u0117ms pel\u0117ms.<br \/>\n<strong>Vidurys:<\/strong> kartoninis \u012fd\u0117klas su pilnos spalvos spauda. Skaitmenin\u0117 spausdinimo technologija leid\u017eia pavaizduoti net labai detalius dizainus ir puikiai atkurti spalvas.<br \/>\n<strong>Apa\u010dia:<\/strong> 1,2 mm pilka neslidi PVC puta.<\/p>\n<p>Sulydytas kra\u0161tas, balta si\u016bl\u0117. Patvarus, esteti\u0161kas sujungimas. <\/p>\n<p>Klasikinis PVC pel\u0117s kilim\u0117lis moderniame variante. Produktas pagamintas i\u0161 auk\u0161\u010diausios kokyb\u0117s ir ilgaam\u017ei\u0161kumo med\u017eiag\u0173. <\/p>\n<p>\u0160io produkto privalumas yra lengvas valymas. Kilim\u0117l\u012f galima valyti dr\u0117gnu b\u016bdu ir dezinfekuoti. <\/p>\n","protected":false},"featured_media":53746,"template":"","meta":[],"product_brand":[],"product_cat":[773],"product_tag":[1625,1627,1629,1624,1626,1628,1454],"class_list":{"0":"post-52520","1":"product","2":"type-product","3":"status-publish","4":"has-post-thumbnail","6":"product_cat-pvc-peliu-kilimeliai","7":"product_tag-aukstos-kokybes-peles-kilimeliai","8":"product_tag-geriausias-peles-kilimelis","9":"product_tag-peles-kilimeliai-su-reklaminiu-spaudinimu","10":"product_tag-peles-kilimelis-su-reklaminiu-spaudinimu","11":"product_tag-profesionalus-peles-kilimelis","12":"product_tag-reklaminiai-gaminiai","13":"product_tag-spalvotas-kilimelis","14":"fpd-variation-needed","16":"first","17":"instock","18":"taxable","19":"shipping-taxable","20":"purchasable","21":"product-type-variable"},"yoast_head":"<!-- This site is optimized with the Yoast SEO plugin v27.3 - https:\/\/yoast.com\/product\/yoast-seo-wordpress\/ -->\n<title>Suvirintas trisluoksnis pad\u0117klas (P3S) - MousePad24.eu<\/title>\n<meta name=\"robots\" content=\"index, follow, max-snippet:-1, max-image-preview:large, max-video-preview:-1\" \/>\n<meta property=\"og:locale\" content=\"lt_LT\" \/>\n<meta property=\"og:type\" content=\"article\" \/>\n<meta property=\"og:title\" content=\"Suvirintas trisluoksnis pad\u0117klas (P3S) - MousePad24.eu\" \/>\n<meta property=\"og:description\" content=\"Sulydytas, trij\u0173 sluoksni\u0173 pel\u0117s kilim\u0117lis su spauda ant kartoninio \u012fd\u0117klo. Vir\u0161us: 0,3 mm tekst\u016bruota PVC pl\u0117vel\u0117, skirta optin\u0117ms ir lazerin\u0117ms pel\u0117ms. Vidurys: kartoninis \u012fd\u0117klas su pilnos spalvos spauda. Skaitmenin\u0117 spausdinimo technologija leid\u017eia pavaizduoti net labai detalius dizainus ir puikiai atkurti spalvas. Apa\u010dia: 1,2 mm pilka neslidi PVC puta. Sulydytas kra\u0161tas, balta si\u016bl\u0117. Patvarus, esteti\u0161kas sujungimas.  Klasikinis PVC pel\u0117s kilim\u0117lis moderniame variante. Produktas pagamintas i\u0161 auk\u0161\u010diausios kokyb\u0117s ir ilgaam\u017ei\u0161kumo med\u017eiag\u0173.  \u0160io produkto privalumas yra lengvas valymas. Kilim\u0117l\u012f galima valyti dr\u0117gnu b\u016bdu ir dezinfekuoti.\" \/>\n<meta property=\"og:url\" content=\"https:\/\/mousepad24.eu\/lt\/produkt\/p3s-pl\/\" \/>\n<meta property=\"og:site_name\" content=\"MousePad24.eu\" \/>\n<meta property=\"article:publisher\" content=\"https:\/\/www.facebook.com\/mousepad24\/\" \/>\n<meta property=\"article:modified_time\" content=\"2026-03-04T11:42:41+00:00\" \/>\n<meta property=\"og:image\" content=\"https:\/\/mousepad24.eu\/wp-content\/uploads\/2023\/04\/P3_S_blanc.webp\" \/>\n\t<meta property=\"og:image:width\" content=\"2560\" \/>\n\t<meta property=\"og:image:height\" content=\"2560\" \/>\n\t<meta property=\"og:image:type\" content=\"image\/webp\" \/>\n<meta name=\"twitter:card\" content=\"summary_large_image\" \/>\n<script type=\"application\/ld+json\" class=\"yoast-schema-graph\">{\"@context\":\"https:\\\/\\\/schema.org\",\"@graph\":[{\"@type\":\"WebPage\",\"@id\":\"https:\\\/\\\/mousepad24.eu\\\/lt\\\/produkt\\\/p3s-pl\\\/\",\"url\":\"https:\\\/\\\/mousepad24.eu\\\/lt\\\/produkt\\\/p3s-pl\\\/\",\"name\":\"Suvirintas trisluoksnis pad\u0117klas (P3S) - MousePad24.eu\",\"isPartOf\":{\"@id\":\"https:\\\/\\\/mousepad24.eu\\\/#website\"},\"primaryImageOfPage\":{\"@id\":\"https:\\\/\\\/mousepad24.eu\\\/lt\\\/produkt\\\/p3s-pl\\\/#primaryimage\"},\"image\":{\"@id\":\"https:\\\/\\\/mousepad24.eu\\\/lt\\\/produkt\\\/p3s-pl\\\/#primaryimage\"},\"thumbnailUrl\":\"https:\\\/\\\/mousepad24.eu\\\/wp-content\\\/uploads\\\/2023\\\/04\\\/P3_S_blanc.webp\",\"datePublished\":\"2023-04-18T10:22:45+00:00\",\"dateModified\":\"2026-03-04T11:42:41+00:00\",\"breadcrumb\":{\"@id\":\"https:\\\/\\\/mousepad24.eu\\\/lt\\\/produkt\\\/p3s-pl\\\/#breadcrumb\"},\"inLanguage\":\"lt-LT\",\"potentialAction\":[{\"@type\":\"ReadAction\",\"target\":[\"https:\\\/\\\/mousepad24.eu\\\/lt\\\/produkt\\\/p3s-pl\\\/\"]}]},{\"@type\":\"ImageObject\",\"inLanguage\":\"lt-LT\",\"@id\":\"https:\\\/\\\/mousepad24.eu\\\/lt\\\/produkt\\\/p3s-pl\\\/#primaryimage\",\"url\":\"https:\\\/\\\/mousepad24.eu\\\/wp-content\\\/uploads\\\/2023\\\/04\\\/P3_S_blanc.webp\",\"contentUrl\":\"https:\\\/\\\/mousepad24.eu\\\/wp-content\\\/uploads\\\/2023\\\/04\\\/P3_S_blanc.webp\",\"width\":2560,\"height\":2560},{\"@type\":\"BreadcrumbList\",\"@id\":\"https:\\\/\\\/mousepad24.eu\\\/lt\\\/produkt\\\/p3s-pl\\\/#breadcrumb\",\"itemListElement\":[{\"@type\":\"ListItem\",\"position\":1,\"name\":\"Pagrindinis puslapis\",\"item\":\"https:\\\/\\\/mousepad24.eu\\\/lt\\\/\"},{\"@type\":\"ListItem\",\"position\":2,\"name\":\"Parduotuv\u0117\",\"item\":\"https:\\\/\\\/mousepad24.eu\\\/lt\\\/\"},{\"@type\":\"ListItem\",\"position\":3,\"name\":\"Suvirintas trisluoksnis pad\u0117klas (P3S)\"}]},{\"@type\":\"WebSite\",\"@id\":\"https:\\\/\\\/mousepad24.eu\\\/#website\",\"url\":\"https:\\\/\\\/mousepad24.eu\\\/\",\"name\":\"MousePad24.eu\",\"description\":\"Personalizowane podk\u0142adki pod mysz\",\"publisher\":{\"@id\":\"https:\\\/\\\/mousepad24.eu\\\/#organization\"},\"potentialAction\":[{\"@type\":\"SearchAction\",\"target\":{\"@type\":\"EntryPoint\",\"urlTemplate\":\"https:\\\/\\\/mousepad24.eu\\\/?s={search_term_string}\"},\"query-input\":{\"@type\":\"PropertyValueSpecification\",\"valueRequired\":true,\"valueName\":\"search_term_string\"}}],\"inLanguage\":\"lt-LT\"},{\"@type\":\"Organization\",\"@id\":\"https:\\\/\\\/mousepad24.eu\\\/#organization\",\"name\":\"MousePad24.eu\",\"url\":\"https:\\\/\\\/mousepad24.eu\\\/\",\"logo\":{\"@type\":\"ImageObject\",\"inLanguage\":\"lt-LT\",\"@id\":\"https:\\\/\\\/mousepad24.eu\\\/#\\\/schema\\\/logo\\\/image\\\/\",\"url\":\"https:\\\/\\\/mousepad24.eu\\\/wp-content\\\/uploads\\\/2022\\\/12\\\/MOUSEPAD24_logo_curv_OK-1.png\",\"contentUrl\":\"https:\\\/\\\/mousepad24.eu\\\/wp-content\\\/uploads\\\/2022\\\/12\\\/MOUSEPAD24_logo_curv_OK-1.png\",\"width\":1024,\"height\":75,\"caption\":\"MousePad24.eu\"},\"image\":{\"@id\":\"https:\\\/\\\/mousepad24.eu\\\/#\\\/schema\\\/logo\\\/image\\\/\"},\"sameAs\":[\"https:\\\/\\\/www.facebook.com\\\/mousepad24\\\/\",\"https:\\\/\\\/www.instagram.com\\\/mousepad24.eu\\\/\",\"https:\\\/\\\/www.linkedin.com\\\/company\\\/podkladki24-mousepad24\\\/\"]}]}<\/script>\n<!-- \/ Yoast SEO plugin. -->","yoast_head_json":{"title":"Suvirintas trisluoksnis pad\u0117klas (P3S) - MousePad24.eu","robots":{"index":"index","follow":"follow","max-snippet":"max-snippet:-1","max-image-preview":"max-image-preview:large","max-video-preview":"max-video-preview:-1"},"og_locale":"lt_LT","og_type":"article","og_title":"Suvirintas trisluoksnis pad\u0117klas (P3S) - MousePad24.eu","og_description":"Sulydytas, trij\u0173 sluoksni\u0173 pel\u0117s kilim\u0117lis su spauda ant kartoninio \u012fd\u0117klo. Vir\u0161us: 0,3 mm tekst\u016bruota PVC pl\u0117vel\u0117, skirta optin\u0117ms ir lazerin\u0117ms pel\u0117ms. Vidurys: kartoninis \u012fd\u0117klas su pilnos spalvos spauda. Skaitmenin\u0117 spausdinimo technologija leid\u017eia pavaizduoti net labai detalius dizainus ir puikiai atkurti spalvas. Apa\u010dia: 1,2 mm pilka neslidi PVC puta. Sulydytas kra\u0161tas, balta si\u016bl\u0117. Patvarus, esteti\u0161kas sujungimas.  Klasikinis PVC pel\u0117s kilim\u0117lis moderniame variante. Produktas pagamintas i\u0161 auk\u0161\u010diausios kokyb\u0117s ir ilgaam\u017ei\u0161kumo med\u017eiag\u0173.  \u0160io produkto privalumas yra lengvas valymas. Kilim\u0117l\u012f galima valyti dr\u0117gnu b\u016bdu ir dezinfekuoti.","og_url":"https:\/\/mousepad24.eu\/lt\/produkt\/p3s-pl\/","og_site_name":"MousePad24.eu","article_publisher":"https:\/\/www.facebook.com\/mousepad24\/","article_modified_time":"2026-03-04T11:42:41+00:00","og_image":[{"width":2560,"height":2560,"url":"https:\/\/mousepad24.eu\/wp-content\/uploads\/2023\/04\/P3_S_blanc.webp","type":"image\/webp"}],"twitter_card":"summary_large_image","schema":{"@context":"https:\/\/schema.org","@graph":[{"@type":"WebPage","@id":"https:\/\/mousepad24.eu\/lt\/produkt\/p3s-pl\/","url":"https:\/\/mousepad24.eu\/lt\/produkt\/p3s-pl\/","name":"Suvirintas trisluoksnis pad\u0117klas (P3S) - MousePad24.eu","isPartOf":{"@id":"https:\/\/mousepad24.eu\/#website"},"primaryImageOfPage":{"@id":"https:\/\/mousepad24.eu\/lt\/produkt\/p3s-pl\/#primaryimage"},"image":{"@id":"https:\/\/mousepad24.eu\/lt\/produkt\/p3s-pl\/#primaryimage"},"thumbnailUrl":"https:\/\/mousepad24.eu\/wp-content\/uploads\/2023\/04\/P3_S_blanc.webp","datePublished":"2023-04-18T10:22:45+00:00","dateModified":"2026-03-04T11:42:41+00:00","breadcrumb":{"@id":"https:\/\/mousepad24.eu\/lt\/produkt\/p3s-pl\/#breadcrumb"},"inLanguage":"lt-LT","potentialAction":[{"@type":"ReadAction","target":["https:\/\/mousepad24.eu\/lt\/produkt\/p3s-pl\/"]}]},{"@type":"ImageObject","inLanguage":"lt-LT","@id":"https:\/\/mousepad24.eu\/lt\/produkt\/p3s-pl\/#primaryimage","url":"https:\/\/mousepad24.eu\/wp-content\/uploads\/2023\/04\/P3_S_blanc.webp","contentUrl":"https:\/\/mousepad24.eu\/wp-content\/uploads\/2023\/04\/P3_S_blanc.webp","width":2560,"height":2560},{"@type":"BreadcrumbList","@id":"https:\/\/mousepad24.eu\/lt\/produkt\/p3s-pl\/#breadcrumb","itemListElement":[{"@type":"ListItem","position":1,"name":"Pagrindinis puslapis","item":"https:\/\/mousepad24.eu\/lt\/"},{"@type":"ListItem","position":2,"name":"Parduotuv\u0117","item":"https:\/\/mousepad24.eu\/lt\/"},{"@type":"ListItem","position":3,"name":"Suvirintas trisluoksnis pad\u0117klas (P3S)"}]},{"@type":"WebSite","@id":"https:\/\/mousepad24.eu\/#website","url":"https:\/\/mousepad24.eu\/","name":"MousePad24.eu","description":"Personalizowane podk\u0142adki pod mysz","publisher":{"@id":"https:\/\/mousepad24.eu\/#organization"},"potentialAction":[{"@type":"SearchAction","target":{"@type":"EntryPoint","urlTemplate":"https:\/\/mousepad24.eu\/?s={search_term_string}"},"query-input":{"@type":"PropertyValueSpecification","valueRequired":true,"valueName":"search_term_string"}}],"inLanguage":"lt-LT"},{"@type":"Organization","@id":"https:\/\/mousepad24.eu\/#organization","name":"MousePad24.eu","url":"https:\/\/mousepad24.eu\/","logo":{"@type":"ImageObject","inLanguage":"lt-LT","@id":"https:\/\/mousepad24.eu\/#\/schema\/logo\/image\/","url":"https:\/\/mousepad24.eu\/wp-content\/uploads\/2022\/12\/MOUSEPAD24_logo_curv_OK-1.png","contentUrl":"https:\/\/mousepad24.eu\/wp-content\/uploads\/2022\/12\/MOUSEPAD24_logo_curv_OK-1.png","width":1024,"height":75,"caption":"MousePad24.eu"},"image":{"@id":"https:\/\/mousepad24.eu\/#\/schema\/logo\/image\/"},"sameAs":["https:\/\/www.facebook.com\/mousepad24\/","https:\/\/www.instagram.com\/mousepad24.eu\/","https:\/\/www.linkedin.com\/company\/podkladki24-mousepad24\/"]}]}},"_links":{"self":[{"href":"https:\/\/mousepad24.eu\/lt\/wp-json\/wp\/v2\/product\/52520","targetHints":{"allow":["GET"]}}],"collection":[{"href":"https:\/\/mousepad24.eu\/lt\/wp-json\/wp\/v2\/product"}],"about":[{"href":"https:\/\/mousepad24.eu\/lt\/wp-json\/wp\/v2\/types\/product"}],"wp:featuredmedia":[{"embeddable":true,"href":"https:\/\/mousepad24.eu\/lt\/wp-json\/wp\/v2\/media\/53746"}],"wp:attachment":[{"href":"https:\/\/mousepad24.eu\/lt\/wp-json\/wp\/v2\/media?parent=52520"}],"wp:term":[{"taxonomy":"product_brand","embeddable":true,"href":"https:\/\/mousepad24.eu\/lt\/wp-json\/wp\/v2\/product_brand?post=52520"},{"taxonomy":"product_cat","embeddable":true,"href":"https:\/\/mousepad24.eu\/lt\/wp-json\/wp\/v2\/product_cat?post=52520"},{"taxonomy":"product_tag","embeddable":true,"href":"https:\/\/mousepad24.eu\/lt\/wp-json\/wp\/v2\/product_tag?post=52520"}],"curies":[{"name":"wp","href":"https:\/\/api.w.org\/{rel}","templated":true}]}}