{"id":52563,"date":"2023-04-18T12:22:53","date_gmt":"2023-04-18T10:22:53","guid":{"rendered":"https:\/\/jnpnki27nc.onrocket.site\/produkt\/atskira-lizdine-plokstele-b\/"},"modified":"2026-03-24T12:26:00","modified_gmt":"2026-03-24T11:26:00","slug":"b-plus-pl","status":"publish","type":"product","link":"https:\/\/mousepad24.eu\/lt\/produkt\/b-plus-pl\/","title":{"rendered":"Individualus blisterio pakavimas (B+)"},"content":{"rendered":"<p>\ud83d\udd39 <strong>Blisteris su spalvota nugarele \u2013 elegancija, reklama ir apsauga viename<\/strong><\/p>\n<p>\u0160i pakuot\u0117 sukurta produktams, kuriems reikia ne tik apsaugos, bet ir i\u0161skirtinio pateikimo.<br \/>\nProfilin\u0117 <strong>PET pl\u0117vel\u0117, ma\u017edaug 0,4 mm storio <\/strong> puikiai prisitaiko prie gelinio kilim\u0117lio formos, u\u017etikrindama jo saugum\u0105 transportuojant ir eksponuojant. Skaidrus pavir\u0161ius leid\u017eia puikiai matyti spaudin\u012f ir kartu suteikia gaminiui moderni\u0105, eleganti\u0161k\u0105 i\u0161vaizd\u0105.<\/p>\n<p>Galin\u0117 <strong>auk\u0161tos kokyb\u0117s kartono nugarel\u0117<\/strong> yra pilnai apipavidalinta \u2013 intensyviomis, spalvotomis spalvomis. Joje gali b\u016bti:<br \/>\n\ud83c\udfaf \u012fmon\u0117s logotipas,<br \/>\n\ud83c\udfaf produkto apra\u0161ymas,<br \/>\n\ud83c\udfaf informacija apie prek\u0117s \u017eenkl\u0105,<br \/>\n\ud83c\udfaf grafika, papildanti ant pad\u0117kliuko matom\u0105 motyv\u0105. <\/p>\n<p>D\u0117l to blisteris ne tik apsaugo produkt\u0105, bet ir <strong>tampa reklamos ne\u0161\u0117ju ir nuosekliu vizualin\u0117s tapatyb\u0117s elementu<\/strong>. Visa tai sukuria kruop\u0161\u010diai suprojektuoto auk\u0161\u010diausios kokyb\u0117s \u012ftaiso efekt\u0105, paruo\u0161t\u0105 \u012fteikti klientui arba pristatyti ma\u017emenin\u0117je prekyboje. <\/p>\n<p>\u2728 <strong>Pakuot\u0117s su spalvota nugarele privalumai:<\/strong><\/p>\n<ul>\n<li>patvari, skaidri PET pl\u0117vel\u0117 (apie 0,4 mm) idealiai pritaikyta prie pad\u0117kliuko formos,<\/li>\n<li>spalvotas spaudinys ant kartono \u2013 reklama ir dizainas viename,<\/li>\n<li>produkto apsauga nuo dulki\u0173 ir ne\u0161varum\u0173,<\/li>\n<li>i\u0161skirtin\u0117 i\u0161vaizda ir \u201eparuo\u0161tos dovanos\u201c efektas,<\/li>\n<li>galimyb\u0117 pritaikyti grafin\u012f dizain\u0105 prie spaudinio ant pad\u0117kliuko.<\/li>\n<\/ul>\n<p><strong>Produktas skirtas tik pakuoti gelinius pad\u0117kliukus, kuri\u0173 matmenys 19 x 23.<\/strong><\/p>\n<p>Taip supakuotas gelinis pad\u0117kliukas atrodo ne tik profesionaliai, bet ir <strong>pabr\u0117\u017eia prek\u0117s \u017eenklo vert\u0119<\/strong> bei patraukia d\u0117mes\u012f nuo pat pirmo \u017evilgsnio.<\/p>\n","protected":false},"excerpt":{"rendered":"<p>\ud83d\udcbc <strong>\u0160iuolaikin\u0117 blisterio tipo pakuot\u0117 su spalvota nugarele<\/strong><br \/>\nyra puikus b\u016bdas sujungti <strong>elegancij\u0105 su rinkodaros komunikacija<\/strong>.<\/p>\n<p>\ud83d\udd39 <strong>Skaidri PET pl\u0117vel\u0117 (apie 0,4 mm)<\/strong> idealiai pritaikyta prie pad\u0117kliuko formos apsaugo produkt\u0105,<br \/>\no <strong>apipavidalintas kartonas<\/strong> yra patrauklus fonas \u2013 jame gali b\u016bti reklama, logotipas arba produkto apra\u0161ymas.<\/p>\n<p>\u2728 Tokia pakuot\u0117 patraukia ak\u012f ir sukuria <strong>pilno, i\u0161skirtinio reklaminio \u012ftaiso<\/strong> \u012fsp\u016bd\u012f.<\/p>\n","protected":false},"featured_media":53740,"template":"","meta":[],"product_brand":[],"product_cat":[768,1142],"product_tag":[1625,1627,1629,1624,1626,1628,1454],"class_list":{"0":"post-52563","1":"product","2":"type-product","3":"status-publish","4":"has-post-thumbnail","6":"product_cat-podkladka-zelowa-lt","7":"product_cat-kita","8":"product_tag-aukstos-kokybes-peles-kilimeliai","9":"product_tag-geriausias-peles-kilimelis","10":"product_tag-peles-kilimeliai-su-reklaminiu-spaudinimu","11":"product_tag-peles-kilimelis-su-reklaminiu-spaudinimu","12":"product_tag-profesionalus-peles-kilimelis","13":"product_tag-reklaminiai-gaminiai","14":"product_tag-spalvotas-kilimelis","15":"fpd-variation-needed","17":"first","18":"instock","19":"taxable","20":"shipping-taxable","21":"purchasable","22":"product-type-variable"},"yoast_head":"<!-- This site is optimized with the Yoast SEO plugin v27.3 - https:\/\/yoast.com\/product\/yoast-seo-wordpress\/ -->\n<title>Individualus blisterio pakavimas (B+) - MousePad24.eu<\/title>\n<meta name=\"robots\" content=\"index, follow, max-snippet:-1, max-image-preview:large, max-video-preview:-1\" \/>\n<meta property=\"og:locale\" content=\"lt_LT\" \/>\n<meta property=\"og:type\" content=\"article\" \/>\n<meta property=\"og:title\" content=\"Individualus blisterio pakavimas (B+) - MousePad24.eu\" \/>\n<meta property=\"og:description\" content=\"\ud83d\udcbc \u0160iuolaikin\u0117 blisterio tipo pakuot\u0117 su spalvota nugarele yra puikus b\u016bdas sujungti elegancij\u0105 su rinkodaros komunikacija. \ud83d\udd39 Skaidri PET pl\u0117vel\u0117 (apie 0,4 mm) idealiai pritaikyta prie pad\u0117kliuko formos apsaugo produkt\u0105, o apipavidalintas kartonas yra patrauklus fonas \u2013 jame gali b\u016bti reklama, logotipas arba produkto apra\u0161ymas. \u2728 Tokia pakuot\u0117 patraukia ak\u012f ir sukuria pilno, i\u0161skirtinio reklaminio \u012ftaiso \u012fsp\u016bd\u012f.\" \/>\n<meta property=\"og:url\" content=\"https:\/\/mousepad24.eu\/lt\/produkt\/b-plus-pl\/\" \/>\n<meta property=\"og:site_name\" content=\"MousePad24.eu\" \/>\n<meta property=\"article:publisher\" content=\"https:\/\/www.facebook.com\/mousepad24\/\" \/>\n<meta property=\"article:modified_time\" content=\"2026-03-24T11:26:00+00:00\" \/>\n<meta property=\"og:image\" content=\"https:\/\/mousepad24.eu\/wp-content\/uploads\/2023\/04\/b_plus_main-01.webp\" \/>\n\t<meta property=\"og:image:width\" content=\"2502\" \/>\n\t<meta property=\"og:image:height\" content=\"2502\" \/>\n\t<meta property=\"og:image:type\" content=\"image\/webp\" \/>\n<meta name=\"twitter:card\" content=\"summary_large_image\" \/>\n<meta name=\"twitter:label1\" content=\"Est. reading time\" \/>\n\t<meta name=\"twitter:data1\" content=\"1 minut\u0117\" \/>\n<script type=\"application\/ld+json\" class=\"yoast-schema-graph\">{\"@context\":\"https:\\\/\\\/schema.org\",\"@graph\":[{\"@type\":\"WebPage\",\"@id\":\"https:\\\/\\\/mousepad24.eu\\\/lt\\\/produkt\\\/b-plus-pl\\\/\",\"url\":\"https:\\\/\\\/mousepad24.eu\\\/lt\\\/produkt\\\/b-plus-pl\\\/\",\"name\":\"Individualus blisterio pakavimas (B+) - MousePad24.eu\",\"isPartOf\":{\"@id\":\"https:\\\/\\\/mousepad24.eu\\\/#website\"},\"primaryImageOfPage\":{\"@id\":\"https:\\\/\\\/mousepad24.eu\\\/lt\\\/produkt\\\/b-plus-pl\\\/#primaryimage\"},\"image\":{\"@id\":\"https:\\\/\\\/mousepad24.eu\\\/lt\\\/produkt\\\/b-plus-pl\\\/#primaryimage\"},\"thumbnailUrl\":\"https:\\\/\\\/mousepad24.eu\\\/wp-content\\\/uploads\\\/2023\\\/04\\\/b_plus_main-01.webp\",\"datePublished\":\"2023-04-18T10:22:53+00:00\",\"dateModified\":\"2026-03-24T11:26:00+00:00\",\"breadcrumb\":{\"@id\":\"https:\\\/\\\/mousepad24.eu\\\/lt\\\/produkt\\\/b-plus-pl\\\/#breadcrumb\"},\"inLanguage\":\"lt-LT\",\"potentialAction\":[{\"@type\":\"ReadAction\",\"target\":[\"https:\\\/\\\/mousepad24.eu\\\/lt\\\/produkt\\\/b-plus-pl\\\/\"]}]},{\"@type\":\"ImageObject\",\"inLanguage\":\"lt-LT\",\"@id\":\"https:\\\/\\\/mousepad24.eu\\\/lt\\\/produkt\\\/b-plus-pl\\\/#primaryimage\",\"url\":\"https:\\\/\\\/mousepad24.eu\\\/wp-content\\\/uploads\\\/2023\\\/04\\\/b_plus_main-01.webp\",\"contentUrl\":\"https:\\\/\\\/mousepad24.eu\\\/wp-content\\\/uploads\\\/2023\\\/04\\\/b_plus_main-01.webp\",\"width\":2502,\"height\":2502},{\"@type\":\"BreadcrumbList\",\"@id\":\"https:\\\/\\\/mousepad24.eu\\\/lt\\\/produkt\\\/b-plus-pl\\\/#breadcrumb\",\"itemListElement\":[{\"@type\":\"ListItem\",\"position\":1,\"name\":\"Pagrindinis puslapis\",\"item\":\"https:\\\/\\\/mousepad24.eu\\\/lt\\\/\"},{\"@type\":\"ListItem\",\"position\":2,\"name\":\"Parduotuv\u0117\",\"item\":\"https:\\\/\\\/mousepad24.eu\\\/lt\\\/\"},{\"@type\":\"ListItem\",\"position\":3,\"name\":\"Individualus blisterio pakavimas (B+)\"}]},{\"@type\":\"WebSite\",\"@id\":\"https:\\\/\\\/mousepad24.eu\\\/#website\",\"url\":\"https:\\\/\\\/mousepad24.eu\\\/\",\"name\":\"MousePad24.eu\",\"description\":\"Personalizowane podk\u0142adki pod mysz\",\"publisher\":{\"@id\":\"https:\\\/\\\/mousepad24.eu\\\/#organization\"},\"potentialAction\":[{\"@type\":\"SearchAction\",\"target\":{\"@type\":\"EntryPoint\",\"urlTemplate\":\"https:\\\/\\\/mousepad24.eu\\\/?s={search_term_string}\"},\"query-input\":{\"@type\":\"PropertyValueSpecification\",\"valueRequired\":true,\"valueName\":\"search_term_string\"}}],\"inLanguage\":\"lt-LT\"},{\"@type\":\"Organization\",\"@id\":\"https:\\\/\\\/mousepad24.eu\\\/#organization\",\"name\":\"MousePad24.eu\",\"url\":\"https:\\\/\\\/mousepad24.eu\\\/\",\"logo\":{\"@type\":\"ImageObject\",\"inLanguage\":\"lt-LT\",\"@id\":\"https:\\\/\\\/mousepad24.eu\\\/#\\\/schema\\\/logo\\\/image\\\/\",\"url\":\"https:\\\/\\\/mousepad24.eu\\\/wp-content\\\/uploads\\\/2022\\\/12\\\/MOUSEPAD24_logo_curv_OK-1.png\",\"contentUrl\":\"https:\\\/\\\/mousepad24.eu\\\/wp-content\\\/uploads\\\/2022\\\/12\\\/MOUSEPAD24_logo_curv_OK-1.png\",\"width\":1024,\"height\":75,\"caption\":\"MousePad24.eu\"},\"image\":{\"@id\":\"https:\\\/\\\/mousepad24.eu\\\/#\\\/schema\\\/logo\\\/image\\\/\"},\"sameAs\":[\"https:\\\/\\\/www.facebook.com\\\/mousepad24\\\/\",\"https:\\\/\\\/www.instagram.com\\\/mousepad24.eu\\\/\",\"https:\\\/\\\/www.linkedin.com\\\/company\\\/podkladki24-mousepad24\\\/\"]}]}<\/script>\n<!-- \/ Yoast SEO plugin. -->","yoast_head_json":{"title":"Individualus blisterio pakavimas (B+) - MousePad24.eu","robots":{"index":"index","follow":"follow","max-snippet":"max-snippet:-1","max-image-preview":"max-image-preview:large","max-video-preview":"max-video-preview:-1"},"og_locale":"lt_LT","og_type":"article","og_title":"Individualus blisterio pakavimas (B+) - MousePad24.eu","og_description":"\ud83d\udcbc \u0160iuolaikin\u0117 blisterio tipo pakuot\u0117 su spalvota nugarele yra puikus b\u016bdas sujungti elegancij\u0105 su rinkodaros komunikacija. \ud83d\udd39 Skaidri PET pl\u0117vel\u0117 (apie 0,4 mm) idealiai pritaikyta prie pad\u0117kliuko formos apsaugo produkt\u0105, o apipavidalintas kartonas yra patrauklus fonas \u2013 jame gali b\u016bti reklama, logotipas arba produkto apra\u0161ymas. \u2728 Tokia pakuot\u0117 patraukia ak\u012f ir sukuria pilno, i\u0161skirtinio reklaminio \u012ftaiso \u012fsp\u016bd\u012f.","og_url":"https:\/\/mousepad24.eu\/lt\/produkt\/b-plus-pl\/","og_site_name":"MousePad24.eu","article_publisher":"https:\/\/www.facebook.com\/mousepad24\/","article_modified_time":"2026-03-24T11:26:00+00:00","og_image":[{"width":2502,"height":2502,"url":"https:\/\/mousepad24.eu\/wp-content\/uploads\/2023\/04\/b_plus_main-01.webp","type":"image\/webp"}],"twitter_card":"summary_large_image","twitter_misc":{"Est. reading time":"1 minut\u0117"},"schema":{"@context":"https:\/\/schema.org","@graph":[{"@type":"WebPage","@id":"https:\/\/mousepad24.eu\/lt\/produkt\/b-plus-pl\/","url":"https:\/\/mousepad24.eu\/lt\/produkt\/b-plus-pl\/","name":"Individualus blisterio pakavimas (B+) - MousePad24.eu","isPartOf":{"@id":"https:\/\/mousepad24.eu\/#website"},"primaryImageOfPage":{"@id":"https:\/\/mousepad24.eu\/lt\/produkt\/b-plus-pl\/#primaryimage"},"image":{"@id":"https:\/\/mousepad24.eu\/lt\/produkt\/b-plus-pl\/#primaryimage"},"thumbnailUrl":"https:\/\/mousepad24.eu\/wp-content\/uploads\/2023\/04\/b_plus_main-01.webp","datePublished":"2023-04-18T10:22:53+00:00","dateModified":"2026-03-24T11:26:00+00:00","breadcrumb":{"@id":"https:\/\/mousepad24.eu\/lt\/produkt\/b-plus-pl\/#breadcrumb"},"inLanguage":"lt-LT","potentialAction":[{"@type":"ReadAction","target":["https:\/\/mousepad24.eu\/lt\/produkt\/b-plus-pl\/"]}]},{"@type":"ImageObject","inLanguage":"lt-LT","@id":"https:\/\/mousepad24.eu\/lt\/produkt\/b-plus-pl\/#primaryimage","url":"https:\/\/mousepad24.eu\/wp-content\/uploads\/2023\/04\/b_plus_main-01.webp","contentUrl":"https:\/\/mousepad24.eu\/wp-content\/uploads\/2023\/04\/b_plus_main-01.webp","width":2502,"height":2502},{"@type":"BreadcrumbList","@id":"https:\/\/mousepad24.eu\/lt\/produkt\/b-plus-pl\/#breadcrumb","itemListElement":[{"@type":"ListItem","position":1,"name":"Pagrindinis puslapis","item":"https:\/\/mousepad24.eu\/lt\/"},{"@type":"ListItem","position":2,"name":"Parduotuv\u0117","item":"https:\/\/mousepad24.eu\/lt\/"},{"@type":"ListItem","position":3,"name":"Individualus blisterio pakavimas (B+)"}]},{"@type":"WebSite","@id":"https:\/\/mousepad24.eu\/#website","url":"https:\/\/mousepad24.eu\/","name":"MousePad24.eu","description":"Personalizowane podk\u0142adki pod mysz","publisher":{"@id":"https:\/\/mousepad24.eu\/#organization"},"potentialAction":[{"@type":"SearchAction","target":{"@type":"EntryPoint","urlTemplate":"https:\/\/mousepad24.eu\/?s={search_term_string}"},"query-input":{"@type":"PropertyValueSpecification","valueRequired":true,"valueName":"search_term_string"}}],"inLanguage":"lt-LT"},{"@type":"Organization","@id":"https:\/\/mousepad24.eu\/#organization","name":"MousePad24.eu","url":"https:\/\/mousepad24.eu\/","logo":{"@type":"ImageObject","inLanguage":"lt-LT","@id":"https:\/\/mousepad24.eu\/#\/schema\/logo\/image\/","url":"https:\/\/mousepad24.eu\/wp-content\/uploads\/2022\/12\/MOUSEPAD24_logo_curv_OK-1.png","contentUrl":"https:\/\/mousepad24.eu\/wp-content\/uploads\/2022\/12\/MOUSEPAD24_logo_curv_OK-1.png","width":1024,"height":75,"caption":"MousePad24.eu"},"image":{"@id":"https:\/\/mousepad24.eu\/#\/schema\/logo\/image\/"},"sameAs":["https:\/\/www.facebook.com\/mousepad24\/","https:\/\/www.instagram.com\/mousepad24.eu\/","https:\/\/www.linkedin.com\/company\/podkladki24-mousepad24\/"]}]}},"_links":{"self":[{"href":"https:\/\/mousepad24.eu\/lt\/wp-json\/wp\/v2\/product\/52563","targetHints":{"allow":["GET"]}}],"collection":[{"href":"https:\/\/mousepad24.eu\/lt\/wp-json\/wp\/v2\/product"}],"about":[{"href":"https:\/\/mousepad24.eu\/lt\/wp-json\/wp\/v2\/types\/product"}],"wp:featuredmedia":[{"embeddable":true,"href":"https:\/\/mousepad24.eu\/lt\/wp-json\/wp\/v2\/media\/53740"}],"wp:attachment":[{"href":"https:\/\/mousepad24.eu\/lt\/wp-json\/wp\/v2\/media?parent=52563"}],"wp:term":[{"taxonomy":"product_brand","embeddable":true,"href":"https:\/\/mousepad24.eu\/lt\/wp-json\/wp\/v2\/product_brand?post=52563"},{"taxonomy":"product_cat","embeddable":true,"href":"https:\/\/mousepad24.eu\/lt\/wp-json\/wp\/v2\/product_cat?post=52563"},{"taxonomy":"product_tag","embeddable":true,"href":"https:\/\/mousepad24.eu\/lt\/wp-json\/wp\/v2\/product_tag?post=52563"}],"curies":[{"name":"wp","href":"https:\/\/api.w.org\/{rel}","templated":true}]}}