{"id":67939,"date":"2025-07-25T17:11:24","date_gmt":"2025-07-25T15:11:24","guid":{"rendered":"https:\/\/jnpnki27nc.onrocket.site\/?post_type=product&#038;p=67939"},"modified":"2025-09-30T10:20:58","modified_gmt":"2025-09-30T08:20:58","slug":"peles-kilimelis-is-putplascio-smp02-kopia-2","status":"publish","type":"product","link":"https:\/\/mousepad24.eu\/lt\/produkt\/peles-kilimelis-is-putplascio-smp02-kopia-2\/","title":{"rendered":"Putplas\u010dio kilim\u0117lis \/SMP PRO (02)\/"},"content":{"rendered":"<div class=\"container\">\n<div class=\"left-div\" style=\"flex-grow: 1; text-align: left;\"><\/div>\n<div class=\"center-div\" style=\"width: 90%; background-color: white; position: relative;\">\n<article class=\"text-token-text-primary w-full\" dir=\"auto\" data-testid=\"conversation-turn-98\" data-scroll-anchor=\"false\">\n<div class=\"text-base my-auto mx-auto [--thread-content-margin:--spacing(4)] @[37rem]:[--thread-content-margin:--spacing(6)] @[72rem]:[--thread-content-margin:--spacing(16)] px-(--thread-content-margin)\">\n<div class=\"[--thread-content-max-width:32rem] @[34rem]:[--thread-content-max-width:40rem] @[64rem]:[--thread-content-max-width:48rem] mx-auto max-w-(--thread-content-max-width) flex-1 group\/turn-messages focus-visible:outline-hidden relative flex w-full min-w-0 flex-col agent-turn\" tabindex=\"-1\">\n<div class=\"flex max-w-full flex-col grow\">\n<div class=\"min-h-8 text-message relative flex w-full flex-col items-end gap-2 text-start break-words whitespace-normal [.text-message+&amp;]:mt-5\" dir=\"auto\" data-message-author-role=\"assistant\" data-message-id=\"6db8499a-7693-45d4-af10-b6c27dcb06a8\" data-message-model-slug=\"gpt-4o\">\n<div class=\"flex w-full flex-col gap-1 empty:hidden first:pt-[3px]\">\n<div class=\"markdown prose dark:prose-invert w-full break-words light\">\n<p data-start=\"117\" data-end=\"235\">\ud83d\uddb1\ufe0f <strong data-start=\"121\" data-end=\"235\">Putplas\u010dio pel\u0117s kilim\u0117lis su ergonomine rie\u0161o atrama \u2013 auk\u0161\u010diausios kokyb\u0117s u\u017e steb\u0117tinai ger\u0105 kain\u0105<\/strong><\/p>\n<p data-start=\"237\" data-end=\"514\">M\u016bs\u0173 <strong data-start=\"243\" data-end=\"278\">ergonomi\u0161kas putplas\u010dio kilim\u0117lis<\/strong> yra sprendimas, kuris sujungia visk\u0105, ko tikit\u0117s i\u0161 \u0161iuolaikinio stalo aksesuar\u0173: <strong data-start=\"373\" data-end=\"384\">komfort\u0105<\/strong>, <strong data-start=\"386\" data-end=\"398\">patvarum\u0105<\/strong>, <strong data-start=\"400\" data-end=\"418\">funkcionalum\u0105<\/strong> ir <strong data-start=\"421\" data-end=\"433\">estetik\u0105<\/strong> \u2013 visa tai <strong data-start=\"450\" data-end=\"482\">be kokyb\u0117s kompromis\u0173<\/strong> ir <strong data-start=\"485\" data-end=\"513\">nevir\u0161ijant biud\u017eeto<\/strong>.<\/p>\n<p data-start=\"516\" data-end=\"872\"><strong data-start=\"516\" data-end=\"568\">Profiliuota, pakelta rie\u0161o zona<\/strong> u\u017etikrina nat\u016brali\u0105 rankos pad\u0117t\u012f ir suma\u017eina spaudim\u0105 ilgo darbo prie kompiuterio metu. U\u017epildas i\u0161 tinkamai mink\u0161to, elastingo <strong data-start=\"726\" data-end=\"750\">auk\u0161\u010diausios klas\u0117s putplas\u010dio<\/strong> garantuoja patogum\u0105 ir tvirt\u0105 rie\u0161o palaikym\u0105 \u2013 tiek <strong data-start=\"830\" data-end=\"847\">de\u0161iniarankiams<\/strong>, tiek <strong data-start=\"855\" data-end=\"871\">kairiarankiams<\/strong>. <\/p>\n<p data-start=\"874\" data-end=\"896\">\ud83c\udfaf <strong data-start=\"877\" data-end=\"896\">Kod\u0117l verta?<\/strong><\/p>\n<p data-start=\"898\" data-end=\"1496\">\u2013 <strong data-start=\"900\" data-end=\"925\">Auk\u0161\u010diausios klas\u0117s produktas<\/strong> u\u017e ypa\u010d palanki\u0105 kain\u0105<br data-start=\"954\" data-end=\"957\">\u2013 <strong data-start=\"959\" data-end=\"992\">Be kokyb\u0117s kompromis\u0173<\/strong> \u2013 tik patikrintos med\u017eiagos ir puikus atlikimas<br data-start=\"1045\" data-end=\"1048\">\u2013 <strong data-start=\"1050\" data-end=\"1074\">Ergonomi\u0161ka forma<\/strong> palaikanti sveik\u0105 rankos pad\u0117t\u012f<br data-start=\"1107\" data-end=\"1110\">\u2013 <strong data-start=\"1112\" data-end=\"1136\" data-is-only-node=\"\">Patvarumas ir atsparumas<\/strong> kasdieniam naudojimui<br data-start=\"1157\" data-end=\"1160\">\u2013 <strong data-start=\"1162\" data-end=\"1188\">Prieinamumas nuo 1 vieneto<\/strong> \u2013 idealus \u012fmon\u0117ms, mokykloms, institucijoms ir individualiems asmenims<br data-start=\"1248\" data-end=\"1251\">\u2013 Galimyb\u0117 pilna spalva atlikti <strong data-start=\"1279\" data-end=\"1304\">transferin\u012f spaud\u0105<\/strong> \u2013 puiki vieta logotipui, grafikai ar reklaminiam \u0161\u016bkiui<br data-start=\"1362\" data-end=\"1365\">\u2013 <strong data-start=\"1367\" data-end=\"1400\">Intensyvios, modernios spalvos<\/strong>:<br data-start=\"1401\" data-end=\"1404\"><strong data-start=\"1406\" data-end=\"1416\">juoda<\/strong>, <strong data-start=\"1418\" data-end=\"1431\">tamsiai m\u0117lyna<\/strong>, <strong data-start=\"1433\" data-end=\"1442\">pilka<\/strong>, <strong data-start=\"1444\" data-end=\"1457\">m\u0117lyna<\/strong>, <strong data-start=\"1459\" data-end=\"1471\">raudona<\/strong>, <strong data-start=\"1473\" data-end=\"1484\">\u017ealia<\/strong>, <strong data-start=\"1486\" data-end=\"1496\">ro\u017ein\u0117<\/strong><\/p>\n<p data-start=\"1498\" data-end=\"1677\">\ud83d\udca1 Tai ne tik kilim\u0117lis \u2013 tai <strong data-start=\"1529\" data-end=\"1559\">praktinis darbo \u012frankis<\/strong> ir <strong data-start=\"1562\" data-end=\"1589\">modernus prek\u0117s \u017eenklas<\/strong>. Puikiai tinka <strong data-start=\"1606\" data-end=\"1616\">biure<\/strong>, <strong data-start=\"1618\" data-end=\"1633\">nam\u0173 biure<\/strong>, <strong data-start=\"1635\" data-end=\"1645\">mokykloje<\/strong> ir <strong data-start=\"1655\" data-end=\"1676\">nam\u0173 kabinete<\/strong>. <\/p>\n<p data-start=\"1679\" data-end=\"1766\" data-is-last-node=\"\" data-is-only-node=\"\">\ud83d\ude80 <strong data-start=\"1682\" data-end=\"1766\" data-is-last-node=\"\">\u017dengiame \u012f pel\u0117s kilim\u0117li\u0173 ateit\u012f \u2013 rinkit\u0117s komfort\u0105, kuris atsiperka.<\/strong><\/p>\n<\/div>\n<\/div>\n<\/div>\n<\/div>\n<\/div>\n<\/div>\n<\/article>\n<article class=\"text-token-text-primary w-full\" dir=\"auto\" data-testid=\"conversation-turn-99\" data-scroll-anchor=\"false\">\n<h5 class=\"sr-only\"><\/h5>\n<\/article>\n<\/div>\n<div class=\"right-div\" style=\"flex-grow: 1; background-color: white; margin-left: -18px; z-index: 100;\"><\/div>\n<\/div>\n","protected":false},"excerpt":{"rendered":"<div>\n<p style=\"text-align: left;\">\ud83d\uddb1\ufe0f <strong>Putplas\u010dio pel\u0117s kilim\u0117lis su ergonomine atrama \u2013 auk\u0161\u010diausios kokyb\u0117s u\u017e palanki\u0105 kain\u0105<\/strong><\/p>\n<p>Profilin\u0117 atramos zona palaiko rie\u0161\u0105 ir u\u017etikrina komfort\u0105 ilg\u0173 darbo valand\u0173 metu. Mink\u0161ta, elastinga auk\u0161\u010diausios klas\u0117s putplastis suma\u017eina spaudim\u0105 rankai, gerindama ergonomik\u0105 ir patogum\u0105 \u2013 nesvarbu, ar naudojate de\u0161in\u0119, ar kair\u0119 rank\u0105.<br \/>\n\ud83d\udccf <strong>Matmenys: 202 \u00d7 230 \u00d7 2 mm<\/strong> <\/p>\n<div id=\"more-description\" style=\"display: none;\">\n<p>\ud83c\udfaf <strong>Svarbiausios savyb\u0117s:<\/strong><\/p>\n<p>\u2013 ergonomi\u0161ka forma ir patvarios med\u017eiagos<br \/>\n\u2013 auk\u0161\u010diausios klas\u0117s produktas be kokyb\u0117s kompromis\u0173<br \/>\n\u2013 prieinamas nuo 1 vieneto \u2013 idealus \u012fmon\u0117ms ir institucijoms<br \/>\n\u2013 galimyb\u0117 piln\u0173 spalv\u0173 reklaminio spaudos<br \/>\n\u2013 moderni spalv\u0173 palet\u0117: juoda, tamsiai m\u0117lyna, pilka, m\u0117lyna, raudona, \u017ealia, ro\u017ein\u0117<\/p>\n<p>\ud83d\udca1 Praktinis darbo \u012frankis ir J\u016bs\u0173 prek\u0117s \u017eenklo ne\u0161\u0117jas \u2013 biurui, namams ir \u012fmoni\u0173 rinkiniams.<\/p>\n<\/div>\n<p><a href=\"#\">Skaityti daugiau<\/a><\/p>\n<\/div>\n","protected":false},"featured_media":65238,"template":"","meta":[],"product_brand":[1493],"product_cat":[767],"product_tag":[1453,1684,1683,1690,1448,1449,1694,1446,1339,1688,1344,1450,1346,1687,1443,1444,1708,1243,1692,1682,1691,1693,869,1455,870,1447,1686,1442,1342,1452,1445,1454,1451,1689],"class_list":{"0":"post-67939","1":"product","2":"type-product","3":"status-publish","4":"has-post-thumbnail","6":"product_brand-smp-pro-lt","7":"product_cat-putu-peliu-kilimelis","8":"product_tag-auksciausios-klases-putplastis","9":"product_tag-biuro-kilimelis","10":"product_tag-biuro-reikmenys","11":"product_tag-biurui","12":"product_tag-darbo-prie-kompiuterio-komfortas","13":"product_tag-darbo-vietos-ergonomika","14":"product_tag-darbui-prie-kompiuterio","15":"product_tag-dovana-darbuotojui-lt","16":"product_tag-ergonomiska-peles-kilimelis","17":"product_tag-firminis-kilimelis","18":"product_tag-imones-dovana","19":"product_tag-imones-produktas-su-logotipu","20":"product_tag-kilimelis-biurui","21":"product_tag-kilimelis-su-jusu-spauda","22":"product_tag-kilmelis-su-rieso-atrama","23":"product_tag-kilmelis-su-spaudu","24":"product_tag-klaviaturos-ir-peles-kilimelis","25":"product_tag-kompiuteriniai-priedai","26":"product_tag-kompiuteriniams-zaidimams","27":"product_tag-kompiuterio-kilimelis","28":"product_tag-namu-biuras","29":"product_tag-nesiojamam-kompiuteriui","30":"product_tag-peles-kilimelis","31":"product_tag-peles-kilimelis-su-logotipu","32":"product_tag-peles-kilimelis-su-spauda","33":"product_tag-personalizuotas-kilimelis","34":"product_tag-personalizuotas-peles-kilimelis","35":"product_tag-putplascio-peles-kilimelis","36":"product_tag-reklaminis-kilimelis","37":"product_tag-reklaminis-kilimelis-lt","38":"product_tag-reklaminis-suvenyras","39":"product_tag-spalvotas-kilimelis","40":"product_tag-transferinis-spaudas","41":"product_tag-zaidejams","42":"fpd-variation-needed","44":"first","45":"instock","46":"taxable","47":"shipping-taxable","48":"purchasable","49":"product-type-variable"},"yoast_head":"<!-- This site is optimized with the Yoast SEO plugin v27.3 - https:\/\/yoast.com\/product\/yoast-seo-wordpress\/ -->\n<title>Putplas\u010dio kilim\u0117lis \/SMP PRO (02)\/ - MousePad24.eu<\/title>\n<meta name=\"description\" content=\"Ergonomi\u0161kas putplas\u010dio pel\u0117s kilim\u0117lis su rie\u0161o atrama \u2013 idealus kasdieniam darbui prie kompiuterio. Mink\u0161tas pavir\u0161ius ir profiliuota forma u\u017etikrina tinkam\u0105 rankos pad\u0117t\u012f. Galimyb\u0117 atlikti reklamin\u012f spaud\u0105 pilna spalva. Patogus, nebrangus ir universalus \u2013 putplas\u010dio pel\u0117s kilim\u0117lis kiekvienai darbo vietai. Puiki dovana \u012fmonei \u2013 galite prid\u0117ti logotip\u0105 ar grafik\u0105.\" \/>\n<meta name=\"robots\" content=\"index, follow, max-snippet:-1, max-image-preview:large, max-video-preview:-1\" \/>\n<meta property=\"og:locale\" content=\"lt_LT\" \/>\n<meta property=\"og:type\" content=\"article\" \/>\n<meta property=\"og:title\" content=\"Putplas\u010dio kilim\u0117lis \/SMP PRO (02)\/ - MousePad24.eu\" \/>\n<meta property=\"og:description\" content=\"Ergonomi\u0161kas putplas\u010dio pel\u0117s kilim\u0117lis su rie\u0161o atrama \u2013 idealus kasdieniam darbui prie kompiuterio. Mink\u0161tas pavir\u0161ius ir profiliuota forma u\u017etikrina tinkam\u0105 rankos pad\u0117t\u012f. Galimyb\u0117 atlikti reklamin\u012f spaud\u0105 pilna spalva. Patogus, nebrangus ir universalus \u2013 putplas\u010dio pel\u0117s kilim\u0117lis kiekvienai darbo vietai. Puiki dovana \u012fmonei \u2013 galite prid\u0117ti logotip\u0105 ar grafik\u0105.\" \/>\n<meta property=\"og:url\" content=\"https:\/\/mousepad24.eu\/lt\/produkt\/peles-kilimelis-is-putplascio-smp02-kopia-2\/\" \/>\n<meta property=\"og:site_name\" content=\"MousePad24.eu\" \/>\n<meta property=\"article:publisher\" content=\"https:\/\/www.facebook.com\/mousepad24\/\" \/>\n<meta property=\"article:modified_time\" content=\"2025-09-30T08:20:58+00:00\" \/>\n<meta property=\"og:image\" content=\"https:\/\/mousepad24.eu\/wp-content\/uploads\/2025\/07\/smp_02_pro_blank.webp\" \/>\n\t<meta property=\"og:image:width\" content=\"2500\" \/>\n\t<meta property=\"og:image:height\" content=\"2500\" \/>\n\t<meta property=\"og:image:type\" content=\"image\/webp\" \/>\n<meta name=\"twitter:card\" content=\"summary_large_image\" \/>\n<meta name=\"twitter:label1\" content=\"Est. reading time\" \/>\n\t<meta name=\"twitter:data1\" content=\"1 minut\u0117\" \/>\n<script type=\"application\/ld+json\" class=\"yoast-schema-graph\">{\"@context\":\"https:\\\/\\\/schema.org\",\"@graph\":[{\"@type\":\"WebPage\",\"@id\":\"https:\\\/\\\/mousepad24.eu\\\/lt\\\/produkt\\\/peles-kilimelis-is-putplascio-smp02-kopia-2\\\/\",\"url\":\"https:\\\/\\\/mousepad24.eu\\\/lt\\\/produkt\\\/peles-kilimelis-is-putplascio-smp02-kopia-2\\\/\",\"name\":\"Putplas\u010dio kilim\u0117lis \\\/SMP PRO (02)\\\/ - MousePad24.eu\",\"isPartOf\":{\"@id\":\"https:\\\/\\\/mousepad24.eu\\\/#website\"},\"primaryImageOfPage\":{\"@id\":\"https:\\\/\\\/mousepad24.eu\\\/lt\\\/produkt\\\/peles-kilimelis-is-putplascio-smp02-kopia-2\\\/#primaryimage\"},\"image\":{\"@id\":\"https:\\\/\\\/mousepad24.eu\\\/lt\\\/produkt\\\/peles-kilimelis-is-putplascio-smp02-kopia-2\\\/#primaryimage\"},\"thumbnailUrl\":\"https:\\\/\\\/mousepad24.eu\\\/wp-content\\\/uploads\\\/2025\\\/07\\\/smp_02_pro_blank.webp\",\"datePublished\":\"2025-07-25T15:11:24+00:00\",\"dateModified\":\"2025-09-30T08:20:58+00:00\",\"description\":\"Ergonomi\u0161kas putplas\u010dio pel\u0117s kilim\u0117lis su rie\u0161o atrama \u2013 idealus kasdieniam darbui prie kompiuterio. Mink\u0161tas pavir\u0161ius ir profiliuota forma u\u017etikrina tinkam\u0105 rankos pad\u0117t\u012f. Galimyb\u0117 atlikti reklamin\u012f spaud\u0105 pilna spalva. Patogus, nebrangus ir universalus \u2013 putplas\u010dio pel\u0117s kilim\u0117lis kiekvienai darbo vietai. Puiki dovana \u012fmonei \u2013 galite prid\u0117ti logotip\u0105 ar grafik\u0105.\",\"breadcrumb\":{\"@id\":\"https:\\\/\\\/mousepad24.eu\\\/lt\\\/produkt\\\/peles-kilimelis-is-putplascio-smp02-kopia-2\\\/#breadcrumb\"},\"inLanguage\":\"lt-LT\",\"potentialAction\":[{\"@type\":\"ReadAction\",\"target\":[\"https:\\\/\\\/mousepad24.eu\\\/lt\\\/produkt\\\/peles-kilimelis-is-putplascio-smp02-kopia-2\\\/\"]}]},{\"@type\":\"ImageObject\",\"inLanguage\":\"lt-LT\",\"@id\":\"https:\\\/\\\/mousepad24.eu\\\/lt\\\/produkt\\\/peles-kilimelis-is-putplascio-smp02-kopia-2\\\/#primaryimage\",\"url\":\"https:\\\/\\\/mousepad24.eu\\\/wp-content\\\/uploads\\\/2025\\\/07\\\/smp_02_pro_blank.webp\",\"contentUrl\":\"https:\\\/\\\/mousepad24.eu\\\/wp-content\\\/uploads\\\/2025\\\/07\\\/smp_02_pro_blank.webp\",\"width\":2500,\"height\":2500,\"caption\":\"Ergonomic foam mouse pad with wrist rest, black color\"},{\"@type\":\"BreadcrumbList\",\"@id\":\"https:\\\/\\\/mousepad24.eu\\\/lt\\\/produkt\\\/peles-kilimelis-is-putplascio-smp02-kopia-2\\\/#breadcrumb\",\"itemListElement\":[{\"@type\":\"ListItem\",\"position\":1,\"name\":\"Pagrindinis puslapis\",\"item\":\"https:\\\/\\\/mousepad24.eu\\\/lt\\\/\"},{\"@type\":\"ListItem\",\"position\":2,\"name\":\"Parduotuv\u0117\",\"item\":\"https:\\\/\\\/mousepad24.eu\\\/lt\\\/\"},{\"@type\":\"ListItem\",\"position\":3,\"name\":\"Putplas\u010dio kilim\u0117lis \\\/SMP PRO (02)\\\/\"}]},{\"@type\":\"WebSite\",\"@id\":\"https:\\\/\\\/mousepad24.eu\\\/#website\",\"url\":\"https:\\\/\\\/mousepad24.eu\\\/\",\"name\":\"MousePad24.eu\",\"description\":\"Personalizowane podk\u0142adki pod mysz\",\"publisher\":{\"@id\":\"https:\\\/\\\/mousepad24.eu\\\/#organization\"},\"potentialAction\":[{\"@type\":\"SearchAction\",\"target\":{\"@type\":\"EntryPoint\",\"urlTemplate\":\"https:\\\/\\\/mousepad24.eu\\\/?s={search_term_string}\"},\"query-input\":{\"@type\":\"PropertyValueSpecification\",\"valueRequired\":true,\"valueName\":\"search_term_string\"}}],\"inLanguage\":\"lt-LT\"},{\"@type\":\"Organization\",\"@id\":\"https:\\\/\\\/mousepad24.eu\\\/#organization\",\"name\":\"MousePad24.eu\",\"url\":\"https:\\\/\\\/mousepad24.eu\\\/\",\"logo\":{\"@type\":\"ImageObject\",\"inLanguage\":\"lt-LT\",\"@id\":\"https:\\\/\\\/mousepad24.eu\\\/#\\\/schema\\\/logo\\\/image\\\/\",\"url\":\"https:\\\/\\\/mousepad24.eu\\\/wp-content\\\/uploads\\\/2022\\\/12\\\/MOUSEPAD24_logo_curv_OK-1.png\",\"contentUrl\":\"https:\\\/\\\/mousepad24.eu\\\/wp-content\\\/uploads\\\/2022\\\/12\\\/MOUSEPAD24_logo_curv_OK-1.png\",\"width\":1024,\"height\":75,\"caption\":\"MousePad24.eu\"},\"image\":{\"@id\":\"https:\\\/\\\/mousepad24.eu\\\/#\\\/schema\\\/logo\\\/image\\\/\"},\"sameAs\":[\"https:\\\/\\\/www.facebook.com\\\/mousepad24\\\/\",\"https:\\\/\\\/www.instagram.com\\\/mousepad24.eu\\\/\",\"https:\\\/\\\/www.linkedin.com\\\/company\\\/podkladki24-mousepad24\\\/\"]}]}<\/script>\n<!-- \/ Yoast SEO plugin. -->","yoast_head_json":{"title":"Putplas\u010dio kilim\u0117lis \/SMP PRO (02)\/ - MousePad24.eu","description":"Ergonomi\u0161kas putplas\u010dio pel\u0117s kilim\u0117lis su rie\u0161o atrama \u2013 idealus kasdieniam darbui prie kompiuterio. Mink\u0161tas pavir\u0161ius ir profiliuota forma u\u017etikrina tinkam\u0105 rankos pad\u0117t\u012f. Galimyb\u0117 atlikti reklamin\u012f spaud\u0105 pilna spalva. Patogus, nebrangus ir universalus \u2013 putplas\u010dio pel\u0117s kilim\u0117lis kiekvienai darbo vietai. Puiki dovana \u012fmonei \u2013 galite prid\u0117ti logotip\u0105 ar grafik\u0105.","robots":{"index":"index","follow":"follow","max-snippet":"max-snippet:-1","max-image-preview":"max-image-preview:large","max-video-preview":"max-video-preview:-1"},"og_locale":"lt_LT","og_type":"article","og_title":"Putplas\u010dio kilim\u0117lis \/SMP PRO (02)\/ - MousePad24.eu","og_description":"Ergonomi\u0161kas putplas\u010dio pel\u0117s kilim\u0117lis su rie\u0161o atrama \u2013 idealus kasdieniam darbui prie kompiuterio. Mink\u0161tas pavir\u0161ius ir profiliuota forma u\u017etikrina tinkam\u0105 rankos pad\u0117t\u012f. Galimyb\u0117 atlikti reklamin\u012f spaud\u0105 pilna spalva. Patogus, nebrangus ir universalus \u2013 putplas\u010dio pel\u0117s kilim\u0117lis kiekvienai darbo vietai. Puiki dovana \u012fmonei \u2013 galite prid\u0117ti logotip\u0105 ar grafik\u0105.","og_url":"https:\/\/mousepad24.eu\/lt\/produkt\/peles-kilimelis-is-putplascio-smp02-kopia-2\/","og_site_name":"MousePad24.eu","article_publisher":"https:\/\/www.facebook.com\/mousepad24\/","article_modified_time":"2025-09-30T08:20:58+00:00","og_image":[{"width":2500,"height":2500,"url":"https:\/\/mousepad24.eu\/wp-content\/uploads\/2025\/07\/smp_02_pro_blank.webp","type":"image\/webp"}],"twitter_card":"summary_large_image","twitter_misc":{"Est. reading time":"1 minut\u0117"},"schema":{"@context":"https:\/\/schema.org","@graph":[{"@type":"WebPage","@id":"https:\/\/mousepad24.eu\/lt\/produkt\/peles-kilimelis-is-putplascio-smp02-kopia-2\/","url":"https:\/\/mousepad24.eu\/lt\/produkt\/peles-kilimelis-is-putplascio-smp02-kopia-2\/","name":"Putplas\u010dio kilim\u0117lis \/SMP PRO (02)\/ - MousePad24.eu","isPartOf":{"@id":"https:\/\/mousepad24.eu\/#website"},"primaryImageOfPage":{"@id":"https:\/\/mousepad24.eu\/lt\/produkt\/peles-kilimelis-is-putplascio-smp02-kopia-2\/#primaryimage"},"image":{"@id":"https:\/\/mousepad24.eu\/lt\/produkt\/peles-kilimelis-is-putplascio-smp02-kopia-2\/#primaryimage"},"thumbnailUrl":"https:\/\/mousepad24.eu\/wp-content\/uploads\/2025\/07\/smp_02_pro_blank.webp","datePublished":"2025-07-25T15:11:24+00:00","dateModified":"2025-09-30T08:20:58+00:00","description":"Ergonomi\u0161kas putplas\u010dio pel\u0117s kilim\u0117lis su rie\u0161o atrama \u2013 idealus kasdieniam darbui prie kompiuterio. Mink\u0161tas pavir\u0161ius ir profiliuota forma u\u017etikrina tinkam\u0105 rankos pad\u0117t\u012f. Galimyb\u0117 atlikti reklamin\u012f spaud\u0105 pilna spalva. Patogus, nebrangus ir universalus \u2013 putplas\u010dio pel\u0117s kilim\u0117lis kiekvienai darbo vietai. Puiki dovana \u012fmonei \u2013 galite prid\u0117ti logotip\u0105 ar grafik\u0105.","breadcrumb":{"@id":"https:\/\/mousepad24.eu\/lt\/produkt\/peles-kilimelis-is-putplascio-smp02-kopia-2\/#breadcrumb"},"inLanguage":"lt-LT","potentialAction":[{"@type":"ReadAction","target":["https:\/\/mousepad24.eu\/lt\/produkt\/peles-kilimelis-is-putplascio-smp02-kopia-2\/"]}]},{"@type":"ImageObject","inLanguage":"lt-LT","@id":"https:\/\/mousepad24.eu\/lt\/produkt\/peles-kilimelis-is-putplascio-smp02-kopia-2\/#primaryimage","url":"https:\/\/mousepad24.eu\/wp-content\/uploads\/2025\/07\/smp_02_pro_blank.webp","contentUrl":"https:\/\/mousepad24.eu\/wp-content\/uploads\/2025\/07\/smp_02_pro_blank.webp","width":2500,"height":2500,"caption":"Ergonomic foam mouse pad with wrist rest, black color"},{"@type":"BreadcrumbList","@id":"https:\/\/mousepad24.eu\/lt\/produkt\/peles-kilimelis-is-putplascio-smp02-kopia-2\/#breadcrumb","itemListElement":[{"@type":"ListItem","position":1,"name":"Pagrindinis puslapis","item":"https:\/\/mousepad24.eu\/lt\/"},{"@type":"ListItem","position":2,"name":"Parduotuv\u0117","item":"https:\/\/mousepad24.eu\/lt\/"},{"@type":"ListItem","position":3,"name":"Putplas\u010dio kilim\u0117lis \/SMP PRO (02)\/"}]},{"@type":"WebSite","@id":"https:\/\/mousepad24.eu\/#website","url":"https:\/\/mousepad24.eu\/","name":"MousePad24.eu","description":"Personalizowane podk\u0142adki pod mysz","publisher":{"@id":"https:\/\/mousepad24.eu\/#organization"},"potentialAction":[{"@type":"SearchAction","target":{"@type":"EntryPoint","urlTemplate":"https:\/\/mousepad24.eu\/?s={search_term_string}"},"query-input":{"@type":"PropertyValueSpecification","valueRequired":true,"valueName":"search_term_string"}}],"inLanguage":"lt-LT"},{"@type":"Organization","@id":"https:\/\/mousepad24.eu\/#organization","name":"MousePad24.eu","url":"https:\/\/mousepad24.eu\/","logo":{"@type":"ImageObject","inLanguage":"lt-LT","@id":"https:\/\/mousepad24.eu\/#\/schema\/logo\/image\/","url":"https:\/\/mousepad24.eu\/wp-content\/uploads\/2022\/12\/MOUSEPAD24_logo_curv_OK-1.png","contentUrl":"https:\/\/mousepad24.eu\/wp-content\/uploads\/2022\/12\/MOUSEPAD24_logo_curv_OK-1.png","width":1024,"height":75,"caption":"MousePad24.eu"},"image":{"@id":"https:\/\/mousepad24.eu\/#\/schema\/logo\/image\/"},"sameAs":["https:\/\/www.facebook.com\/mousepad24\/","https:\/\/www.instagram.com\/mousepad24.eu\/","https:\/\/www.linkedin.com\/company\/podkladki24-mousepad24\/"]}]}},"_links":{"self":[{"href":"https:\/\/mousepad24.eu\/lt\/wp-json\/wp\/v2\/product\/67939","targetHints":{"allow":["GET"]}}],"collection":[{"href":"https:\/\/mousepad24.eu\/lt\/wp-json\/wp\/v2\/product"}],"about":[{"href":"https:\/\/mousepad24.eu\/lt\/wp-json\/wp\/v2\/types\/product"}],"wp:featuredmedia":[{"embeddable":true,"href":"https:\/\/mousepad24.eu\/lt\/wp-json\/wp\/v2\/media\/65238"}],"wp:attachment":[{"href":"https:\/\/mousepad24.eu\/lt\/wp-json\/wp\/v2\/media?parent=67939"}],"wp:term":[{"taxonomy":"product_brand","embeddable":true,"href":"https:\/\/mousepad24.eu\/lt\/wp-json\/wp\/v2\/product_brand?post=67939"},{"taxonomy":"product_cat","embeddable":true,"href":"https:\/\/mousepad24.eu\/lt\/wp-json\/wp\/v2\/product_cat?post=67939"},{"taxonomy":"product_tag","embeddable":true,"href":"https:\/\/mousepad24.eu\/lt\/wp-json\/wp\/v2\/product_tag?post=67939"}],"curies":[{"name":"wp","href":"https:\/\/api.w.org\/{rel}","templated":true}]}}