{"id":69247,"date":"2025-10-09T15:01:17","date_gmt":"2025-10-09T13:01:17","guid":{"rendered":"https:\/\/jnpnki27nc.onrocket.site\/produkt\/putu-kilimelis-smppro-00\/"},"modified":"2026-03-24T12:10:06","modified_gmt":"2026-03-24T11:10:06","slug":"putu-kilimelis-smppro-00","status":"publish","type":"product","link":"https:\/\/mousepad24.eu\/lt\/produkt\/putu-kilimelis-smppro-00\/","title":{"rendered":"Putplas\u010dio pel\u0117s kilim\u0117lis \/SMP_PRO (00)\/"},"content":{"rendered":"<p data-start=\"295\" data-end=\"592\">Universalus pel\u0117s kilim\u0117lis, pagamintas i\u0161 lengvos, lanks\u010dios putplas\u010dio, eleganti\u0161kos baltos spalvos. U\u017etikrina skland\u0173 ir tiksl\u0173 pel\u0117s jud\u0117jim\u0105, o mink\u0161tas pavir\u0161ius garantuoja komfort\u0105 dirbant daugyb\u0119 valand\u0173. Puikiai tinka tiek biurui, tiek nam\u0173 kompiuterio darbo vietai.  <\/p>\n<p data-start=\"594\" data-end=\"615\"><strong data-start=\"594\" data-end=\"613\">Produkto savyb\u0117s:<\/strong><\/p>\n<ul data-start=\"616\" data-end=\"943\">\n<li data-start=\"616\" data-end=\"694\">\n<p data-start=\"618\" data-end=\"694\">Pagaminta i\u0161 auk\u0161tos kokyb\u0117s putplas\u010dio \u2013 patvari, lengva ir lengvai valoma<\/p>\n<\/li>\n<li data-start=\"695\" data-end=\"782\">\n<p data-start=\"697\" data-end=\"782\">Glotnus pavir\u0161ius u\u017etikrina skland\u0173 optini\u0173 ir lazerini\u0173 peli\u0173 jud\u0117jim\u0105<\/p>\n<\/li>\n<li data-start=\"783\" data-end=\"850\">\n<p data-start=\"785\" data-end=\"850\"> Neslidus apa\u010dia \u2013 stabilumas ant bet kokio stalo pavir\u0161iaus<\/p>\n<\/li>\n<li data-start=\"851\" data-end=\"869\">\n<p data-start=\"853\" data-end=\"869\"> Spalva: balta<\/p>\n<\/li>\n<\/ul>\n<p data-start=\"945\" data-end=\"958\"><strong data-start=\"945\" data-end=\"956\">Privalumai:<\/strong><\/p>\n<ul data-start=\"959\" data-end=\"1106\">\n<li data-start=\"959\" data-end=\"1013\">\n<p data-start=\"961\" data-end=\"1013\">Minimalistinis dizainas, tinkantis bet kokiam interjerui<\/p>\n<\/li>\n<li data-start=\"1014\" data-end=\"1064\">\n<p data-start=\"1016\" data-end=\"1064\">Apsaugo stalo pavir\u0161i\u0173 nuo \u012fbr\u0117\u017eim\u0173<\/p>\n<\/li>\n<li data-start=\"1065\" data-end=\"1106\">\n<p data-start=\"1067\" data-end=\"1106\">Lengva perne\u0161ti ir laikyti<\/p>\n<\/li>\n<\/ul>\n","protected":false},"excerpt":{"rendered":"<p>Prek\u0117 u\u017esakoma. U\u017esakymo \u012fvykdymas \u2013 apie 5 savait\u0117s.  <\/p>\n","protected":false},"featured_media":64875,"template":"","meta":[],"product_brand":[],"product_cat":[767],"product_tag":[],"class_list":{"0":"post-69247","1":"product","2":"type-product","3":"status-publish","4":"has-post-thumbnail","6":"product_cat-putu-peliu-kilimelis","7":"fpd-variation-needed","9":"first","10":"onbackorder","11":"taxable","12":"shipping-taxable","13":"purchasable","14":"product-type-variable"},"yoast_head":"<!-- This site is optimized with the Yoast SEO plugin v27.3 - https:\/\/yoast.com\/product\/yoast-seo-wordpress\/ -->\n<title>Putplas\u010dio pel\u0117s kilim\u0117lis \/SMP_PRO (00)\/ - MousePad24.eu<\/title>\n<meta name=\"robots\" content=\"index, follow, max-snippet:-1, max-image-preview:large, max-video-preview:-1\" \/>\n<meta property=\"og:locale\" content=\"lt_LT\" \/>\n<meta property=\"og:type\" content=\"article\" \/>\n<meta property=\"og:title\" content=\"Putplas\u010dio pel\u0117s kilim\u0117lis \/SMP_PRO (00)\/ - MousePad24.eu\" \/>\n<meta property=\"og:description\" content=\"Prek\u0117 u\u017esakoma. U\u017esakymo \u012fvykdymas \u2013 apie 5 savait\u0117s.\" \/>\n<meta property=\"og:url\" content=\"https:\/\/mousepad24.eu\/lt\/produkt\/putu-kilimelis-smppro-00\/\" \/>\n<meta property=\"og:site_name\" content=\"MousePad24.eu\" \/>\n<meta property=\"article:publisher\" content=\"https:\/\/www.facebook.com\/mousepad24\/\" \/>\n<meta property=\"article:modified_time\" content=\"2026-03-24T11:10:06+00:00\" \/>\n<meta property=\"og:image\" content=\"https:\/\/mousepad24.eu\/wp-content\/uploads\/2025\/06\/smp_pro_00_blank.webp\" \/>\n\t<meta property=\"og:image:width\" content=\"2500\" \/>\n\t<meta property=\"og:image:height\" content=\"2500\" \/>\n\t<meta property=\"og:image:type\" content=\"image\/webp\" \/>\n<meta name=\"twitter:card\" content=\"summary_large_image\" \/>\n<meta name=\"twitter:label1\" content=\"Est. reading time\" \/>\n\t<meta name=\"twitter:data1\" content=\"1 minut\u0117\" \/>\n<script type=\"application\/ld+json\" class=\"yoast-schema-graph\">{\"@context\":\"https:\\\/\\\/schema.org\",\"@graph\":[{\"@type\":\"WebPage\",\"@id\":\"https:\\\/\\\/mousepad24.eu\\\/lt\\\/produkt\\\/putu-kilimelis-smppro-00\\\/\",\"url\":\"https:\\\/\\\/mousepad24.eu\\\/lt\\\/produkt\\\/putu-kilimelis-smppro-00\\\/\",\"name\":\"Putplas\u010dio pel\u0117s kilim\u0117lis \\\/SMP_PRO (00)\\\/ - MousePad24.eu\",\"isPartOf\":{\"@id\":\"https:\\\/\\\/mousepad24.eu\\\/#website\"},\"primaryImageOfPage\":{\"@id\":\"https:\\\/\\\/mousepad24.eu\\\/lt\\\/produkt\\\/putu-kilimelis-smppro-00\\\/#primaryimage\"},\"image\":{\"@id\":\"https:\\\/\\\/mousepad24.eu\\\/lt\\\/produkt\\\/putu-kilimelis-smppro-00\\\/#primaryimage\"},\"thumbnailUrl\":\"https:\\\/\\\/mousepad24.eu\\\/wp-content\\\/uploads\\\/2025\\\/06\\\/smp_pro_00_blank.webp\",\"datePublished\":\"2025-10-09T13:01:17+00:00\",\"dateModified\":\"2026-03-24T11:10:06+00:00\",\"breadcrumb\":{\"@id\":\"https:\\\/\\\/mousepad24.eu\\\/lt\\\/produkt\\\/putu-kilimelis-smppro-00\\\/#breadcrumb\"},\"inLanguage\":\"lt-LT\",\"potentialAction\":[{\"@type\":\"ReadAction\",\"target\":[\"https:\\\/\\\/mousepad24.eu\\\/lt\\\/produkt\\\/putu-kilimelis-smppro-00\\\/\"]}]},{\"@type\":\"ImageObject\",\"inLanguage\":\"lt-LT\",\"@id\":\"https:\\\/\\\/mousepad24.eu\\\/lt\\\/produkt\\\/putu-kilimelis-smppro-00\\\/#primaryimage\",\"url\":\"https:\\\/\\\/mousepad24.eu\\\/wp-content\\\/uploads\\\/2025\\\/06\\\/smp_pro_00_blank.webp\",\"contentUrl\":\"https:\\\/\\\/mousepad24.eu\\\/wp-content\\\/uploads\\\/2025\\\/06\\\/smp_pro_00_blank.webp\",\"width\":2500,\"height\":2500,\"caption\":\"Bia\u0142a podk\u0142adka pod mysz z pianki bez nadruku\"},{\"@type\":\"BreadcrumbList\",\"@id\":\"https:\\\/\\\/mousepad24.eu\\\/lt\\\/produkt\\\/putu-kilimelis-smppro-00\\\/#breadcrumb\",\"itemListElement\":[{\"@type\":\"ListItem\",\"position\":1,\"name\":\"Pagrindinis puslapis\",\"item\":\"https:\\\/\\\/mousepad24.eu\\\/lt\\\/\"},{\"@type\":\"ListItem\",\"position\":2,\"name\":\"Parduotuv\u0117\",\"item\":\"https:\\\/\\\/mousepad24.eu\\\/lt\\\/\"},{\"@type\":\"ListItem\",\"position\":3,\"name\":\"Putplas\u010dio pel\u0117s kilim\u0117lis \\\/SMP_PRO (00)\\\/\"}]},{\"@type\":\"WebSite\",\"@id\":\"https:\\\/\\\/mousepad24.eu\\\/#website\",\"url\":\"https:\\\/\\\/mousepad24.eu\\\/\",\"name\":\"MousePad24.eu\",\"description\":\"Personalizowane podk\u0142adki pod mysz\",\"publisher\":{\"@id\":\"https:\\\/\\\/mousepad24.eu\\\/#organization\"},\"potentialAction\":[{\"@type\":\"SearchAction\",\"target\":{\"@type\":\"EntryPoint\",\"urlTemplate\":\"https:\\\/\\\/mousepad24.eu\\\/?s={search_term_string}\"},\"query-input\":{\"@type\":\"PropertyValueSpecification\",\"valueRequired\":true,\"valueName\":\"search_term_string\"}}],\"inLanguage\":\"lt-LT\"},{\"@type\":\"Organization\",\"@id\":\"https:\\\/\\\/mousepad24.eu\\\/#organization\",\"name\":\"MousePad24.eu\",\"url\":\"https:\\\/\\\/mousepad24.eu\\\/\",\"logo\":{\"@type\":\"ImageObject\",\"inLanguage\":\"lt-LT\",\"@id\":\"https:\\\/\\\/mousepad24.eu\\\/#\\\/schema\\\/logo\\\/image\\\/\",\"url\":\"https:\\\/\\\/mousepad24.eu\\\/wp-content\\\/uploads\\\/2022\\\/12\\\/MOUSEPAD24_logo_curv_OK-1.png\",\"contentUrl\":\"https:\\\/\\\/mousepad24.eu\\\/wp-content\\\/uploads\\\/2022\\\/12\\\/MOUSEPAD24_logo_curv_OK-1.png\",\"width\":1024,\"height\":75,\"caption\":\"MousePad24.eu\"},\"image\":{\"@id\":\"https:\\\/\\\/mousepad24.eu\\\/#\\\/schema\\\/logo\\\/image\\\/\"},\"sameAs\":[\"https:\\\/\\\/www.facebook.com\\\/mousepad24\\\/\",\"https:\\\/\\\/www.instagram.com\\\/mousepad24.eu\\\/\",\"https:\\\/\\\/www.linkedin.com\\\/company\\\/podkladki24-mousepad24\\\/\"]}]}<\/script>\n<!-- \/ Yoast SEO plugin. -->","yoast_head_json":{"title":"Putplas\u010dio pel\u0117s kilim\u0117lis \/SMP_PRO (00)\/ - MousePad24.eu","robots":{"index":"index","follow":"follow","max-snippet":"max-snippet:-1","max-image-preview":"max-image-preview:large","max-video-preview":"max-video-preview:-1"},"og_locale":"lt_LT","og_type":"article","og_title":"Putplas\u010dio pel\u0117s kilim\u0117lis \/SMP_PRO (00)\/ - MousePad24.eu","og_description":"Prek\u0117 u\u017esakoma. U\u017esakymo \u012fvykdymas \u2013 apie 5 savait\u0117s.","og_url":"https:\/\/mousepad24.eu\/lt\/produkt\/putu-kilimelis-smppro-00\/","og_site_name":"MousePad24.eu","article_publisher":"https:\/\/www.facebook.com\/mousepad24\/","article_modified_time":"2026-03-24T11:10:06+00:00","og_image":[{"width":2500,"height":2500,"url":"https:\/\/mousepad24.eu\/wp-content\/uploads\/2025\/06\/smp_pro_00_blank.webp","type":"image\/webp"}],"twitter_card":"summary_large_image","twitter_misc":{"Est. reading time":"1 minut\u0117"},"schema":{"@context":"https:\/\/schema.org","@graph":[{"@type":"WebPage","@id":"https:\/\/mousepad24.eu\/lt\/produkt\/putu-kilimelis-smppro-00\/","url":"https:\/\/mousepad24.eu\/lt\/produkt\/putu-kilimelis-smppro-00\/","name":"Putplas\u010dio pel\u0117s kilim\u0117lis \/SMP_PRO (00)\/ - MousePad24.eu","isPartOf":{"@id":"https:\/\/mousepad24.eu\/#website"},"primaryImageOfPage":{"@id":"https:\/\/mousepad24.eu\/lt\/produkt\/putu-kilimelis-smppro-00\/#primaryimage"},"image":{"@id":"https:\/\/mousepad24.eu\/lt\/produkt\/putu-kilimelis-smppro-00\/#primaryimage"},"thumbnailUrl":"https:\/\/mousepad24.eu\/wp-content\/uploads\/2025\/06\/smp_pro_00_blank.webp","datePublished":"2025-10-09T13:01:17+00:00","dateModified":"2026-03-24T11:10:06+00:00","breadcrumb":{"@id":"https:\/\/mousepad24.eu\/lt\/produkt\/putu-kilimelis-smppro-00\/#breadcrumb"},"inLanguage":"lt-LT","potentialAction":[{"@type":"ReadAction","target":["https:\/\/mousepad24.eu\/lt\/produkt\/putu-kilimelis-smppro-00\/"]}]},{"@type":"ImageObject","inLanguage":"lt-LT","@id":"https:\/\/mousepad24.eu\/lt\/produkt\/putu-kilimelis-smppro-00\/#primaryimage","url":"https:\/\/mousepad24.eu\/wp-content\/uploads\/2025\/06\/smp_pro_00_blank.webp","contentUrl":"https:\/\/mousepad24.eu\/wp-content\/uploads\/2025\/06\/smp_pro_00_blank.webp","width":2500,"height":2500,"caption":"Bia\u0142a podk\u0142adka pod mysz z pianki bez nadruku"},{"@type":"BreadcrumbList","@id":"https:\/\/mousepad24.eu\/lt\/produkt\/putu-kilimelis-smppro-00\/#breadcrumb","itemListElement":[{"@type":"ListItem","position":1,"name":"Pagrindinis puslapis","item":"https:\/\/mousepad24.eu\/lt\/"},{"@type":"ListItem","position":2,"name":"Parduotuv\u0117","item":"https:\/\/mousepad24.eu\/lt\/"},{"@type":"ListItem","position":3,"name":"Putplas\u010dio pel\u0117s kilim\u0117lis \/SMP_PRO (00)\/"}]},{"@type":"WebSite","@id":"https:\/\/mousepad24.eu\/#website","url":"https:\/\/mousepad24.eu\/","name":"MousePad24.eu","description":"Personalizowane podk\u0142adki pod mysz","publisher":{"@id":"https:\/\/mousepad24.eu\/#organization"},"potentialAction":[{"@type":"SearchAction","target":{"@type":"EntryPoint","urlTemplate":"https:\/\/mousepad24.eu\/?s={search_term_string}"},"query-input":{"@type":"PropertyValueSpecification","valueRequired":true,"valueName":"search_term_string"}}],"inLanguage":"lt-LT"},{"@type":"Organization","@id":"https:\/\/mousepad24.eu\/#organization","name":"MousePad24.eu","url":"https:\/\/mousepad24.eu\/","logo":{"@type":"ImageObject","inLanguage":"lt-LT","@id":"https:\/\/mousepad24.eu\/#\/schema\/logo\/image\/","url":"https:\/\/mousepad24.eu\/wp-content\/uploads\/2022\/12\/MOUSEPAD24_logo_curv_OK-1.png","contentUrl":"https:\/\/mousepad24.eu\/wp-content\/uploads\/2022\/12\/MOUSEPAD24_logo_curv_OK-1.png","width":1024,"height":75,"caption":"MousePad24.eu"},"image":{"@id":"https:\/\/mousepad24.eu\/#\/schema\/logo\/image\/"},"sameAs":["https:\/\/www.facebook.com\/mousepad24\/","https:\/\/www.instagram.com\/mousepad24.eu\/","https:\/\/www.linkedin.com\/company\/podkladki24-mousepad24\/"]}]}},"_links":{"self":[{"href":"https:\/\/mousepad24.eu\/lt\/wp-json\/wp\/v2\/product\/69247","targetHints":{"allow":["GET"]}}],"collection":[{"href":"https:\/\/mousepad24.eu\/lt\/wp-json\/wp\/v2\/product"}],"about":[{"href":"https:\/\/mousepad24.eu\/lt\/wp-json\/wp\/v2\/types\/product"}],"wp:featuredmedia":[{"embeddable":true,"href":"https:\/\/mousepad24.eu\/lt\/wp-json\/wp\/v2\/media\/64875"}],"wp:attachment":[{"href":"https:\/\/mousepad24.eu\/lt\/wp-json\/wp\/v2\/media?parent=69247"}],"wp:term":[{"taxonomy":"product_brand","embeddable":true,"href":"https:\/\/mousepad24.eu\/lt\/wp-json\/wp\/v2\/product_brand?post=69247"},{"taxonomy":"product_cat","embeddable":true,"href":"https:\/\/mousepad24.eu\/lt\/wp-json\/wp\/v2\/product_cat?post=69247"},{"taxonomy":"product_tag","embeddable":true,"href":"https:\/\/mousepad24.eu\/lt\/wp-json\/wp\/v2\/product_tag?post=69247"}],"curies":[{"name":"wp","href":"https:\/\/api.w.org\/{rel}","templated":true}]}}