{"id":69936,"date":"2025-10-22T10:13:18","date_gmt":"2025-10-22T08:13:18","guid":{"rendered":"https:\/\/jnpnki27nc.onrocket.site\/?post_type=product&#038;p=69936"},"modified":"2026-01-29T13:37:59","modified_gmt":"2026-01-29T12:37:59","slug":"peles-kilimelis-sublimacijai-sub_eco","status":"publish","type":"product","link":"https:\/\/mousepad24.eu\/lt\/produkt\/peles-kilimelis-sublimacijai-sub_eco\/","title":{"rendered":"Pel\u0117s kilim\u0117lis sublimacijai \/SUB_ECO\/"},"content":{"rendered":"<h3 data-start=\"173\" data-end=\"251\"><strong data-start=\"177\" data-end=\"251\">SUB_Economy \u2013 ekonomi\u0161kas pel\u0117s kilim\u0117lis sublimaciniam spausdinimui<\/strong><\/h3>\n<p data-start=\"253\" data-end=\"584\">Pel\u0117s kilim\u0117lis <strong data-start=\"272\" data-end=\"287\">SUB_Economy<\/strong> yra prakti\u0161kas ir prieinamas produktas, sukurtas personalizavimui sublimaciniu spausdinimu. Tai puikus pasirinkimas reklamos agent\u016broms, marketingo agent\u016broms, grafikos dizaineriams ir privatiems asmenims. Visiems, kurie nori si\u016blyti ar naudoti produktus su individualiu spausdinimu u\u017e patraukli\u0105 kain\u0105.<\/p>\n<p data-start=\"586\" data-end=\"1003\">Kilim\u0117lis pagamintas i\u0161 <strong data-start=\"615\" data-end=\"650\">nat\u016bralios gumos, kurios storis 2 mm<\/strong>, u\u017etikrinan\u010dios puik\u0173 sukibim\u0105 su stalu ir stabilum\u0105 darbo metu. Vir\u0161utinis sluoksnis i\u0161 <strong data-start=\"750\" data-end=\"791\">auk\u0161tos kokyb\u0117s poliesterio audinio<\/strong> pasi\u017eymi lygiomis, vienodomis strukt\u016bromis, idealiomis tiksliai grafikai perkelti. D\u0117l to sublimacinis spausdinimas i\u0161laiko <strong data-start=\"921\" data-end=\"1000\">ry\u0161kias spalvas, auk\u0161t\u0105 detali\u0173 a\u0161trum\u0105 ir atsparum\u0105 nusid\u0117v\u0117jimui bei blukimui<\/strong>.<\/p>\n<p data-start=\"1005\" data-end=\"1207\">Standartinis dydis <strong data-start=\"1025\" data-end=\"1039\">22 \u00d7 18 cm<\/strong> u\u017etikrina patog\u0173 naudojim\u0105 tiek biure, tiek namuose. Lygi pavir\u0161iaus strukt\u016bra leid\u017eia skland\u017eiai jud\u0117ti pele, kas u\u017etikrina darbo patogum\u0105 ir tiksl\u0173 valdym\u0105.<\/p>\n<p data-start=\"1209\" data-end=\"1561\">Kilim\u0117lis <strong data-start=\"1219\" data-end=\"1234\">SUB_Economy<\/strong> yra idealus sprendimas tiems, kurie ie\u0161ko <strong data-start=\"1283\" data-end=\"1323\">geriausio kainos ir kokyb\u0117s santykio<\/strong>. Jis sujungia funkcionalum\u0105, ilgaam\u017ei\u0161kum\u0105 ir profesional\u0173 spausdinimo efekt\u0105 i\u0161laikant ma\u017eas vieneto s\u0105naudas. Puikiai tinka kaip <strong data-start=\"1468\" data-end=\"1490\">reklaminis produktas<\/strong>, <strong data-start=\"1492\" data-end=\"1512\">\u012fmon\u0117s dovana<\/strong> arba <strong data-start=\"1517\" data-end=\"1558\">prek\u0117s \u017eenklo vizualin\u0117s tapatyb\u0117s elementas<\/strong>.<\/p>\n<p data-start=\"1563\" data-end=\"1748\">D\u0117l galimyb\u0117s atlikti <strong data-start=\"1591\" data-end=\"1633\">pilnaspalv\u012f sublimacin\u012f spausdinim\u0105<\/strong>, kiekvienas kilim\u0117lis gali tapti unikalus \u2013 su logotipu, grafika, reklamine fraze ar bet kokiu grafiniu projektu.<\/p>\n<p data-start=\"1750\" data-end=\"1916\">Pasirinkite <strong data-start=\"1758\" data-end=\"1773\">SUB_Economy<\/strong> ir \u012fsitikinkite, kad ekonomi\u0161kas pel\u0117s kilim\u0117lis gali sujungti <strong data-start=\"1837\" data-end=\"1882\">estetik\u0105, ilgaam\u017ei\u0161kum\u0105 ir puiki\u0105 spausdinimo kokyb\u0119<\/strong> \u2013 visk\u0105 u\u017e prieinam\u0105 kain\u0105.<\/p>\n<p style=\"color: red;\">Produktas prieinamas tik pilnaspalviu variantu<\/p>\n","protected":false},"excerpt":{"rendered":"<p>Biud\u017eetinis pel\u0117s kilim\u0117lis sublimaciniam spausdinimui. Pagamintas i\u0161 nat\u016bralios gumos (2 mm) ir auk\u0161tos kokyb\u0117s poliesterio. Ilgaam\u017eis, esteti\u0161kas, idealus biurui ir namams \u2013 puikus kainos ir kokyb\u0117s balansas.  <\/p>\n","protected":false},"featured_media":69942,"template":"","meta":[],"product_brand":[],"product_cat":[782,776],"product_tag":[1684,1683,1690,1694,1688,1687,1243,1692,1682,1691,1693,869,870,1686,1342,1445,1790,1685,1689],"class_list":{"0":"post-69936","1":"product","2":"type-product","3":"status-publish","4":"has-post-thumbnail","6":"product_cat-standartinis-poliesterinis-peles-kilias","7":"product_cat-peles-kilimeliai-su-sublimacine-spauda","8":"product_tag-biuro-kilimelis","9":"product_tag-biuro-reikmenys","10":"product_tag-biurui","11":"product_tag-darbui-prie-kompiuterio","12":"product_tag-firminis-kilimelis","13":"product_tag-kilimelis-su-jusu-spauda","14":"product_tag-kompiuteriniai-priedai","15":"product_tag-kompiuteriniams-zaidimams","16":"product_tag-kompiuterio-kilimelis","17":"product_tag-namu-biuras","18":"product_tag-nesiojamam-kompiuteriui","19":"product_tag-peles-kilimelis","20":"product_tag-peles-kilimelis-su-spauda","21":"product_tag-personalizuotas-peles-kilimelis","22":"product_tag-reklaminis-kilimelis","23":"product_tag-reklaminis-suvenyras","24":"product_tag-sub-eco","25":"product_tag-sublimacinis-kilimelis-2","26":"product_tag-zaidejams","27":"fpd-variation-needed","29":"first","30":"instock","31":"taxable","32":"shipping-taxable","33":"purchasable","34":"product-type-simple"},"yoast_head":"<!-- This site is optimized with the Yoast SEO plugin v27.3 - https:\/\/yoast.com\/product\/yoast-seo-wordpress\/ -->\n<title>Pel\u0117s kilim\u0117lis sublimacijai \/SUB_ECO\/ - MousePad24.eu<\/title>\n<meta name=\"description\" content=\"Ekonomi\u0161kas pel\u0117s kilim\u0117lis SUB_Economy \u2013 puikiai tinka sublimaciniam spausdinimui. Auk\u0161ta kokyb\u0117, ilgaam\u017ei\u0161kumas ir ry\u0161kios spalvos u\u017e ma\u017e\u0105 kain\u0105.\" \/>\n<meta name=\"robots\" content=\"index, follow, max-snippet:-1, max-image-preview:large, max-video-preview:-1\" \/>\n<meta property=\"og:locale\" content=\"lt_LT\" \/>\n<meta property=\"og:type\" content=\"article\" \/>\n<meta property=\"og:title\" content=\"Pel\u0117s kilim\u0117lis sublimacijai \/SUB_ECO\/ - MousePad24.eu\" \/>\n<meta property=\"og:description\" content=\"Ekonomi\u0161kas pel\u0117s kilim\u0117lis SUB_Economy \u2013 puikiai tinka sublimaciniam spausdinimui. Auk\u0161ta kokyb\u0117, ilgaam\u017ei\u0161kumas ir ry\u0161kios spalvos u\u017e ma\u017e\u0105 kain\u0105.\" \/>\n<meta property=\"og:url\" content=\"https:\/\/mousepad24.eu\/lt\/produkt\/peles-kilimelis-sublimacijai-sub_eco\/\" \/>\n<meta property=\"og:site_name\" content=\"MousePad24.eu\" \/>\n<meta property=\"article:publisher\" content=\"https:\/\/www.facebook.com\/mousepad24\/\" \/>\n<meta property=\"article:modified_time\" content=\"2026-01-29T12:37:59+00:00\" \/>\n<meta property=\"og:image\" content=\"https:\/\/mousepad24.eu\/wp-content\/uploads\/2025\/10\/22x18-blank.png\" \/>\n\t<meta property=\"og:image:width\" content=\"1024\" \/>\n\t<meta property=\"og:image:height\" content=\"1024\" \/>\n\t<meta property=\"og:image:type\" content=\"image\/png\" \/>\n<meta name=\"twitter:card\" content=\"summary_large_image\" \/>\n<meta name=\"twitter:label1\" content=\"Est. reading time\" \/>\n\t<meta name=\"twitter:data1\" content=\"2 minut\u0117s\" \/>\n<script type=\"application\/ld+json\" class=\"yoast-schema-graph\">{\"@context\":\"https:\\\/\\\/schema.org\",\"@graph\":[{\"@type\":\"WebPage\",\"@id\":\"https:\\\/\\\/mousepad24.eu\\\/lt\\\/produkt\\\/peles-kilimelis-sublimacijai-sub_eco\\\/\",\"url\":\"https:\\\/\\\/mousepad24.eu\\\/lt\\\/produkt\\\/peles-kilimelis-sublimacijai-sub_eco\\\/\",\"name\":\"Pel\u0117s kilim\u0117lis sublimacijai \\\/SUB_ECO\\\/ - MousePad24.eu\",\"isPartOf\":{\"@id\":\"https:\\\/\\\/mousepad24.eu\\\/#website\"},\"primaryImageOfPage\":{\"@id\":\"https:\\\/\\\/mousepad24.eu\\\/lt\\\/produkt\\\/peles-kilimelis-sublimacijai-sub_eco\\\/#primaryimage\"},\"image\":{\"@id\":\"https:\\\/\\\/mousepad24.eu\\\/lt\\\/produkt\\\/peles-kilimelis-sublimacijai-sub_eco\\\/#primaryimage\"},\"thumbnailUrl\":\"https:\\\/\\\/mousepad24.eu\\\/wp-content\\\/uploads\\\/2025\\\/10\\\/22x18-blank.png\",\"datePublished\":\"2025-10-22T08:13:18+00:00\",\"dateModified\":\"2026-01-29T12:37:59+00:00\",\"description\":\"Ekonomi\u0161kas pel\u0117s kilim\u0117lis SUB_Economy \u2013 puikiai tinka sublimaciniam spausdinimui. Auk\u0161ta kokyb\u0117, ilgaam\u017ei\u0161kumas ir ry\u0161kios spalvos u\u017e ma\u017e\u0105 kain\u0105.\",\"breadcrumb\":{\"@id\":\"https:\\\/\\\/mousepad24.eu\\\/lt\\\/produkt\\\/peles-kilimelis-sublimacijai-sub_eco\\\/#breadcrumb\"},\"inLanguage\":\"lt-LT\",\"potentialAction\":[{\"@type\":\"ReadAction\",\"target\":[\"https:\\\/\\\/mousepad24.eu\\\/lt\\\/produkt\\\/peles-kilimelis-sublimacijai-sub_eco\\\/\"]}]},{\"@type\":\"ImageObject\",\"inLanguage\":\"lt-LT\",\"@id\":\"https:\\\/\\\/mousepad24.eu\\\/lt\\\/produkt\\\/peles-kilimelis-sublimacijai-sub_eco\\\/#primaryimage\",\"url\":\"https:\\\/\\\/mousepad24.eu\\\/wp-content\\\/uploads\\\/2025\\\/10\\\/22x18-blank.png\",\"contentUrl\":\"https:\\\/\\\/mousepad24.eu\\\/wp-content\\\/uploads\\\/2025\\\/10\\\/22x18-blank.png\",\"width\":1024,\"height\":1024,\"caption\":\"Sub_economy\"},{\"@type\":\"BreadcrumbList\",\"@id\":\"https:\\\/\\\/mousepad24.eu\\\/lt\\\/produkt\\\/peles-kilimelis-sublimacijai-sub_eco\\\/#breadcrumb\",\"itemListElement\":[{\"@type\":\"ListItem\",\"position\":1,\"name\":\"Pagrindinis puslapis\",\"item\":\"https:\\\/\\\/mousepad24.eu\\\/lt\\\/\"},{\"@type\":\"ListItem\",\"position\":2,\"name\":\"Parduotuv\u0117\",\"item\":\"https:\\\/\\\/mousepad24.eu\\\/lt\\\/\"},{\"@type\":\"ListItem\",\"position\":3,\"name\":\"Pel\u0117s kilim\u0117lis sublimacijai \\\/SUB_ECO\\\/\"}]},{\"@type\":\"WebSite\",\"@id\":\"https:\\\/\\\/mousepad24.eu\\\/#website\",\"url\":\"https:\\\/\\\/mousepad24.eu\\\/\",\"name\":\"MousePad24.eu\",\"description\":\"Personalizowane podk\u0142adki pod mysz\",\"publisher\":{\"@id\":\"https:\\\/\\\/mousepad24.eu\\\/#organization\"},\"potentialAction\":[{\"@type\":\"SearchAction\",\"target\":{\"@type\":\"EntryPoint\",\"urlTemplate\":\"https:\\\/\\\/mousepad24.eu\\\/?s={search_term_string}\"},\"query-input\":{\"@type\":\"PropertyValueSpecification\",\"valueRequired\":true,\"valueName\":\"search_term_string\"}}],\"inLanguage\":\"lt-LT\"},{\"@type\":\"Organization\",\"@id\":\"https:\\\/\\\/mousepad24.eu\\\/#organization\",\"name\":\"MousePad24.eu\",\"url\":\"https:\\\/\\\/mousepad24.eu\\\/\",\"logo\":{\"@type\":\"ImageObject\",\"inLanguage\":\"lt-LT\",\"@id\":\"https:\\\/\\\/mousepad24.eu\\\/#\\\/schema\\\/logo\\\/image\\\/\",\"url\":\"https:\\\/\\\/mousepad24.eu\\\/wp-content\\\/uploads\\\/2022\\\/12\\\/MOUSEPAD24_logo_curv_OK-1.png\",\"contentUrl\":\"https:\\\/\\\/mousepad24.eu\\\/wp-content\\\/uploads\\\/2022\\\/12\\\/MOUSEPAD24_logo_curv_OK-1.png\",\"width\":1024,\"height\":75,\"caption\":\"MousePad24.eu\"},\"image\":{\"@id\":\"https:\\\/\\\/mousepad24.eu\\\/#\\\/schema\\\/logo\\\/image\\\/\"},\"sameAs\":[\"https:\\\/\\\/www.facebook.com\\\/mousepad24\\\/\",\"https:\\\/\\\/www.instagram.com\\\/mousepad24.eu\\\/\",\"https:\\\/\\\/www.linkedin.com\\\/company\\\/podkladki24-mousepad24\\\/\"]}]}<\/script>\n<!-- \/ Yoast SEO plugin. -->","yoast_head_json":{"title":"Pel\u0117s kilim\u0117lis sublimacijai \/SUB_ECO\/ - MousePad24.eu","description":"Ekonomi\u0161kas pel\u0117s kilim\u0117lis SUB_Economy \u2013 puikiai tinka sublimaciniam spausdinimui. Auk\u0161ta kokyb\u0117, ilgaam\u017ei\u0161kumas ir ry\u0161kios spalvos u\u017e ma\u017e\u0105 kain\u0105.","robots":{"index":"index","follow":"follow","max-snippet":"max-snippet:-1","max-image-preview":"max-image-preview:large","max-video-preview":"max-video-preview:-1"},"og_locale":"lt_LT","og_type":"article","og_title":"Pel\u0117s kilim\u0117lis sublimacijai \/SUB_ECO\/ - MousePad24.eu","og_description":"Ekonomi\u0161kas pel\u0117s kilim\u0117lis SUB_Economy \u2013 puikiai tinka sublimaciniam spausdinimui. Auk\u0161ta kokyb\u0117, ilgaam\u017ei\u0161kumas ir ry\u0161kios spalvos u\u017e ma\u017e\u0105 kain\u0105.","og_url":"https:\/\/mousepad24.eu\/lt\/produkt\/peles-kilimelis-sublimacijai-sub_eco\/","og_site_name":"MousePad24.eu","article_publisher":"https:\/\/www.facebook.com\/mousepad24\/","article_modified_time":"2026-01-29T12:37:59+00:00","og_image":[{"width":1024,"height":1024,"url":"https:\/\/mousepad24.eu\/wp-content\/uploads\/2025\/10\/22x18-blank.png","type":"image\/png"}],"twitter_card":"summary_large_image","twitter_misc":{"Est. reading time":"2 minut\u0117s"},"schema":{"@context":"https:\/\/schema.org","@graph":[{"@type":"WebPage","@id":"https:\/\/mousepad24.eu\/lt\/produkt\/peles-kilimelis-sublimacijai-sub_eco\/","url":"https:\/\/mousepad24.eu\/lt\/produkt\/peles-kilimelis-sublimacijai-sub_eco\/","name":"Pel\u0117s kilim\u0117lis sublimacijai \/SUB_ECO\/ - MousePad24.eu","isPartOf":{"@id":"https:\/\/mousepad24.eu\/#website"},"primaryImageOfPage":{"@id":"https:\/\/mousepad24.eu\/lt\/produkt\/peles-kilimelis-sublimacijai-sub_eco\/#primaryimage"},"image":{"@id":"https:\/\/mousepad24.eu\/lt\/produkt\/peles-kilimelis-sublimacijai-sub_eco\/#primaryimage"},"thumbnailUrl":"https:\/\/mousepad24.eu\/wp-content\/uploads\/2025\/10\/22x18-blank.png","datePublished":"2025-10-22T08:13:18+00:00","dateModified":"2026-01-29T12:37:59+00:00","description":"Ekonomi\u0161kas pel\u0117s kilim\u0117lis SUB_Economy \u2013 puikiai tinka sublimaciniam spausdinimui. Auk\u0161ta kokyb\u0117, ilgaam\u017ei\u0161kumas ir ry\u0161kios spalvos u\u017e ma\u017e\u0105 kain\u0105.","breadcrumb":{"@id":"https:\/\/mousepad24.eu\/lt\/produkt\/peles-kilimelis-sublimacijai-sub_eco\/#breadcrumb"},"inLanguage":"lt-LT","potentialAction":[{"@type":"ReadAction","target":["https:\/\/mousepad24.eu\/lt\/produkt\/peles-kilimelis-sublimacijai-sub_eco\/"]}]},{"@type":"ImageObject","inLanguage":"lt-LT","@id":"https:\/\/mousepad24.eu\/lt\/produkt\/peles-kilimelis-sublimacijai-sub_eco\/#primaryimage","url":"https:\/\/mousepad24.eu\/wp-content\/uploads\/2025\/10\/22x18-blank.png","contentUrl":"https:\/\/mousepad24.eu\/wp-content\/uploads\/2025\/10\/22x18-blank.png","width":1024,"height":1024,"caption":"Sub_economy"},{"@type":"BreadcrumbList","@id":"https:\/\/mousepad24.eu\/lt\/produkt\/peles-kilimelis-sublimacijai-sub_eco\/#breadcrumb","itemListElement":[{"@type":"ListItem","position":1,"name":"Pagrindinis puslapis","item":"https:\/\/mousepad24.eu\/lt\/"},{"@type":"ListItem","position":2,"name":"Parduotuv\u0117","item":"https:\/\/mousepad24.eu\/lt\/"},{"@type":"ListItem","position":3,"name":"Pel\u0117s kilim\u0117lis sublimacijai \/SUB_ECO\/"}]},{"@type":"WebSite","@id":"https:\/\/mousepad24.eu\/#website","url":"https:\/\/mousepad24.eu\/","name":"MousePad24.eu","description":"Personalizowane podk\u0142adki pod mysz","publisher":{"@id":"https:\/\/mousepad24.eu\/#organization"},"potentialAction":[{"@type":"SearchAction","target":{"@type":"EntryPoint","urlTemplate":"https:\/\/mousepad24.eu\/?s={search_term_string}"},"query-input":{"@type":"PropertyValueSpecification","valueRequired":true,"valueName":"search_term_string"}}],"inLanguage":"lt-LT"},{"@type":"Organization","@id":"https:\/\/mousepad24.eu\/#organization","name":"MousePad24.eu","url":"https:\/\/mousepad24.eu\/","logo":{"@type":"ImageObject","inLanguage":"lt-LT","@id":"https:\/\/mousepad24.eu\/#\/schema\/logo\/image\/","url":"https:\/\/mousepad24.eu\/wp-content\/uploads\/2022\/12\/MOUSEPAD24_logo_curv_OK-1.png","contentUrl":"https:\/\/mousepad24.eu\/wp-content\/uploads\/2022\/12\/MOUSEPAD24_logo_curv_OK-1.png","width":1024,"height":75,"caption":"MousePad24.eu"},"image":{"@id":"https:\/\/mousepad24.eu\/#\/schema\/logo\/image\/"},"sameAs":["https:\/\/www.facebook.com\/mousepad24\/","https:\/\/www.instagram.com\/mousepad24.eu\/","https:\/\/www.linkedin.com\/company\/podkladki24-mousepad24\/"]}]}},"_links":{"self":[{"href":"https:\/\/mousepad24.eu\/lt\/wp-json\/wp\/v2\/product\/69936","targetHints":{"allow":["GET"]}}],"collection":[{"href":"https:\/\/mousepad24.eu\/lt\/wp-json\/wp\/v2\/product"}],"about":[{"href":"https:\/\/mousepad24.eu\/lt\/wp-json\/wp\/v2\/types\/product"}],"wp:featuredmedia":[{"embeddable":true,"href":"https:\/\/mousepad24.eu\/lt\/wp-json\/wp\/v2\/media\/69942"}],"wp:attachment":[{"href":"https:\/\/mousepad24.eu\/lt\/wp-json\/wp\/v2\/media?parent=69936"}],"wp:term":[{"taxonomy":"product_brand","embeddable":true,"href":"https:\/\/mousepad24.eu\/lt\/wp-json\/wp\/v2\/product_brand?post=69936"},{"taxonomy":"product_cat","embeddable":true,"href":"https:\/\/mousepad24.eu\/lt\/wp-json\/wp\/v2\/product_cat?post=69936"},{"taxonomy":"product_tag","embeddable":true,"href":"https:\/\/mousepad24.eu\/lt\/wp-json\/wp\/v2\/product_tag?post=69936"}],"curies":[{"name":"wp","href":"https:\/\/api.w.org\/{rel}","templated":true}]}}