{"id":74831,"date":"2025-10-31T15:38:03","date_gmt":"2025-10-31T14:38:03","guid":{"rendered":"https:\/\/jnpnki27nc.onrocket.site\/produkt\/peles-kilimelis-su-kalendoriumi-ir-atvirute-k1-view\/"},"modified":"2026-01-29T13:37:32","modified_gmt":"2026-01-29T12:37:32","slug":"peles-kilimelis-su-kalendoriumi-ir-atvirute-k1-view","status":"publish","type":"product","link":"https:\/\/mousepad24.eu\/lt\/produkt\/peles-kilimelis-su-kalendoriumi-ir-atvirute-k1-view\/","title":{"rendered":"Pel\u0117s kilim\u0117lis su kalendoriumi ir atvirute (K1 View)"},"content":{"rendered":"<p>Susipa\u017eink su unikaliu <strong>pel\u0117s kilim\u0117liu K1 su vis\u0173 met\u0173 kalendoriumi<\/strong>, kuris sujungia funkcionalum\u0105 ir estetik\u0105. Tai ne tik patogus pavir\u0161ius darbui prie kompiuterio, bet ir <strong>miniati\u016brin\u0117 fotografijos galerija<\/strong>, kuri kiekvien\u0105 m\u0117nes\u012f perkels tave \u012f kit\u0105 viet\u0105 ir met\u0173 laik\u0105 \ud83c\udf37\ud83c\udf3e\ud83c\udf42\u2744\ufe0f <\/p>\n<p><strong>\ud83d\uddb1\ufe0f<\/strong><strong> Funkcionalumas ir patogumas<\/strong><\/p>\n<ul>\n<li>Pagamintas i\u0161 auk\u0161tos kokyb\u0117s <strong>neslystan\u010dios poliuretano putos<\/strong>, tod\u0117l stabiliai guli ant stalo.<\/li>\n<li>Lygus pavir\u0161ius leid\u017eia <strong>tiksliai valdyti optin\u0119 ir lazerin\u0119 pel\u0119<\/strong>.<\/li>\n<li>Patvarus kalendoriaus spausdinimas nesitrina ir i\u0161lieka \u012fskaitomas visus metus.<\/li>\n<\/ul>\n<p><strong>\ud83d\udcc5<\/strong><strong> Visada po ranka \u2013 12 m\u0117nesi\u0173 kalendorius<\/strong><\/p>\n<p>Ant kilim\u0117lio yra <strong>pilnas met\u0173 kalendorius<\/strong> su ai\u0161kiai pa\u017eym\u0117tais savaitgaliais ir \u0161vent\u0117mis.<br \/>\nNebereikia ie\u0161koti dienora\u0161\u010dio \u2013 u\u017etenka \u017evilgtel\u0117ti \u012f stal\u0105!<\/p>\n<p><strong>\ud83c\udf04<\/strong><strong> Kiekvienas m\u0117nuo \u2013 skirtingas vaizdas<\/strong><\/p>\n<p>Vir\u0161utin\u0117 kilim\u0117lio dalis papuo\u0161ta <strong>gra\u017eiais gamtos vaizdais<\/strong>, pritaikytais met\u0173 laikams \u2013 nuo \u017eiemos peiza\u017e\u0173 iki vasaros vaizd\u0173 ir rudens spalv\u0173.<br \/>\nD\u0117l j\u0173 tavo stalas \u012fgaus unikal\u0173 charakter\u012f ir \u0161iek tiek gamtos kasdieniniame darbe.<\/p>\n<p><strong>\ud83d\udcbc<\/strong><strong> Idealus namams ir biurui<\/strong><\/p>\n<ul>\n<li>Nepakei\u010diama pagalba organizuojant dien\u0105.<\/li>\n<li>Puikiai atrodo bet kokiame interjere.<\/li>\n<li>Tinka ir kaip <strong>prakti\u0161ka verslo dovana<\/strong> arba dovanos priedas.<\/li>\n<\/ul>\n<p><strong>\u2699\ufe0f<\/strong><strong> Techniniai parametrai:<\/strong><\/p>\n<ul>\n<li>Modelis: <strong>K1_<\/strong> <strong>View<\/strong><\/li>\n<li>Matmenys: <strong>230 \u00d7 180 \u00d7 3 mm<\/strong><\/li>\n<li>Med\u017eiaga: <strong>poliuretano puta + tekst\u016bruota folija pel\u0117s valdymui<\/strong><\/li>\n<li><strong>Apa\u010dioje 12 nupl\u0117\u0161iam\u0173 auk\u0161tos kokyb\u0117s ofsetinio popieriaus lap\u0173, ant kuri\u0173 lengva ra\u0161yti, o ra\u0161alas nesitepa.<br \/>\nPasibaigus m\u0117nesiui, lap\u0105 reikia nupl\u0117\u0161ti ir taip atidengti kit\u0105 m\u0117nes\u012f.<\/strong><\/li>\n<li>Spausdinimas: vis\u0173 spalv\u0173, patvarus, auk\u0161tos kokyb\u0117s<\/li>\n<li>Kalendorius: <strong>12 m\u0117nesi\u0173 (PL\/EN)<\/strong><\/li>\n<li><strong>Pasibaigus metams, po vir\u0161eliu galima \u012fd\u0117ti bet koki\u0105 grafik\u0105 ar nuotrauk\u0105 ir toliau s\u0117kmingai naudoti \u0161\u012f prakti\u0161k\u0105 prietais\u0105.<\/strong><\/li>\n<\/ul>\n<p>\ud83c\udf81 <strong>Kod\u0117l verta?<\/strong><br \/>\nNes tai <strong>ne tik pel\u0117s kilim\u0117lis<\/strong>, bet ir <strong>planuoklis, kalendorius ir atvirut\u0117 viename<\/strong>!<br \/>\nPasir\u016bpink tvarka ant stalo ir \u0161iek tiek \u012fkv\u0117pimo kiekvien\u0105 dien\u0105.<\/p>\n","protected":false},"excerpt":{"rendered":"<p>Stilius, elegancija ir funkcionalumas. Kiekvienas m\u0117nuo atne\u0161a nauj\u0105 vaizd\u0105! K1 View kilim\u0117lis su kalendoriumi \u2013 tai kasdien\u0117 \u012fkv\u0117pimo ir gamtos doz\u0117 ant tavo stalo.  <\/p>\n<p>&nbsp;<\/p>\n","protected":false},"featured_media":74804,"template":"","meta":[],"product_brand":[],"product_cat":[772],"product_tag":[],"class_list":{"0":"post-74831","1":"product","2":"type-product","3":"status-publish","4":"has-post-thumbnail","6":"product_cat-kalendoriu-peles-kiliai","7":"fpd-variation-needed","9":"first","10":"instock","11":"taxable","12":"shipping-taxable","13":"purchasable","14":"product-type-simple"},"yoast_head":"<!-- This site is optimized with the Yoast SEO plugin v27.3 - https:\/\/yoast.com\/product\/yoast-seo-wordpress\/ -->\n<title>Pel\u0117s kilim\u0117lis su kalendoriumi ir atvirute (K1 View) - MousePad24.eu<\/title>\n<meta name=\"description\" content=\"Pel\u0117s kilim\u0117lis su kalendoriumi K1 View yra ideali verslo dovana \u2013 prakti\u0161ka, patvari ir esteti\u0161ka prek\u0117, palengvinanti darbo organizavim\u0105.\" \/>\n<meta name=\"robots\" content=\"index, follow, max-snippet:-1, max-image-preview:large, max-video-preview:-1\" \/>\n<meta property=\"og:locale\" content=\"lt_LT\" \/>\n<meta property=\"og:type\" content=\"article\" \/>\n<meta property=\"og:title\" content=\"Pel\u0117s kilim\u0117lis su kalendoriumi ir atvirute (K1 View) - MousePad24.eu\" \/>\n<meta property=\"og:description\" content=\"Pel\u0117s kilim\u0117lis su kalendoriumi K1 View yra ideali verslo dovana \u2013 prakti\u0161ka, patvari ir esteti\u0161ka prek\u0117, palengvinanti darbo organizavim\u0105.\" \/>\n<meta property=\"og:url\" content=\"https:\/\/mousepad24.eu\/lt\/produkt\/peles-kilimelis-su-kalendoriumi-ir-atvirute-k1-view\/\" \/>\n<meta property=\"og:site_name\" content=\"MousePad24.eu\" \/>\n<meta property=\"article:publisher\" content=\"https:\/\/www.facebook.com\/mousepad24\/\" \/>\n<meta property=\"article:modified_time\" content=\"2026-01-29T12:37:32+00:00\" \/>\n<meta property=\"og:image\" content=\"https:\/\/mousepad24.eu\/wp-content\/uploads\/2025\/10\/calendar_mousepad-K1_multicolor_kalendarz_podkladka_k1_wielokolorowy-1.jpg\" \/>\n\t<meta property=\"og:image:width\" content=\"2500\" \/>\n\t<meta property=\"og:image:height\" content=\"2500\" \/>\n\t<meta property=\"og:image:type\" content=\"image\/jpeg\" \/>\n<meta name=\"twitter:card\" content=\"summary_large_image\" \/>\n<meta name=\"twitter:label1\" content=\"Est. reading time\" \/>\n\t<meta name=\"twitter:data1\" content=\"2 minut\u0117s\" \/>\n<script type=\"application\/ld+json\" class=\"yoast-schema-graph\">{\"@context\":\"https:\\\/\\\/schema.org\",\"@graph\":[{\"@type\":\"WebPage\",\"@id\":\"https:\\\/\\\/mousepad24.eu\\\/lt\\\/produkt\\\/peles-kilimelis-su-kalendoriumi-ir-atvirute-k1-view\\\/\",\"url\":\"https:\\\/\\\/mousepad24.eu\\\/lt\\\/produkt\\\/peles-kilimelis-su-kalendoriumi-ir-atvirute-k1-view\\\/\",\"name\":\"Pel\u0117s kilim\u0117lis su kalendoriumi ir atvirute (K1 View) - MousePad24.eu\",\"isPartOf\":{\"@id\":\"https:\\\/\\\/mousepad24.eu\\\/#website\"},\"primaryImageOfPage\":{\"@id\":\"https:\\\/\\\/mousepad24.eu\\\/lt\\\/produkt\\\/peles-kilimelis-su-kalendoriumi-ir-atvirute-k1-view\\\/#primaryimage\"},\"image\":{\"@id\":\"https:\\\/\\\/mousepad24.eu\\\/lt\\\/produkt\\\/peles-kilimelis-su-kalendoriumi-ir-atvirute-k1-view\\\/#primaryimage\"},\"thumbnailUrl\":\"https:\\\/\\\/mousepad24.eu\\\/wp-content\\\/uploads\\\/2025\\\/10\\\/calendar_mousepad-K1_multicolor_kalendarz_podkladka_k1_wielokolorowy-1.jpg\",\"datePublished\":\"2025-10-31T14:38:03+00:00\",\"dateModified\":\"2026-01-29T12:37:32+00:00\",\"description\":\"Pel\u0117s kilim\u0117lis su kalendoriumi K1 View yra ideali verslo dovana \u2013 prakti\u0161ka, patvari ir esteti\u0161ka prek\u0117, palengvinanti darbo organizavim\u0105.\",\"breadcrumb\":{\"@id\":\"https:\\\/\\\/mousepad24.eu\\\/lt\\\/produkt\\\/peles-kilimelis-su-kalendoriumi-ir-atvirute-k1-view\\\/#breadcrumb\"},\"inLanguage\":\"lt-LT\",\"potentialAction\":[{\"@type\":\"ReadAction\",\"target\":[\"https:\\\/\\\/mousepad24.eu\\\/lt\\\/produkt\\\/peles-kilimelis-su-kalendoriumi-ir-atvirute-k1-view\\\/\"]}]},{\"@type\":\"ImageObject\",\"inLanguage\":\"lt-LT\",\"@id\":\"https:\\\/\\\/mousepad24.eu\\\/lt\\\/produkt\\\/peles-kilimelis-su-kalendoriumi-ir-atvirute-k1-view\\\/#primaryimage\",\"url\":\"https:\\\/\\\/mousepad24.eu\\\/wp-content\\\/uploads\\\/2025\\\/10\\\/calendar_mousepad-K1_multicolor_kalendarz_podkladka_k1_wielokolorowy-1.jpg\",\"contentUrl\":\"https:\\\/\\\/mousepad24.eu\\\/wp-content\\\/uploads\\\/2025\\\/10\\\/calendar_mousepad-K1_multicolor_kalendarz_podkladka_k1_wielokolorowy-1.jpg\",\"width\":2500,\"height\":2500},{\"@type\":\"BreadcrumbList\",\"@id\":\"https:\\\/\\\/mousepad24.eu\\\/lt\\\/produkt\\\/peles-kilimelis-su-kalendoriumi-ir-atvirute-k1-view\\\/#breadcrumb\",\"itemListElement\":[{\"@type\":\"ListItem\",\"position\":1,\"name\":\"Pagrindinis puslapis\",\"item\":\"https:\\\/\\\/mousepad24.eu\\\/lt\\\/\"},{\"@type\":\"ListItem\",\"position\":2,\"name\":\"Parduotuv\u0117\",\"item\":\"https:\\\/\\\/mousepad24.eu\\\/lt\\\/\"},{\"@type\":\"ListItem\",\"position\":3,\"name\":\"Pel\u0117s kilim\u0117lis su kalendoriumi ir atvirute (K1 View)\"}]},{\"@type\":\"WebSite\",\"@id\":\"https:\\\/\\\/mousepad24.eu\\\/#website\",\"url\":\"https:\\\/\\\/mousepad24.eu\\\/\",\"name\":\"MousePad24.eu\",\"description\":\"Personalizowane podk\u0142adki pod mysz\",\"publisher\":{\"@id\":\"https:\\\/\\\/mousepad24.eu\\\/#organization\"},\"potentialAction\":[{\"@type\":\"SearchAction\",\"target\":{\"@type\":\"EntryPoint\",\"urlTemplate\":\"https:\\\/\\\/mousepad24.eu\\\/?s={search_term_string}\"},\"query-input\":{\"@type\":\"PropertyValueSpecification\",\"valueRequired\":true,\"valueName\":\"search_term_string\"}}],\"inLanguage\":\"lt-LT\"},{\"@type\":\"Organization\",\"@id\":\"https:\\\/\\\/mousepad24.eu\\\/#organization\",\"name\":\"MousePad24.eu\",\"url\":\"https:\\\/\\\/mousepad24.eu\\\/\",\"logo\":{\"@type\":\"ImageObject\",\"inLanguage\":\"lt-LT\",\"@id\":\"https:\\\/\\\/mousepad24.eu\\\/#\\\/schema\\\/logo\\\/image\\\/\",\"url\":\"https:\\\/\\\/mousepad24.eu\\\/wp-content\\\/uploads\\\/2022\\\/12\\\/MOUSEPAD24_logo_curv_OK-1.png\",\"contentUrl\":\"https:\\\/\\\/mousepad24.eu\\\/wp-content\\\/uploads\\\/2022\\\/12\\\/MOUSEPAD24_logo_curv_OK-1.png\",\"width\":1024,\"height\":75,\"caption\":\"MousePad24.eu\"},\"image\":{\"@id\":\"https:\\\/\\\/mousepad24.eu\\\/#\\\/schema\\\/logo\\\/image\\\/\"},\"sameAs\":[\"https:\\\/\\\/www.facebook.com\\\/mousepad24\\\/\",\"https:\\\/\\\/www.instagram.com\\\/mousepad24.eu\\\/\",\"https:\\\/\\\/www.linkedin.com\\\/company\\\/podkladki24-mousepad24\\\/\"]}]}<\/script>\n<!-- \/ Yoast SEO plugin. -->","yoast_head_json":{"title":"Pel\u0117s kilim\u0117lis su kalendoriumi ir atvirute (K1 View) - MousePad24.eu","description":"Pel\u0117s kilim\u0117lis su kalendoriumi K1 View yra ideali verslo dovana \u2013 prakti\u0161ka, patvari ir esteti\u0161ka prek\u0117, palengvinanti darbo organizavim\u0105.","robots":{"index":"index","follow":"follow","max-snippet":"max-snippet:-1","max-image-preview":"max-image-preview:large","max-video-preview":"max-video-preview:-1"},"og_locale":"lt_LT","og_type":"article","og_title":"Pel\u0117s kilim\u0117lis su kalendoriumi ir atvirute (K1 View) - MousePad24.eu","og_description":"Pel\u0117s kilim\u0117lis su kalendoriumi K1 View yra ideali verslo dovana \u2013 prakti\u0161ka, patvari ir esteti\u0161ka prek\u0117, palengvinanti darbo organizavim\u0105.","og_url":"https:\/\/mousepad24.eu\/lt\/produkt\/peles-kilimelis-su-kalendoriumi-ir-atvirute-k1-view\/","og_site_name":"MousePad24.eu","article_publisher":"https:\/\/www.facebook.com\/mousepad24\/","article_modified_time":"2026-01-29T12:37:32+00:00","og_image":[{"width":2500,"height":2500,"url":"https:\/\/mousepad24.eu\/wp-content\/uploads\/2025\/10\/calendar_mousepad-K1_multicolor_kalendarz_podkladka_k1_wielokolorowy-1.jpg","type":"image\/jpeg"}],"twitter_card":"summary_large_image","twitter_misc":{"Est. reading time":"2 minut\u0117s"},"schema":{"@context":"https:\/\/schema.org","@graph":[{"@type":"WebPage","@id":"https:\/\/mousepad24.eu\/lt\/produkt\/peles-kilimelis-su-kalendoriumi-ir-atvirute-k1-view\/","url":"https:\/\/mousepad24.eu\/lt\/produkt\/peles-kilimelis-su-kalendoriumi-ir-atvirute-k1-view\/","name":"Pel\u0117s kilim\u0117lis su kalendoriumi ir atvirute (K1 View) - MousePad24.eu","isPartOf":{"@id":"https:\/\/mousepad24.eu\/#website"},"primaryImageOfPage":{"@id":"https:\/\/mousepad24.eu\/lt\/produkt\/peles-kilimelis-su-kalendoriumi-ir-atvirute-k1-view\/#primaryimage"},"image":{"@id":"https:\/\/mousepad24.eu\/lt\/produkt\/peles-kilimelis-su-kalendoriumi-ir-atvirute-k1-view\/#primaryimage"},"thumbnailUrl":"https:\/\/mousepad24.eu\/wp-content\/uploads\/2025\/10\/calendar_mousepad-K1_multicolor_kalendarz_podkladka_k1_wielokolorowy-1.jpg","datePublished":"2025-10-31T14:38:03+00:00","dateModified":"2026-01-29T12:37:32+00:00","description":"Pel\u0117s kilim\u0117lis su kalendoriumi K1 View yra ideali verslo dovana \u2013 prakti\u0161ka, patvari ir esteti\u0161ka prek\u0117, palengvinanti darbo organizavim\u0105.","breadcrumb":{"@id":"https:\/\/mousepad24.eu\/lt\/produkt\/peles-kilimelis-su-kalendoriumi-ir-atvirute-k1-view\/#breadcrumb"},"inLanguage":"lt-LT","potentialAction":[{"@type":"ReadAction","target":["https:\/\/mousepad24.eu\/lt\/produkt\/peles-kilimelis-su-kalendoriumi-ir-atvirute-k1-view\/"]}]},{"@type":"ImageObject","inLanguage":"lt-LT","@id":"https:\/\/mousepad24.eu\/lt\/produkt\/peles-kilimelis-su-kalendoriumi-ir-atvirute-k1-view\/#primaryimage","url":"https:\/\/mousepad24.eu\/wp-content\/uploads\/2025\/10\/calendar_mousepad-K1_multicolor_kalendarz_podkladka_k1_wielokolorowy-1.jpg","contentUrl":"https:\/\/mousepad24.eu\/wp-content\/uploads\/2025\/10\/calendar_mousepad-K1_multicolor_kalendarz_podkladka_k1_wielokolorowy-1.jpg","width":2500,"height":2500},{"@type":"BreadcrumbList","@id":"https:\/\/mousepad24.eu\/lt\/produkt\/peles-kilimelis-su-kalendoriumi-ir-atvirute-k1-view\/#breadcrumb","itemListElement":[{"@type":"ListItem","position":1,"name":"Pagrindinis puslapis","item":"https:\/\/mousepad24.eu\/lt\/"},{"@type":"ListItem","position":2,"name":"Parduotuv\u0117","item":"https:\/\/mousepad24.eu\/lt\/"},{"@type":"ListItem","position":3,"name":"Pel\u0117s kilim\u0117lis su kalendoriumi ir atvirute (K1 View)"}]},{"@type":"WebSite","@id":"https:\/\/mousepad24.eu\/#website","url":"https:\/\/mousepad24.eu\/","name":"MousePad24.eu","description":"Personalizowane podk\u0142adki pod mysz","publisher":{"@id":"https:\/\/mousepad24.eu\/#organization"},"potentialAction":[{"@type":"SearchAction","target":{"@type":"EntryPoint","urlTemplate":"https:\/\/mousepad24.eu\/?s={search_term_string}"},"query-input":{"@type":"PropertyValueSpecification","valueRequired":true,"valueName":"search_term_string"}}],"inLanguage":"lt-LT"},{"@type":"Organization","@id":"https:\/\/mousepad24.eu\/#organization","name":"MousePad24.eu","url":"https:\/\/mousepad24.eu\/","logo":{"@type":"ImageObject","inLanguage":"lt-LT","@id":"https:\/\/mousepad24.eu\/#\/schema\/logo\/image\/","url":"https:\/\/mousepad24.eu\/wp-content\/uploads\/2022\/12\/MOUSEPAD24_logo_curv_OK-1.png","contentUrl":"https:\/\/mousepad24.eu\/wp-content\/uploads\/2022\/12\/MOUSEPAD24_logo_curv_OK-1.png","width":1024,"height":75,"caption":"MousePad24.eu"},"image":{"@id":"https:\/\/mousepad24.eu\/#\/schema\/logo\/image\/"},"sameAs":["https:\/\/www.facebook.com\/mousepad24\/","https:\/\/www.instagram.com\/mousepad24.eu\/","https:\/\/www.linkedin.com\/company\/podkladki24-mousepad24\/"]}]}},"_links":{"self":[{"href":"https:\/\/mousepad24.eu\/lt\/wp-json\/wp\/v2\/product\/74831","targetHints":{"allow":["GET"]}}],"collection":[{"href":"https:\/\/mousepad24.eu\/lt\/wp-json\/wp\/v2\/product"}],"about":[{"href":"https:\/\/mousepad24.eu\/lt\/wp-json\/wp\/v2\/types\/product"}],"wp:featuredmedia":[{"embeddable":true,"href":"https:\/\/mousepad24.eu\/lt\/wp-json\/wp\/v2\/media\/74804"}],"wp:attachment":[{"href":"https:\/\/mousepad24.eu\/lt\/wp-json\/wp\/v2\/media?parent=74831"}],"wp:term":[{"taxonomy":"product_brand","embeddable":true,"href":"https:\/\/mousepad24.eu\/lt\/wp-json\/wp\/v2\/product_brand?post=74831"},{"taxonomy":"product_cat","embeddable":true,"href":"https:\/\/mousepad24.eu\/lt\/wp-json\/wp\/v2\/product_cat?post=74831"},{"taxonomy":"product_tag","embeddable":true,"href":"https:\/\/mousepad24.eu\/lt\/wp-json\/wp\/v2\/product_tag?post=74831"}],"curies":[{"name":"wp","href":"https:\/\/api.w.org\/{rel}","templated":true}]}}