{"id":75956,"date":"2025-12-04T12:21:40","date_gmt":"2025-12-04T11:21:40","guid":{"rendered":"https:\/\/mousepad24.eu\/produkt\/rieso-atramos-pagalvele-mfwr\/"},"modified":"2026-01-22T08:26:49","modified_gmt":"2026-01-22T07:26:49","slug":"rieso-atramos-pagalvele-mfwr","status":"publish","type":"product","link":"https:\/\/mousepad24.eu\/lt\/produkt\/rieso-atramos-pagalvele-mfwr\/","title":{"rendered":"Rie\u0161o atramos pagalv\u0117l\u0117 \/ MFWR \/"},"content":{"rendered":"<p data-start=\"145\" data-end=\"538\"><strong data-start=\"145\" data-end=\"226\">Memory Foam Wrist Rest \u2013 ergonomi\u0161ka rie\u0161o atramos pagalv\u0117l\u0117 i\u0161 memory putplas\u010dio.<\/strong>  Tai idealus sprendimas \u017emon\u0117ms, kurie nori padidinti komfort\u0105 dirbant prie kompiuterio, nekei\u010diant savo m\u0117gstamos pel\u0117s kilim\u0117lio. Atramos pagalv\u0117l\u0117 sukurta taip, kad puikiai der\u0117t\u0173 su bet kuriuo plok\u0161\u010diu kilim\u0117liu. Sukuria patog\u0173 ir stabil\u0173 rinkin\u012f tiek biuro darbui, tiek \u017eaidimams.  <\/p>\n<p data-start=\"540\" data-end=\"843\">Naudojama <em data-start=\"552\" data-end=\"567\">atmintin\u0117 puta<\/em> prisitaiko prie nat\u016bralios rankos pad\u0117ties, efektyviai suma\u017eindama rie\u0161o apkrov\u0105 ir raumen\u0173 \u012ftamp\u0105. Tai patogesn\u0117 ir nat\u016bralesn\u0117 alternatyva tradicin\u0117ms pel\u0117s kilim\u0117liams su geliniu pagalv\u0117le. Ji yra elastinga, ma\u017eiau varginanti ir u\u017etikrina stabilesn\u0119 rankos atram\u0105.<\/p>\n<p data-start=\"845\" data-end=\"984\"><strong data-start=\"845\" data-end=\"871\">Du variantai pasirinkimui<\/strong><br data-start=\"871\" data-end=\"874\">Atramos pagalv\u0117l\u0117 prieinama dviejose versijose, kad kuo geriau pritaikyt\u0173 prie tavo darbo stiliaus ar darbo vietos:<\/p>\n<ul data-start=\"986\" data-end=\"1369\">\n<li data-start=\"986\" data-end=\"1072\">\n<p data-start=\"988\" data-end=\"1072\"><strong data-start=\"988\" data-end=\"1011\">Variantas be spaudos<\/strong> \u2013 minimalistinis, eleganti\u0161kas ir tinkantis bet kokiam setup&#8217;ui.<\/p>\n<\/li>\n<li data-start=\"1073\" data-end=\"1369\">\n<p data-start=\"1075\" data-end=\"1369\"><strong data-start=\"1075\" data-end=\"1102\">Variantas su DTF spauda<\/strong> \u2013 modernus, patvarus ir ry\u0161kus spausdinimas atliktas <em data-start=\"1166\" data-end=\"1182\">Direct To Film<\/em> technologija, kuri tiksliai perteikia spalvas, u\u017etikrina auk\u0161t\u0105 detalum\u0105 ir atsparum\u0105 dilimui. Tai puikus b\u016bdas personalizuoti savo darbo viet\u0105 arba suteikti jai labiau \u017eaidimi\u0161k\u0105 charakter\u012f.<\/p>\n<\/li>\n<\/ul>\n<p data-start=\"1371\" data-end=\"1578\">Neslidus dugnas garantuoja, kad atramos pagalv\u0117l\u0117 lieka savo vietoje net dinami\u0161k\u0173 judesi\u0173 metu. Mink\u0161tas, malonus paliesti vir\u0161utinis audinys u\u017etikrina auk\u0161t\u0105 naudojimo komfort\u0105 daug valand\u0173. <\/p>\n<p data-start=\"1580\" data-end=\"1762\">Tai prakti\u0161kas ir ergonomi\u0161kas aksesuaras. Realiai pagerina darbo komfort\u0105 ir rie\u0161\u0173 sveikat\u0105, tuo pa\u010diu palikdamas visi\u0161k\u0105 pasirinkimo laisv\u0119 \u2013 tiek kilim\u0117lio, tiek stiliaus. <\/p>\n","protected":false},"excerpt":{"rendered":"<p>Ergonomi\u0161ka atramos pagalv\u0117l\u0117 i\u0161 memory putplas\u010dio, suderinama su plok\u0161\u010diais kilim\u0117liais. Patogesn\u0117 alternatyva gelio atramos pagalv\u0117l\u0117ms \u2013 stabili, mink\u0161ta ir atleid\u017eianti rie\u0161\u0105. <\/p>\n","protected":false},"featured_media":75886,"template":"","meta":[],"product_brand":[],"product_cat":[770],"product_tag":[],"class_list":{"0":"post-75956","1":"product","2":"type-product","3":"status-publish","4":"has-post-thumbnail","6":"product_cat-rieso-atrama","7":"fpd-variation-needed","9":"first","10":"instock","11":"taxable","12":"shipping-taxable","13":"purchasable","14":"product-type-variable"},"yoast_head":"<!-- This site is optimized with the Yoast SEO plugin v27.5 - https:\/\/yoast.com\/product\/yoast-seo-wordpress\/ -->\n<title>Rie\u0161o atramos pagalv\u0117l\u0117 \/ MFWR \/ - MousePad24.eu<\/title>\n<meta name=\"description\" content=\"Rie\u0161o atramos pagalv\u0117l\u0117 i\u0161 memory putplas\u010dio. Prisitaiko prie rankos, suma\u017eina \u012ftamp\u0105 ir pagerina komfort\u0105 dirbant prie kompiuterio.\" \/>\n<meta name=\"robots\" content=\"index, follow, max-snippet:-1, max-image-preview:large, max-video-preview:-1\" \/>\n<meta property=\"og:locale\" content=\"lt_LT\" \/>\n<meta property=\"og:type\" content=\"article\" \/>\n<meta property=\"og:title\" content=\"Rie\u0161o atramos pagalv\u0117l\u0117 \/ MFWR \/ - MousePad24.eu\" \/>\n<meta property=\"og:description\" content=\"Rie\u0161o atramos pagalv\u0117l\u0117 i\u0161 memory putplas\u010dio. Prisitaiko prie rankos, suma\u017eina \u012ftamp\u0105 ir pagerina komfort\u0105 dirbant prie kompiuterio.\" \/>\n<meta property=\"og:url\" content=\"https:\/\/mousepad24.eu\/lt\/produkt\/rieso-atramos-pagalvele-mfwr\/\" \/>\n<meta property=\"og:site_name\" content=\"MousePad24.eu\" \/>\n<meta property=\"article:publisher\" content=\"https:\/\/www.facebook.com\/mousepad24\/\" \/>\n<meta property=\"article:modified_time\" content=\"2026-01-22T07:26:49+00:00\" \/>\n<meta property=\"og:image\" content=\"https:\/\/mousepad24.eu\/wp-content\/uploads\/2025\/12\/memory_foam_wrist_rest_podporka_piankowa_pod_nadgarstek-01.jpg\" \/>\n\t<meta property=\"og:image:width\" content=\"2500\" \/>\n\t<meta property=\"og:image:height\" content=\"2500\" \/>\n\t<meta property=\"og:image:type\" content=\"image\/jpeg\" \/>\n<meta name=\"twitter:card\" content=\"summary_large_image\" \/>\n<meta name=\"twitter:label1\" content=\"Est. reading time\" \/>\n\t<meta name=\"twitter:data1\" content=\"2 minut\u0117s\" \/>\n<script type=\"application\/ld+json\" class=\"yoast-schema-graph\">{\"@context\":\"https:\\\/\\\/schema.org\",\"@graph\":[{\"@type\":\"WebPage\",\"@id\":\"https:\\\/\\\/mousepad24.eu\\\/lt\\\/produkt\\\/rieso-atramos-pagalvele-mfwr\\\/\",\"url\":\"https:\\\/\\\/mousepad24.eu\\\/lt\\\/produkt\\\/rieso-atramos-pagalvele-mfwr\\\/\",\"name\":\"Rie\u0161o atramos pagalv\u0117l\u0117 \\\/ MFWR \\\/ - MousePad24.eu\",\"isPartOf\":{\"@id\":\"https:\\\/\\\/mousepad24.eu\\\/#website\"},\"primaryImageOfPage\":{\"@id\":\"https:\\\/\\\/mousepad24.eu\\\/lt\\\/produkt\\\/rieso-atramos-pagalvele-mfwr\\\/#primaryimage\"},\"image\":{\"@id\":\"https:\\\/\\\/mousepad24.eu\\\/lt\\\/produkt\\\/rieso-atramos-pagalvele-mfwr\\\/#primaryimage\"},\"thumbnailUrl\":\"https:\\\/\\\/mousepad24.eu\\\/wp-content\\\/uploads\\\/2025\\\/12\\\/memory_foam_wrist_rest_podporka_piankowa_pod_nadgarstek-01.jpg\",\"datePublished\":\"2025-12-04T11:21:40+00:00\",\"dateModified\":\"2026-01-22T07:26:49+00:00\",\"description\":\"Rie\u0161o atramos pagalv\u0117l\u0117 i\u0161 memory putplas\u010dio. Prisitaiko prie rankos, suma\u017eina \u012ftamp\u0105 ir pagerina komfort\u0105 dirbant prie kompiuterio.\",\"breadcrumb\":{\"@id\":\"https:\\\/\\\/mousepad24.eu\\\/lt\\\/produkt\\\/rieso-atramos-pagalvele-mfwr\\\/#breadcrumb\"},\"inLanguage\":\"lt-LT\",\"potentialAction\":[{\"@type\":\"ReadAction\",\"target\":[\"https:\\\/\\\/mousepad24.eu\\\/lt\\\/produkt\\\/rieso-atramos-pagalvele-mfwr\\\/\"]}]},{\"@type\":\"ImageObject\",\"inLanguage\":\"lt-LT\",\"@id\":\"https:\\\/\\\/mousepad24.eu\\\/lt\\\/produkt\\\/rieso-atramos-pagalvele-mfwr\\\/#primaryimage\",\"url\":\"https:\\\/\\\/mousepad24.eu\\\/wp-content\\\/uploads\\\/2025\\\/12\\\/memory_foam_wrist_rest_podporka_piankowa_pod_nadgarstek-01.jpg\",\"contentUrl\":\"https:\\\/\\\/mousepad24.eu\\\/wp-content\\\/uploads\\\/2025\\\/12\\\/memory_foam_wrist_rest_podporka_piankowa_pod_nadgarstek-01.jpg\",\"width\":2500,\"height\":2500,\"caption\":\"memory foam wrist rest\"},{\"@type\":\"BreadcrumbList\",\"@id\":\"https:\\\/\\\/mousepad24.eu\\\/lt\\\/produkt\\\/rieso-atramos-pagalvele-mfwr\\\/#breadcrumb\",\"itemListElement\":[{\"@type\":\"ListItem\",\"position\":1,\"name\":\"Pagrindinis puslapis\",\"item\":\"https:\\\/\\\/mousepad24.eu\\\/lt\\\/\"},{\"@type\":\"ListItem\",\"position\":2,\"name\":\"Parduotuv\u0117\",\"item\":\"https:\\\/\\\/mousepad24.eu\\\/lt\\\/\"},{\"@type\":\"ListItem\",\"position\":3,\"name\":\"Rie\u0161o atramos pagalv\u0117l\u0117 \\\/ MFWR \\\/\"}]},{\"@type\":\"WebSite\",\"@id\":\"https:\\\/\\\/mousepad24.eu\\\/#website\",\"url\":\"https:\\\/\\\/mousepad24.eu\\\/\",\"name\":\"MousePad24.eu\",\"description\":\"Personalizowane podk\u0142adki pod mysz\",\"publisher\":{\"@id\":\"https:\\\/\\\/mousepad24.eu\\\/#organization\"},\"potentialAction\":[{\"@type\":\"SearchAction\",\"target\":{\"@type\":\"EntryPoint\",\"urlTemplate\":\"https:\\\/\\\/mousepad24.eu\\\/?s={search_term_string}\"},\"query-input\":{\"@type\":\"PropertyValueSpecification\",\"valueRequired\":true,\"valueName\":\"search_term_string\"}}],\"inLanguage\":\"lt-LT\"},{\"@type\":\"Organization\",\"@id\":\"https:\\\/\\\/mousepad24.eu\\\/#organization\",\"name\":\"MousePad24.eu\",\"url\":\"https:\\\/\\\/mousepad24.eu\\\/\",\"logo\":{\"@type\":\"ImageObject\",\"inLanguage\":\"lt-LT\",\"@id\":\"https:\\\/\\\/mousepad24.eu\\\/#\\\/schema\\\/logo\\\/image\\\/\",\"url\":\"https:\\\/\\\/mousepad24.eu\\\/wp-content\\\/uploads\\\/2022\\\/12\\\/MOUSEPAD24_logo_curv_OK-1.png\",\"contentUrl\":\"https:\\\/\\\/mousepad24.eu\\\/wp-content\\\/uploads\\\/2022\\\/12\\\/MOUSEPAD24_logo_curv_OK-1.png\",\"width\":1024,\"height\":75,\"caption\":\"MousePad24.eu\"},\"image\":{\"@id\":\"https:\\\/\\\/mousepad24.eu\\\/#\\\/schema\\\/logo\\\/image\\\/\"},\"sameAs\":[\"https:\\\/\\\/www.facebook.com\\\/mousepad24\\\/\",\"https:\\\/\\\/www.instagram.com\\\/mousepad24.eu\\\/\",\"https:\\\/\\\/www.linkedin.com\\\/company\\\/podkladki24-mousepad24\\\/\"]}]}<\/script>\n<!-- \/ Yoast SEO plugin. -->","yoast_head_json":{"title":"Rie\u0161o atramos pagalv\u0117l\u0117 \/ MFWR \/ - MousePad24.eu","description":"Rie\u0161o atramos pagalv\u0117l\u0117 i\u0161 memory putplas\u010dio. Prisitaiko prie rankos, suma\u017eina \u012ftamp\u0105 ir pagerina komfort\u0105 dirbant prie kompiuterio.","robots":{"index":"index","follow":"follow","max-snippet":"max-snippet:-1","max-image-preview":"max-image-preview:large","max-video-preview":"max-video-preview:-1"},"og_locale":"lt_LT","og_type":"article","og_title":"Rie\u0161o atramos pagalv\u0117l\u0117 \/ MFWR \/ - MousePad24.eu","og_description":"Rie\u0161o atramos pagalv\u0117l\u0117 i\u0161 memory putplas\u010dio. Prisitaiko prie rankos, suma\u017eina \u012ftamp\u0105 ir pagerina komfort\u0105 dirbant prie kompiuterio.","og_url":"https:\/\/mousepad24.eu\/lt\/produkt\/rieso-atramos-pagalvele-mfwr\/","og_site_name":"MousePad24.eu","article_publisher":"https:\/\/www.facebook.com\/mousepad24\/","article_modified_time":"2026-01-22T07:26:49+00:00","og_image":[{"width":2500,"height":2500,"url":"https:\/\/mousepad24.eu\/wp-content\/uploads\/2025\/12\/memory_foam_wrist_rest_podporka_piankowa_pod_nadgarstek-01.jpg","type":"image\/jpeg"}],"twitter_card":"summary_large_image","twitter_misc":{"Est. reading time":"2 minut\u0117s"},"schema":{"@context":"https:\/\/schema.org","@graph":[{"@type":"WebPage","@id":"https:\/\/mousepad24.eu\/lt\/produkt\/rieso-atramos-pagalvele-mfwr\/","url":"https:\/\/mousepad24.eu\/lt\/produkt\/rieso-atramos-pagalvele-mfwr\/","name":"Rie\u0161o atramos pagalv\u0117l\u0117 \/ MFWR \/ - MousePad24.eu","isPartOf":{"@id":"https:\/\/mousepad24.eu\/#website"},"primaryImageOfPage":{"@id":"https:\/\/mousepad24.eu\/lt\/produkt\/rieso-atramos-pagalvele-mfwr\/#primaryimage"},"image":{"@id":"https:\/\/mousepad24.eu\/lt\/produkt\/rieso-atramos-pagalvele-mfwr\/#primaryimage"},"thumbnailUrl":"https:\/\/mousepad24.eu\/wp-content\/uploads\/2025\/12\/memory_foam_wrist_rest_podporka_piankowa_pod_nadgarstek-01.jpg","datePublished":"2025-12-04T11:21:40+00:00","dateModified":"2026-01-22T07:26:49+00:00","description":"Rie\u0161o atramos pagalv\u0117l\u0117 i\u0161 memory putplas\u010dio. Prisitaiko prie rankos, suma\u017eina \u012ftamp\u0105 ir pagerina komfort\u0105 dirbant prie kompiuterio.","breadcrumb":{"@id":"https:\/\/mousepad24.eu\/lt\/produkt\/rieso-atramos-pagalvele-mfwr\/#breadcrumb"},"inLanguage":"lt-LT","potentialAction":[{"@type":"ReadAction","target":["https:\/\/mousepad24.eu\/lt\/produkt\/rieso-atramos-pagalvele-mfwr\/"]}]},{"@type":"ImageObject","inLanguage":"lt-LT","@id":"https:\/\/mousepad24.eu\/lt\/produkt\/rieso-atramos-pagalvele-mfwr\/#primaryimage","url":"https:\/\/mousepad24.eu\/wp-content\/uploads\/2025\/12\/memory_foam_wrist_rest_podporka_piankowa_pod_nadgarstek-01.jpg","contentUrl":"https:\/\/mousepad24.eu\/wp-content\/uploads\/2025\/12\/memory_foam_wrist_rest_podporka_piankowa_pod_nadgarstek-01.jpg","width":2500,"height":2500,"caption":"memory foam wrist rest"},{"@type":"BreadcrumbList","@id":"https:\/\/mousepad24.eu\/lt\/produkt\/rieso-atramos-pagalvele-mfwr\/#breadcrumb","itemListElement":[{"@type":"ListItem","position":1,"name":"Pagrindinis puslapis","item":"https:\/\/mousepad24.eu\/lt\/"},{"@type":"ListItem","position":2,"name":"Parduotuv\u0117","item":"https:\/\/mousepad24.eu\/lt\/"},{"@type":"ListItem","position":3,"name":"Rie\u0161o atramos pagalv\u0117l\u0117 \/ MFWR \/"}]},{"@type":"WebSite","@id":"https:\/\/mousepad24.eu\/#website","url":"https:\/\/mousepad24.eu\/","name":"MousePad24.eu","description":"Personalizowane podk\u0142adki pod mysz","publisher":{"@id":"https:\/\/mousepad24.eu\/#organization"},"potentialAction":[{"@type":"SearchAction","target":{"@type":"EntryPoint","urlTemplate":"https:\/\/mousepad24.eu\/?s={search_term_string}"},"query-input":{"@type":"PropertyValueSpecification","valueRequired":true,"valueName":"search_term_string"}}],"inLanguage":"lt-LT"},{"@type":"Organization","@id":"https:\/\/mousepad24.eu\/#organization","name":"MousePad24.eu","url":"https:\/\/mousepad24.eu\/","logo":{"@type":"ImageObject","inLanguage":"lt-LT","@id":"https:\/\/mousepad24.eu\/#\/schema\/logo\/image\/","url":"https:\/\/mousepad24.eu\/wp-content\/uploads\/2022\/12\/MOUSEPAD24_logo_curv_OK-1.png","contentUrl":"https:\/\/mousepad24.eu\/wp-content\/uploads\/2022\/12\/MOUSEPAD24_logo_curv_OK-1.png","width":1024,"height":75,"caption":"MousePad24.eu"},"image":{"@id":"https:\/\/mousepad24.eu\/#\/schema\/logo\/image\/"},"sameAs":["https:\/\/www.facebook.com\/mousepad24\/","https:\/\/www.instagram.com\/mousepad24.eu\/","https:\/\/www.linkedin.com\/company\/podkladki24-mousepad24\/"]}]}},"_links":{"self":[{"href":"https:\/\/mousepad24.eu\/lt\/wp-json\/wp\/v2\/product\/75956","targetHints":{"allow":["GET"]}}],"collection":[{"href":"https:\/\/mousepad24.eu\/lt\/wp-json\/wp\/v2\/product"}],"about":[{"href":"https:\/\/mousepad24.eu\/lt\/wp-json\/wp\/v2\/types\/product"}],"wp:featuredmedia":[{"embeddable":true,"href":"https:\/\/mousepad24.eu\/lt\/wp-json\/wp\/v2\/media\/75886"}],"wp:attachment":[{"href":"https:\/\/mousepad24.eu\/lt\/wp-json\/wp\/v2\/media?parent=75956"}],"wp:term":[{"taxonomy":"product_brand","embeddable":true,"href":"https:\/\/mousepad24.eu\/lt\/wp-json\/wp\/v2\/product_brand?post=75956"},{"taxonomy":"product_cat","embeddable":true,"href":"https:\/\/mousepad24.eu\/lt\/wp-json\/wp\/v2\/product_cat?post=75956"},{"taxonomy":"product_tag","embeddable":true,"href":"https:\/\/mousepad24.eu\/lt\/wp-json\/wp\/v2\/product_tag?post=75956"}],"curies":[{"name":"wp","href":"https:\/\/api.w.org\/{rel}","templated":true}]}}