{"id":76713,"date":"2026-01-12T14:45:50","date_gmt":"2026-01-12T13:45:50","guid":{"rendered":"https:\/\/mousepad24.eu\/?post_type=product&#038;p=76713"},"modified":"2026-03-24T12:14:17","modified_gmt":"2026-03-24T11:14:17","slug":"putplascio-peles-kilimelis-smp_pro-04-kopia","status":"publish","type":"product","link":"https:\/\/mousepad24.eu\/lt\/produkt\/putplascio-peles-kilimelis-smp_pro-04-kopia\/","title":{"rendered":"Putos pagrindas \/SMP_PRO (05)\/"},"content":{"rendered":"<h3 data-start=\"174\" data-end=\"247\">Raudonas ergonomi\u0161kas pel\u0117s kilim\u0117lis su personalizavimo galimyb\u0117mis<\/h3>\n<p data-start=\"249\" data-end=\"568\">Raudonas, ergonomi\u0161kas pel\u0117s kilim\u0117lis, pagamintas i\u0161 lanks\u010di\u0173 put\u0173 ir patvaraus poliesterio, yra idealus komforto, funkcionalumo ir estetikos derinys. U\u017etikrina patogi\u0105 rie\u0161o atram\u0105, stabil\u0173 ir tiksl\u0173 pel\u0117s valdym\u0105 bei moderni\u0105 darbo vietos i\u0161vaizd\u0105 \u2013 tiek biure, tiek namuose. <\/p>\n<p data-start=\"570\" data-end=\"814\">D\u0117l pla\u010di\u0173 personalizavimo galimybi\u0173 (1, 2 arba 3 spalv\u0173 spauda, be spaudos arba spalvota DTF spauda) kilim\u0117lis puikiai tinka kaip <strong data-start=\"725\" data-end=\"745\">reklaminis \u012frankis<\/strong>, <strong data-start=\"747\" data-end=\"770\">reklamin\u0117 med\u017eiaga<\/strong> ir prek\u0117s \u017eenklo vizualin\u0117s identifikacijos elementas.<\/p>\n<h3 data-start=\"821\" data-end=\"853\">Svarbiausios produkto savyb\u0117s<\/h3>\n<ul data-start=\"855\" data-end=\"1359\">\n<li data-start=\"855\" data-end=\"971\">\n<p data-start=\"857\" data-end=\"971\"><strong data-start=\"857\" data-end=\"885\">Ergonomi\u0161kas dizainas<\/strong> \u2013 mink\u0161tos putos suma\u017eina rie\u0161o nuovarg\u012f ilgai dirbant kompiuteriu<\/p>\n<\/li>\n<li data-start=\"972\" data-end=\"1078\">\n<p data-start=\"974\" data-end=\"1078\"><strong data-start=\"974\" data-end=\"1001\">Auk\u0161ta kokyb\u0117<\/strong> \u2013 lygus poliesterio pavir\u0161ius u\u017etikrina skland\u0173 ir tiksl\u0173 pel\u0117s slydim\u0105<\/p>\n<\/li>\n<li data-start=\"1079\" data-end=\"1175\">\n<p data-start=\"1081\" data-end=\"1175\"><strong data-start=\"1081\" data-end=\"1107\">Spaudos personalizavimas<\/strong> \u2013 galimyb\u0117 u\u017ed\u0117ti logotip\u0105 ar grafik\u0105 \u012fvairiais variantais<\/p>\n<\/li>\n<li data-start=\"1176\" data-end=\"1259\">\n<p data-start=\"1178\" data-end=\"1259\"><strong data-start=\"1178\" data-end=\"1208\">Universalus suderinamumas<\/strong> \u2013 tinka optin\u0117ms ir lazerin\u0117ms pel\u0117ms<\/p>\n<\/li>\n<li data-start=\"1260\" data-end=\"1359\">\n<p data-start=\"1262\" data-end=\"1359\"><strong data-start=\"1262\" data-end=\"1281\">Patraukli kaina<\/strong> \u2013 idealus sprendimas reklamos kampanijoms ir masin\u0117ms akcijoms<\/p>\n<\/li>\n<\/ul>\n<h3 data-start=\"1366\" data-end=\"1386\">Spausdinimo variantai<\/h3>\n<ul data-start=\"1388\" data-end=\"1656\">\n<li data-start=\"1388\" data-end=\"1437\">\n<p data-start=\"1390\" data-end=\"1437\"><strong data-start=\"1390\" data-end=\"1401\">1 spalva<\/strong> \u2013 ekonomi\u0161kas logotipo \u017eenklinimas<\/p>\n<\/li>\n<li data-start=\"1438\" data-end=\"1485\">\n<p data-start=\"1440\" data-end=\"1485\"><strong data-start=\"1440\" data-end=\"1452\">2 spalvos<\/strong> \u2013 geresnis matomumas ir kontrastas<\/p>\n<\/li>\n<li data-start=\"1486\" data-end=\"1539\">\n<p data-start=\"1488\" data-end=\"1539\"><strong data-start=\"1488\" data-end=\"1500\">3 spalvos<\/strong> \u2013 i\u0161pl\u0117stin\u0117 vizualin\u0117 identifikacija<\/p>\n<\/li>\n<li data-start=\"1540\" data-end=\"1591\">\n<p data-start=\"1542\" data-end=\"1591\"><strong data-start=\"1542\" data-end=\"1557\">Be spaudos<\/strong> \u2013 \u0161varus, raudonas pavir\u0161ius<\/p>\n<\/li>\n<li data-start=\"1592\" data-end=\"1656\">\n<p data-start=\"1594\" data-end=\"1656\"><strong data-start=\"1594\" data-end=\"1612\">Spalvota DTF<\/strong> \u2013 spalvotos grafikos, nuotraukos ir detal\u0117s<\/p>\n<\/li>\n<\/ul>\n<h3 data-start=\"1663\" data-end=\"1690\">Technin\u0117 specifikacija<\/h3>\n<ul data-start=\"1692\" data-end=\"1882\">\n<li data-start=\"1692\" data-end=\"1722\">\n<p data-start=\"1694\" data-end=\"1722\"><strong data-start=\"1694\" data-end=\"1711\">Pagrindin\u0117 spalva:<\/strong> raudona<\/p>\n<\/li>\n<li data-start=\"1723\" data-end=\"1759\">\n<p data-start=\"1725\" data-end=\"1759\"><strong data-start=\"1725\" data-end=\"1738\">Med\u017eiaga:<\/strong> putos + poliesteris<\/p>\n<\/li>\n<li data-start=\"1760\" data-end=\"1808\">\n<p data-start=\"1762\" data-end=\"1808\"><strong data-start=\"1762\" data-end=\"1779\">Pavir\u0161ius:<\/strong> glotnus, malonus liesti<\/p>\n<\/li>\n<li data-start=\"1809\" data-end=\"1882\">\n<p data-start=\"1811\" data-end=\"1882\"><strong data-start=\"1811\" data-end=\"1828\">Pritaikymas:<\/strong> biuras, nam\u0173 biuras, renginiai, mug\u0117s, reklamin\u0117s akcijos<\/p>\n<\/li>\n<\/ul>\n","protected":false},"excerpt":{"rendered":"<p>Raudonas, ergonomi\u0161kas pel\u0117s kilim\u0117lis, pagamintas i\u0161 put\u0173 ir poliesterio. U\u017etikrina patogi\u0105 rie\u0161o atram\u0105 ir tiksl\u0173 pel\u0117s valdym\u0105. D\u0117l galimyb\u0117s personalizuoti spaud\u0105 puikiai tinka kaip reklaminis \u012frankis ir reklamin\u0117 med\u017eiaga.  <\/p>\n","protected":false},"featured_media":65280,"template":"","meta":[],"product_brand":[],"product_cat":[767],"product_tag":[],"class_list":{"0":"post-76713","1":"product","2":"type-product","3":"status-publish","4":"has-post-thumbnail","6":"product_cat-putu-peliu-kilimelis","7":"fpd-variation-needed","9":"first","10":"instock","11":"taxable","12":"shipping-taxable","13":"purchasable","14":"product-type-variable"},"yoast_head":"<!-- This site is optimized with the Yoast SEO plugin v27.3 - https:\/\/yoast.com\/product\/yoast-seo-wordpress\/ -->\n<title>Putos pagrindas \/SMP_PRO (05)\/ - MousePad24.eu<\/title>\n<meta name=\"description\" content=\"Raudonas ergonomi\u0161kas pel\u0117s kilim\u0117lis su personalizavimo galimyb\u0117mis. Rie\u0161o komfortas, sklandus pel\u0117s slydimas ir \u012fmon\u0117s logotipas \u2013 puikus reklaminis \u012frankis.\" \/>\n<meta name=\"robots\" content=\"index, follow, max-snippet:-1, max-image-preview:large, max-video-preview:-1\" \/>\n<meta property=\"og:locale\" content=\"lt_LT\" \/>\n<meta property=\"og:type\" content=\"article\" \/>\n<meta property=\"og:title\" content=\"Putos pagrindas \/SMP_PRO (05)\/ - MousePad24.eu\" \/>\n<meta property=\"og:description\" content=\"Raudonas ergonomi\u0161kas pel\u0117s kilim\u0117lis su personalizavimo galimyb\u0117mis. Rie\u0161o komfortas, sklandus pel\u0117s slydimas ir \u012fmon\u0117s logotipas \u2013 puikus reklaminis \u012frankis.\" \/>\n<meta property=\"og:url\" content=\"https:\/\/mousepad24.eu\/lt\/produkt\/putplascio-peles-kilimelis-smp_pro-04-kopia\/\" \/>\n<meta property=\"og:site_name\" content=\"MousePad24.eu\" \/>\n<meta property=\"article:publisher\" content=\"https:\/\/www.facebook.com\/mousepad24\/\" \/>\n<meta property=\"article:modified_time\" content=\"2026-03-24T11:14:17+00:00\" \/>\n<meta property=\"og:image\" content=\"https:\/\/mousepad24.eu\/wp-content\/uploads\/2025\/07\/smp_05_pro_-blank.webp\" \/>\n\t<meta property=\"og:image:width\" content=\"2500\" \/>\n\t<meta property=\"og:image:height\" content=\"2500\" \/>\n\t<meta property=\"og:image:type\" content=\"image\/webp\" \/>\n<meta name=\"twitter:card\" content=\"summary_large_image\" \/>\n<meta name=\"twitter:label1\" content=\"Est. reading time\" \/>\n\t<meta name=\"twitter:data1\" content=\"1 minut\u0117\" \/>\n<script type=\"application\/ld+json\" class=\"yoast-schema-graph\">{\"@context\":\"https:\\\/\\\/schema.org\",\"@graph\":[{\"@type\":\"WebPage\",\"@id\":\"https:\\\/\\\/mousepad24.eu\\\/lt\\\/produkt\\\/putplascio-peles-kilimelis-smp_pro-04-kopia\\\/\",\"url\":\"https:\\\/\\\/mousepad24.eu\\\/lt\\\/produkt\\\/putplascio-peles-kilimelis-smp_pro-04-kopia\\\/\",\"name\":\"Putos pagrindas \\\/SMP_PRO (05)\\\/ - MousePad24.eu\",\"isPartOf\":{\"@id\":\"https:\\\/\\\/mousepad24.eu\\\/#website\"},\"primaryImageOfPage\":{\"@id\":\"https:\\\/\\\/mousepad24.eu\\\/lt\\\/produkt\\\/putplascio-peles-kilimelis-smp_pro-04-kopia\\\/#primaryimage\"},\"image\":{\"@id\":\"https:\\\/\\\/mousepad24.eu\\\/lt\\\/produkt\\\/putplascio-peles-kilimelis-smp_pro-04-kopia\\\/#primaryimage\"},\"thumbnailUrl\":\"https:\\\/\\\/mousepad24.eu\\\/wp-content\\\/uploads\\\/2025\\\/07\\\/smp_05_pro_-blank.webp\",\"datePublished\":\"2026-01-12T13:45:50+00:00\",\"dateModified\":\"2026-03-24T11:14:17+00:00\",\"description\":\"Raudonas ergonomi\u0161kas pel\u0117s kilim\u0117lis su personalizavimo galimyb\u0117mis. Rie\u0161o komfortas, sklandus pel\u0117s slydimas ir \u012fmon\u0117s logotipas \u2013 puikus reklaminis \u012frankis.\",\"breadcrumb\":{\"@id\":\"https:\\\/\\\/mousepad24.eu\\\/lt\\\/produkt\\\/putplascio-peles-kilimelis-smp_pro-04-kopia\\\/#breadcrumb\"},\"inLanguage\":\"lt-LT\",\"potentialAction\":[{\"@type\":\"ReadAction\",\"target\":[\"https:\\\/\\\/mousepad24.eu\\\/lt\\\/produkt\\\/putplascio-peles-kilimelis-smp_pro-04-kopia\\\/\"]}]},{\"@type\":\"ImageObject\",\"inLanguage\":\"lt-LT\",\"@id\":\"https:\\\/\\\/mousepad24.eu\\\/lt\\\/produkt\\\/putplascio-peles-kilimelis-smp_pro-04-kopia\\\/#primaryimage\",\"url\":\"https:\\\/\\\/mousepad24.eu\\\/wp-content\\\/uploads\\\/2025\\\/07\\\/smp_05_pro_-blank.webp\",\"contentUrl\":\"https:\\\/\\\/mousepad24.eu\\\/wp-content\\\/uploads\\\/2025\\\/07\\\/smp_05_pro_-blank.webp\",\"width\":2500,\"height\":2500,\"caption\":\"Wygodna czerwona podk\u0142adka piankowa z podstawk\u0105 pod nadgarstek \u2013 bez nadruku\"},{\"@type\":\"BreadcrumbList\",\"@id\":\"https:\\\/\\\/mousepad24.eu\\\/lt\\\/produkt\\\/putplascio-peles-kilimelis-smp_pro-04-kopia\\\/#breadcrumb\",\"itemListElement\":[{\"@type\":\"ListItem\",\"position\":1,\"name\":\"Pagrindinis puslapis\",\"item\":\"https:\\\/\\\/mousepad24.eu\\\/lt\\\/\"},{\"@type\":\"ListItem\",\"position\":2,\"name\":\"Parduotuv\u0117\",\"item\":\"https:\\\/\\\/mousepad24.eu\\\/lt\\\/\"},{\"@type\":\"ListItem\",\"position\":3,\"name\":\"Putos pagrindas \\\/SMP_PRO (05)\\\/\"}]},{\"@type\":\"WebSite\",\"@id\":\"https:\\\/\\\/mousepad24.eu\\\/#website\",\"url\":\"https:\\\/\\\/mousepad24.eu\\\/\",\"name\":\"MousePad24.eu\",\"description\":\"Personalizowane podk\u0142adki pod mysz\",\"publisher\":{\"@id\":\"https:\\\/\\\/mousepad24.eu\\\/#organization\"},\"potentialAction\":[{\"@type\":\"SearchAction\",\"target\":{\"@type\":\"EntryPoint\",\"urlTemplate\":\"https:\\\/\\\/mousepad24.eu\\\/?s={search_term_string}\"},\"query-input\":{\"@type\":\"PropertyValueSpecification\",\"valueRequired\":true,\"valueName\":\"search_term_string\"}}],\"inLanguage\":\"lt-LT\"},{\"@type\":\"Organization\",\"@id\":\"https:\\\/\\\/mousepad24.eu\\\/#organization\",\"name\":\"MousePad24.eu\",\"url\":\"https:\\\/\\\/mousepad24.eu\\\/\",\"logo\":{\"@type\":\"ImageObject\",\"inLanguage\":\"lt-LT\",\"@id\":\"https:\\\/\\\/mousepad24.eu\\\/#\\\/schema\\\/logo\\\/image\\\/\",\"url\":\"https:\\\/\\\/mousepad24.eu\\\/wp-content\\\/uploads\\\/2022\\\/12\\\/MOUSEPAD24_logo_curv_OK-1.png\",\"contentUrl\":\"https:\\\/\\\/mousepad24.eu\\\/wp-content\\\/uploads\\\/2022\\\/12\\\/MOUSEPAD24_logo_curv_OK-1.png\",\"width\":1024,\"height\":75,\"caption\":\"MousePad24.eu\"},\"image\":{\"@id\":\"https:\\\/\\\/mousepad24.eu\\\/#\\\/schema\\\/logo\\\/image\\\/\"},\"sameAs\":[\"https:\\\/\\\/www.facebook.com\\\/mousepad24\\\/\",\"https:\\\/\\\/www.instagram.com\\\/mousepad24.eu\\\/\",\"https:\\\/\\\/www.linkedin.com\\\/company\\\/podkladki24-mousepad24\\\/\"]}]}<\/script>\n<!-- \/ Yoast SEO plugin. -->","yoast_head_json":{"title":"Putos pagrindas \/SMP_PRO (05)\/ - MousePad24.eu","description":"Raudonas ergonomi\u0161kas pel\u0117s kilim\u0117lis su personalizavimo galimyb\u0117mis. Rie\u0161o komfortas, sklandus pel\u0117s slydimas ir \u012fmon\u0117s logotipas \u2013 puikus reklaminis \u012frankis.","robots":{"index":"index","follow":"follow","max-snippet":"max-snippet:-1","max-image-preview":"max-image-preview:large","max-video-preview":"max-video-preview:-1"},"og_locale":"lt_LT","og_type":"article","og_title":"Putos pagrindas \/SMP_PRO (05)\/ - MousePad24.eu","og_description":"Raudonas ergonomi\u0161kas pel\u0117s kilim\u0117lis su personalizavimo galimyb\u0117mis. Rie\u0161o komfortas, sklandus pel\u0117s slydimas ir \u012fmon\u0117s logotipas \u2013 puikus reklaminis \u012frankis.","og_url":"https:\/\/mousepad24.eu\/lt\/produkt\/putplascio-peles-kilimelis-smp_pro-04-kopia\/","og_site_name":"MousePad24.eu","article_publisher":"https:\/\/www.facebook.com\/mousepad24\/","article_modified_time":"2026-03-24T11:14:17+00:00","og_image":[{"width":2500,"height":2500,"url":"https:\/\/mousepad24.eu\/wp-content\/uploads\/2025\/07\/smp_05_pro_-blank.webp","type":"image\/webp"}],"twitter_card":"summary_large_image","twitter_misc":{"Est. reading time":"1 minut\u0117"},"schema":{"@context":"https:\/\/schema.org","@graph":[{"@type":"WebPage","@id":"https:\/\/mousepad24.eu\/lt\/produkt\/putplascio-peles-kilimelis-smp_pro-04-kopia\/","url":"https:\/\/mousepad24.eu\/lt\/produkt\/putplascio-peles-kilimelis-smp_pro-04-kopia\/","name":"Putos pagrindas \/SMP_PRO (05)\/ - MousePad24.eu","isPartOf":{"@id":"https:\/\/mousepad24.eu\/#website"},"primaryImageOfPage":{"@id":"https:\/\/mousepad24.eu\/lt\/produkt\/putplascio-peles-kilimelis-smp_pro-04-kopia\/#primaryimage"},"image":{"@id":"https:\/\/mousepad24.eu\/lt\/produkt\/putplascio-peles-kilimelis-smp_pro-04-kopia\/#primaryimage"},"thumbnailUrl":"https:\/\/mousepad24.eu\/wp-content\/uploads\/2025\/07\/smp_05_pro_-blank.webp","datePublished":"2026-01-12T13:45:50+00:00","dateModified":"2026-03-24T11:14:17+00:00","description":"Raudonas ergonomi\u0161kas pel\u0117s kilim\u0117lis su personalizavimo galimyb\u0117mis. Rie\u0161o komfortas, sklandus pel\u0117s slydimas ir \u012fmon\u0117s logotipas \u2013 puikus reklaminis \u012frankis.","breadcrumb":{"@id":"https:\/\/mousepad24.eu\/lt\/produkt\/putplascio-peles-kilimelis-smp_pro-04-kopia\/#breadcrumb"},"inLanguage":"lt-LT","potentialAction":[{"@type":"ReadAction","target":["https:\/\/mousepad24.eu\/lt\/produkt\/putplascio-peles-kilimelis-smp_pro-04-kopia\/"]}]},{"@type":"ImageObject","inLanguage":"lt-LT","@id":"https:\/\/mousepad24.eu\/lt\/produkt\/putplascio-peles-kilimelis-smp_pro-04-kopia\/#primaryimage","url":"https:\/\/mousepad24.eu\/wp-content\/uploads\/2025\/07\/smp_05_pro_-blank.webp","contentUrl":"https:\/\/mousepad24.eu\/wp-content\/uploads\/2025\/07\/smp_05_pro_-blank.webp","width":2500,"height":2500,"caption":"Wygodna czerwona podk\u0142adka piankowa z podstawk\u0105 pod nadgarstek \u2013 bez nadruku"},{"@type":"BreadcrumbList","@id":"https:\/\/mousepad24.eu\/lt\/produkt\/putplascio-peles-kilimelis-smp_pro-04-kopia\/#breadcrumb","itemListElement":[{"@type":"ListItem","position":1,"name":"Pagrindinis puslapis","item":"https:\/\/mousepad24.eu\/lt\/"},{"@type":"ListItem","position":2,"name":"Parduotuv\u0117","item":"https:\/\/mousepad24.eu\/lt\/"},{"@type":"ListItem","position":3,"name":"Putos pagrindas \/SMP_PRO (05)\/"}]},{"@type":"WebSite","@id":"https:\/\/mousepad24.eu\/#website","url":"https:\/\/mousepad24.eu\/","name":"MousePad24.eu","description":"Personalizowane podk\u0142adki pod mysz","publisher":{"@id":"https:\/\/mousepad24.eu\/#organization"},"potentialAction":[{"@type":"SearchAction","target":{"@type":"EntryPoint","urlTemplate":"https:\/\/mousepad24.eu\/?s={search_term_string}"},"query-input":{"@type":"PropertyValueSpecification","valueRequired":true,"valueName":"search_term_string"}}],"inLanguage":"lt-LT"},{"@type":"Organization","@id":"https:\/\/mousepad24.eu\/#organization","name":"MousePad24.eu","url":"https:\/\/mousepad24.eu\/","logo":{"@type":"ImageObject","inLanguage":"lt-LT","@id":"https:\/\/mousepad24.eu\/#\/schema\/logo\/image\/","url":"https:\/\/mousepad24.eu\/wp-content\/uploads\/2022\/12\/MOUSEPAD24_logo_curv_OK-1.png","contentUrl":"https:\/\/mousepad24.eu\/wp-content\/uploads\/2022\/12\/MOUSEPAD24_logo_curv_OK-1.png","width":1024,"height":75,"caption":"MousePad24.eu"},"image":{"@id":"https:\/\/mousepad24.eu\/#\/schema\/logo\/image\/"},"sameAs":["https:\/\/www.facebook.com\/mousepad24\/","https:\/\/www.instagram.com\/mousepad24.eu\/","https:\/\/www.linkedin.com\/company\/podkladki24-mousepad24\/"]}]}},"_links":{"self":[{"href":"https:\/\/mousepad24.eu\/lt\/wp-json\/wp\/v2\/product\/76713","targetHints":{"allow":["GET"]}}],"collection":[{"href":"https:\/\/mousepad24.eu\/lt\/wp-json\/wp\/v2\/product"}],"about":[{"href":"https:\/\/mousepad24.eu\/lt\/wp-json\/wp\/v2\/types\/product"}],"wp:featuredmedia":[{"embeddable":true,"href":"https:\/\/mousepad24.eu\/lt\/wp-json\/wp\/v2\/media\/65280"}],"wp:attachment":[{"href":"https:\/\/mousepad24.eu\/lt\/wp-json\/wp\/v2\/media?parent=76713"}],"wp:term":[{"taxonomy":"product_brand","embeddable":true,"href":"https:\/\/mousepad24.eu\/lt\/wp-json\/wp\/v2\/product_brand?post=76713"},{"taxonomy":"product_cat","embeddable":true,"href":"https:\/\/mousepad24.eu\/lt\/wp-json\/wp\/v2\/product_cat?post=76713"},{"taxonomy":"product_tag","embeddable":true,"href":"https:\/\/mousepad24.eu\/lt\/wp-json\/wp\/v2\/product_tag?post=76713"}],"curies":[{"name":"wp","href":"https:\/\/api.w.org\/{rel}","templated":true}]}}