{"id":77629,"date":"2026-03-10T11:50:00","date_gmt":"2026-03-10T10:50:00","guid":{"rendered":"https:\/\/mousepad24.eu\/produkt\/apsaugine-pleveles-pakuote-peles-kilimeliams-fp\/"},"modified":"2026-03-10T11:50:00","modified_gmt":"2026-03-10T10:50:00","slug":"apsaugine-pleveles-pakuote-peles-kilimeliams-fp","status":"publish","type":"product","link":"https:\/\/mousepad24.eu\/lt\/produkt\/apsaugine-pleveles-pakuote-peles-kilimeliams-fp\/","title":{"rendered":"Apsaugin\u0117 pl\u0117vel\u0117s pakuot\u0117 pel\u0117s kilim\u0117liams \/ FP \/"},"content":{"rendered":"<p data-start=\"292\" data-end=\"723\"><strong>Apsaugin\u0117 pl\u0117vel\u0117s pakuot\u0117<\/strong> \u2013 prakti\u0161ka, skaidri ir sukurta saugiam pel\u0117s kilim\u0117li\u0173 laikymui bei esteti\u0161kam pakavimui.<\/p>\n<p data-start=\"292\" data-end=\"723\">Puikiai tinka tiek ma\u017emeninei prekybai, tiek siun\u010diant produktus. Apsaugo kilim\u0117lio pavir\u0161i\u0173 nuo dulki\u0173, purvo ir \u012fbr\u0117\u017eim\u0173.<br data-start=\"599\" data-end=\"602\">Pakuot\u0117 yra dviej\u0173 variant\u0173, pritaikyt\u0173 skirtingiems kilim\u0117li\u0173 dyd\u017eiams: <strong data-start=\"692\" data-end=\"704\">Standartinis<\/strong>, <strong>\u017daidim\u0173<\/strong>. <\/p>\n<p data-start=\"725\" data-end=\"993\">Pl\u0117vel\u0117 yra lanksti, skaidri ir atspari ply\u0161imui, u\u017etikrinanti ilgaam\u017ei\u0161kum\u0105 ir patog\u0173 naudojim\u0105.<br data-start=\"832\" data-end=\"835\">Netinka <strong data-start=\"863\" data-end=\"875\">geliniams<\/strong> kilim\u0117liams \u2013 tokio tipo produktai turi savo gamyklines apsaugines pakuotes ir netelpa \u012f \u0161io tipo pl\u0117vel\u0117s d\u0117kl\u0105.<\/p>\n<p data-start=\"995\" data-end=\"1014\"><strong data-start=\"995\" data-end=\"1014\">Produkto savyb\u0117s:<\/strong><\/p>\n<ul data-start=\"1015\" data-end=\"1289\">\n<li data-start=\"1015\" data-end=\"1064\">\n<p data-start=\"1017\" data-end=\"1064\">Auk\u0161tos kokyb\u0117s skaidri apsaugin\u0117 pl\u0117vel\u0117<\/p>\n<\/li>\n<li data-start=\"1065\" data-end=\"1114\">\n<p data-start=\"1067\" data-end=\"1114\">Apsaugo nuo dulki\u0173, \u012fbr\u0117\u017eim\u0173 ir dr\u0117gm\u0117s<\/p>\n<\/li>\n<li data-start=\"1115\" data-end=\"1182\">\n<p data-start=\"1117\" data-end=\"1182\">Esteti\u0161ka i\u0161vaizda \u2013 idealiai tinka eksponuoti parduotuv\u0117je ar si\u0173sti<\/p>\n<\/li>\n<li data-start=\"1183\" data-end=\"1239\">\n<p data-start=\"1185\" data-end=\"1239\">Du pritaikyti dyd\u017eio variantai (Standartinis, \u017daidim\u0173)<\/p>\n<\/li>\n<\/ul>\n<p data-start=\"1341\" data-end=\"1389\">\ud83d\udd38 <strong data-start=\"1348\" data-end=\"1389\">Pl\u0117vel\u0117s pakuot\u0117 \u2013 Standartin\u0117 21,5 x 24 cm<\/strong><\/p>\n<p data-start=\"1390\" data-end=\"1687\">Pakuot\u0117, skirta daugumai klasikini\u0173 pel\u0117s kilim\u0117li\u0173, atitinkan\u010di\u0173 standartinius biuro matmenis.<br data-start=\"1497\" data-end=\"1500\">Idealiai tinka apsaugoti plonus ir vidutinio storio med\u017eiaginius ar guminius kilim\u0117lius.<br data-start=\"1592\" data-end=\"1595\">Skaidri pl\u0117vel\u0117 u\u017etikrina esteti\u0161k\u0105 i\u0161vaizd\u0105 ir apsaug\u0105 laikant ar siun\u010diant.<br \/>\n<strong data-start=\"1689\" data-end=\"1701\">Tinkami kilim\u0117li\u0173 tipai: SMP, SMP_REC, SMP_PRO, SUB, SUB_ECO, SUBS, SUBR, P2S, P3S<\/strong><\/p>\n<p data-start=\"1769\" data-end=\"1822\">\ud83d\udd38 <strong data-start=\"1776\" data-end=\"1822\">Pl\u0117vel\u0117s pakuot\u0117 \u2013 \u017daidim\u0173 15 x 48 cm<\/strong><\/p>\n<p data-start=\"1823\" data-end=\"2118\">Apsaugin\u0117 pl\u0117vel\u0117, skirta \u017eaidim\u0173 kilim\u0117liams <strong data-start=\"1776\" data-end=\"1822\">M, L, XL, XL+, SLIM, XL LONG, XL LONG+<\/strong> dyd\u017ei\u0173.<br data-start=\"1892\" data-end=\"1895\">Puikiai tinka laikyti ir pakuoti kilim\u0117lius, kuri\u0173 matmenys yra b\u016bdingi \u017eaid\u0117jams \u2013 \u0161iek tiek didesni nei standartiniai modeliai.<br data-start=\"2022\" data-end=\"2025\">Apsaugo kilim\u0117lio pavir\u0161i\u0173 nuo dulki\u0173 ir purvo, i\u0161laikydama jo originali\u0105 i\u0161vaizd\u0105.<\/p>\n","protected":false},"excerpt":{"rendered":"<p>Skaidri pl\u0117vel\u0117s pakuot\u0117, skirta saugiam pel\u0117s kilim\u0117li\u0173 laikymui ir pakavimui. Apsaugo nuo dulki\u0173, \u012fbr\u0117\u017eim\u0173 ir purvo, o d\u0117l esteti\u0161kos i\u0161vaizdos tinka tiek ma\u017emeninei prekybai, tiek siun\u010diant. Lanksti ir atspari ply\u0161imui pl\u0117vel\u0117 u\u017etikrina ilgaam\u017ei\u0161kum\u0105 ir patog\u0173 naudojim\u0105.  <\/p>\n","protected":false},"featured_media":76663,"template":"","meta":[],"product_brand":[],"product_cat":[1142],"product_tag":[],"class_list":{"0":"post-77629","1":"product","2":"type-product","3":"status-publish","4":"has-post-thumbnail","6":"product_cat-kita","7":"fpd-variation-needed","9":"first","10":"instock","11":"taxable","12":"shipping-taxable","13":"purchasable","14":"product-type-variable","15":"has-default-attributes"},"yoast_head":"<!-- This site is optimized with the Yoast SEO plugin v27.4 - https:\/\/yoast.com\/product\/yoast-seo-wordpress\/ -->\n<title>Apsaugin\u0117 pl\u0117vel\u0117s pakuot\u0117 pel\u0117s kilim\u0117liams \/ FP \/ - MousePad24.eu<\/title>\n<meta name=\"description\" content=\"Skaidri pl\u0117vel\u0117s pakuot\u0117 pel\u0117s kilim\u0117liams. Apsaugo nuo dulki\u0173 ir \u012fbr\u0117\u017eim\u0173. Galimi variantai: Standartinis 21,5 x 24 cm ir \u017daidim\u0173 15 x 48 cm.\" \/>\n<meta name=\"robots\" content=\"index, follow, max-snippet:-1, max-image-preview:large, max-video-preview:-1\" \/>\n<meta property=\"og:locale\" content=\"lt_LT\" \/>\n<meta property=\"og:type\" content=\"article\" \/>\n<meta property=\"og:title\" content=\"Apsaugin\u0117 pl\u0117vel\u0117s pakuot\u0117 pel\u0117s kilim\u0117liams \/ FP \/ - MousePad24.eu\" \/>\n<meta property=\"og:description\" content=\"Skaidri pl\u0117vel\u0117s pakuot\u0117 pel\u0117s kilim\u0117liams. Apsaugo nuo dulki\u0173 ir \u012fbr\u0117\u017eim\u0173. Galimi variantai: Standartinis 21,5 x 24 cm ir \u017daidim\u0173 15 x 48 cm.\" \/>\n<meta property=\"og:url\" content=\"https:\/\/mousepad24.eu\/lt\/produkt\/apsaugine-pleveles-pakuote-peles-kilimeliams-fp\/\" \/>\n<meta property=\"og:site_name\" content=\"MousePad24.eu\" \/>\n<meta property=\"article:publisher\" content=\"https:\/\/www.facebook.com\/mousepad24\/\" \/>\n<meta property=\"og:image\" content=\"https:\/\/mousepad24.eu\/wp-content\/uploads\/2026\/01\/woreczki_male.jpg\" \/>\n\t<meta property=\"og:image:width\" content=\"2500\" \/>\n\t<meta property=\"og:image:height\" content=\"2500\" \/>\n\t<meta property=\"og:image:type\" content=\"image\/jpeg\" \/>\n<meta name=\"twitter:card\" content=\"summary_large_image\" \/>\n<meta name=\"twitter:label1\" content=\"Est. reading time\" \/>\n\t<meta name=\"twitter:data1\" content=\"1 minut\u0117\" \/>\n<script type=\"application\/ld+json\" class=\"yoast-schema-graph\">{\"@context\":\"https:\\\/\\\/schema.org\",\"@graph\":[{\"@type\":\"WebPage\",\"@id\":\"https:\\\/\\\/mousepad24.eu\\\/lt\\\/produkt\\\/apsaugine-pleveles-pakuote-peles-kilimeliams-fp\\\/\",\"url\":\"https:\\\/\\\/mousepad24.eu\\\/lt\\\/produkt\\\/apsaugine-pleveles-pakuote-peles-kilimeliams-fp\\\/\",\"name\":\"Apsaugin\u0117 pl\u0117vel\u0117s pakuot\u0117 pel\u0117s kilim\u0117liams \\\/ FP \\\/ - MousePad24.eu\",\"isPartOf\":{\"@id\":\"https:\\\/\\\/mousepad24.eu\\\/#website\"},\"primaryImageOfPage\":{\"@id\":\"https:\\\/\\\/mousepad24.eu\\\/lt\\\/produkt\\\/apsaugine-pleveles-pakuote-peles-kilimeliams-fp\\\/#primaryimage\"},\"image\":{\"@id\":\"https:\\\/\\\/mousepad24.eu\\\/lt\\\/produkt\\\/apsaugine-pleveles-pakuote-peles-kilimeliams-fp\\\/#primaryimage\"},\"thumbnailUrl\":\"https:\\\/\\\/mousepad24.eu\\\/wp-content\\\/uploads\\\/2026\\\/01\\\/woreczki_male.jpg\",\"datePublished\":\"2026-03-10T10:50:00+00:00\",\"description\":\"Skaidri pl\u0117vel\u0117s pakuot\u0117 pel\u0117s kilim\u0117liams. Apsaugo nuo dulki\u0173 ir \u012fbr\u0117\u017eim\u0173. Galimi variantai: Standartinis 21,5 x 24 cm ir \u017daidim\u0173 15 x 48 cm.\",\"breadcrumb\":{\"@id\":\"https:\\\/\\\/mousepad24.eu\\\/lt\\\/produkt\\\/apsaugine-pleveles-pakuote-peles-kilimeliams-fp\\\/#breadcrumb\"},\"inLanguage\":\"lt-LT\",\"potentialAction\":[{\"@type\":\"ReadAction\",\"target\":[\"https:\\\/\\\/mousepad24.eu\\\/lt\\\/produkt\\\/apsaugine-pleveles-pakuote-peles-kilimeliams-fp\\\/\"]}]},{\"@type\":\"ImageObject\",\"inLanguage\":\"lt-LT\",\"@id\":\"https:\\\/\\\/mousepad24.eu\\\/lt\\\/produkt\\\/apsaugine-pleveles-pakuote-peles-kilimeliams-fp\\\/#primaryimage\",\"url\":\"https:\\\/\\\/mousepad24.eu\\\/wp-content\\\/uploads\\\/2026\\\/01\\\/woreczki_male.jpg\",\"contentUrl\":\"https:\\\/\\\/mousepad24.eu\\\/wp-content\\\/uploads\\\/2026\\\/01\\\/woreczki_male.jpg\",\"width\":2500,\"height\":2500,\"caption\":\"foliowe opakowanie ochronne\"},{\"@type\":\"BreadcrumbList\",\"@id\":\"https:\\\/\\\/mousepad24.eu\\\/lt\\\/produkt\\\/apsaugine-pleveles-pakuote-peles-kilimeliams-fp\\\/#breadcrumb\",\"itemListElement\":[{\"@type\":\"ListItem\",\"position\":1,\"name\":\"Pagrindinis puslapis\",\"item\":\"https:\\\/\\\/mousepad24.eu\\\/lt\\\/\"},{\"@type\":\"ListItem\",\"position\":2,\"name\":\"Parduotuv\u0117\",\"item\":\"https:\\\/\\\/mousepad24.eu\\\/lt\\\/\"},{\"@type\":\"ListItem\",\"position\":3,\"name\":\"Apsaugin\u0117 pl\u0117vel\u0117s pakuot\u0117 pel\u0117s kilim\u0117liams \\\/ FP \\\/\"}]},{\"@type\":\"WebSite\",\"@id\":\"https:\\\/\\\/mousepad24.eu\\\/#website\",\"url\":\"https:\\\/\\\/mousepad24.eu\\\/\",\"name\":\"MousePad24.eu\",\"description\":\"Personalizowane podk\u0142adki pod mysz\",\"publisher\":{\"@id\":\"https:\\\/\\\/mousepad24.eu\\\/#organization\"},\"potentialAction\":[{\"@type\":\"SearchAction\",\"target\":{\"@type\":\"EntryPoint\",\"urlTemplate\":\"https:\\\/\\\/mousepad24.eu\\\/?s={search_term_string}\"},\"query-input\":{\"@type\":\"PropertyValueSpecification\",\"valueRequired\":true,\"valueName\":\"search_term_string\"}}],\"inLanguage\":\"lt-LT\"},{\"@type\":\"Organization\",\"@id\":\"https:\\\/\\\/mousepad24.eu\\\/#organization\",\"name\":\"MousePad24.eu\",\"url\":\"https:\\\/\\\/mousepad24.eu\\\/\",\"logo\":{\"@type\":\"ImageObject\",\"inLanguage\":\"lt-LT\",\"@id\":\"https:\\\/\\\/mousepad24.eu\\\/#\\\/schema\\\/logo\\\/image\\\/\",\"url\":\"https:\\\/\\\/mousepad24.eu\\\/wp-content\\\/uploads\\\/2022\\\/12\\\/MOUSEPAD24_logo_curv_OK-1.png\",\"contentUrl\":\"https:\\\/\\\/mousepad24.eu\\\/wp-content\\\/uploads\\\/2022\\\/12\\\/MOUSEPAD24_logo_curv_OK-1.png\",\"width\":1024,\"height\":75,\"caption\":\"MousePad24.eu\"},\"image\":{\"@id\":\"https:\\\/\\\/mousepad24.eu\\\/#\\\/schema\\\/logo\\\/image\\\/\"},\"sameAs\":[\"https:\\\/\\\/www.facebook.com\\\/mousepad24\\\/\",\"https:\\\/\\\/www.instagram.com\\\/mousepad24.eu\\\/\",\"https:\\\/\\\/www.linkedin.com\\\/company\\\/podkladki24-mousepad24\\\/\"]}]}<\/script>\n<!-- \/ Yoast SEO plugin. -->","yoast_head_json":{"title":"Apsaugin\u0117 pl\u0117vel\u0117s pakuot\u0117 pel\u0117s kilim\u0117liams \/ FP \/ - MousePad24.eu","description":"Skaidri pl\u0117vel\u0117s pakuot\u0117 pel\u0117s kilim\u0117liams. Apsaugo nuo dulki\u0173 ir \u012fbr\u0117\u017eim\u0173. Galimi variantai: Standartinis 21,5 x 24 cm ir \u017daidim\u0173 15 x 48 cm.","robots":{"index":"index","follow":"follow","max-snippet":"max-snippet:-1","max-image-preview":"max-image-preview:large","max-video-preview":"max-video-preview:-1"},"og_locale":"lt_LT","og_type":"article","og_title":"Apsaugin\u0117 pl\u0117vel\u0117s pakuot\u0117 pel\u0117s kilim\u0117liams \/ FP \/ - MousePad24.eu","og_description":"Skaidri pl\u0117vel\u0117s pakuot\u0117 pel\u0117s kilim\u0117liams. Apsaugo nuo dulki\u0173 ir \u012fbr\u0117\u017eim\u0173. Galimi variantai: Standartinis 21,5 x 24 cm ir \u017daidim\u0173 15 x 48 cm.","og_url":"https:\/\/mousepad24.eu\/lt\/produkt\/apsaugine-pleveles-pakuote-peles-kilimeliams-fp\/","og_site_name":"MousePad24.eu","article_publisher":"https:\/\/www.facebook.com\/mousepad24\/","og_image":[{"width":2500,"height":2500,"url":"https:\/\/mousepad24.eu\/wp-content\/uploads\/2026\/01\/woreczki_male.jpg","type":"image\/jpeg"}],"twitter_card":"summary_large_image","twitter_misc":{"Est. reading time":"1 minut\u0117"},"schema":{"@context":"https:\/\/schema.org","@graph":[{"@type":"WebPage","@id":"https:\/\/mousepad24.eu\/lt\/produkt\/apsaugine-pleveles-pakuote-peles-kilimeliams-fp\/","url":"https:\/\/mousepad24.eu\/lt\/produkt\/apsaugine-pleveles-pakuote-peles-kilimeliams-fp\/","name":"Apsaugin\u0117 pl\u0117vel\u0117s pakuot\u0117 pel\u0117s kilim\u0117liams \/ FP \/ - MousePad24.eu","isPartOf":{"@id":"https:\/\/mousepad24.eu\/#website"},"primaryImageOfPage":{"@id":"https:\/\/mousepad24.eu\/lt\/produkt\/apsaugine-pleveles-pakuote-peles-kilimeliams-fp\/#primaryimage"},"image":{"@id":"https:\/\/mousepad24.eu\/lt\/produkt\/apsaugine-pleveles-pakuote-peles-kilimeliams-fp\/#primaryimage"},"thumbnailUrl":"https:\/\/mousepad24.eu\/wp-content\/uploads\/2026\/01\/woreczki_male.jpg","datePublished":"2026-03-10T10:50:00+00:00","description":"Skaidri pl\u0117vel\u0117s pakuot\u0117 pel\u0117s kilim\u0117liams. Apsaugo nuo dulki\u0173 ir \u012fbr\u0117\u017eim\u0173. Galimi variantai: Standartinis 21,5 x 24 cm ir \u017daidim\u0173 15 x 48 cm.","breadcrumb":{"@id":"https:\/\/mousepad24.eu\/lt\/produkt\/apsaugine-pleveles-pakuote-peles-kilimeliams-fp\/#breadcrumb"},"inLanguage":"lt-LT","potentialAction":[{"@type":"ReadAction","target":["https:\/\/mousepad24.eu\/lt\/produkt\/apsaugine-pleveles-pakuote-peles-kilimeliams-fp\/"]}]},{"@type":"ImageObject","inLanguage":"lt-LT","@id":"https:\/\/mousepad24.eu\/lt\/produkt\/apsaugine-pleveles-pakuote-peles-kilimeliams-fp\/#primaryimage","url":"https:\/\/mousepad24.eu\/wp-content\/uploads\/2026\/01\/woreczki_male.jpg","contentUrl":"https:\/\/mousepad24.eu\/wp-content\/uploads\/2026\/01\/woreczki_male.jpg","width":2500,"height":2500,"caption":"foliowe opakowanie ochronne"},{"@type":"BreadcrumbList","@id":"https:\/\/mousepad24.eu\/lt\/produkt\/apsaugine-pleveles-pakuote-peles-kilimeliams-fp\/#breadcrumb","itemListElement":[{"@type":"ListItem","position":1,"name":"Pagrindinis puslapis","item":"https:\/\/mousepad24.eu\/lt\/"},{"@type":"ListItem","position":2,"name":"Parduotuv\u0117","item":"https:\/\/mousepad24.eu\/lt\/"},{"@type":"ListItem","position":3,"name":"Apsaugin\u0117 pl\u0117vel\u0117s pakuot\u0117 pel\u0117s kilim\u0117liams \/ FP \/"}]},{"@type":"WebSite","@id":"https:\/\/mousepad24.eu\/#website","url":"https:\/\/mousepad24.eu\/","name":"MousePad24.eu","description":"Personalizowane podk\u0142adki pod mysz","publisher":{"@id":"https:\/\/mousepad24.eu\/#organization"},"potentialAction":[{"@type":"SearchAction","target":{"@type":"EntryPoint","urlTemplate":"https:\/\/mousepad24.eu\/?s={search_term_string}"},"query-input":{"@type":"PropertyValueSpecification","valueRequired":true,"valueName":"search_term_string"}}],"inLanguage":"lt-LT"},{"@type":"Organization","@id":"https:\/\/mousepad24.eu\/#organization","name":"MousePad24.eu","url":"https:\/\/mousepad24.eu\/","logo":{"@type":"ImageObject","inLanguage":"lt-LT","@id":"https:\/\/mousepad24.eu\/#\/schema\/logo\/image\/","url":"https:\/\/mousepad24.eu\/wp-content\/uploads\/2022\/12\/MOUSEPAD24_logo_curv_OK-1.png","contentUrl":"https:\/\/mousepad24.eu\/wp-content\/uploads\/2022\/12\/MOUSEPAD24_logo_curv_OK-1.png","width":1024,"height":75,"caption":"MousePad24.eu"},"image":{"@id":"https:\/\/mousepad24.eu\/#\/schema\/logo\/image\/"},"sameAs":["https:\/\/www.facebook.com\/mousepad24\/","https:\/\/www.instagram.com\/mousepad24.eu\/","https:\/\/www.linkedin.com\/company\/podkladki24-mousepad24\/"]}]}},"_links":{"self":[{"href":"https:\/\/mousepad24.eu\/lt\/wp-json\/wp\/v2\/product\/77629","targetHints":{"allow":["GET"]}}],"collection":[{"href":"https:\/\/mousepad24.eu\/lt\/wp-json\/wp\/v2\/product"}],"about":[{"href":"https:\/\/mousepad24.eu\/lt\/wp-json\/wp\/v2\/types\/product"}],"wp:featuredmedia":[{"embeddable":true,"href":"https:\/\/mousepad24.eu\/lt\/wp-json\/wp\/v2\/media\/76663"}],"wp:attachment":[{"href":"https:\/\/mousepad24.eu\/lt\/wp-json\/wp\/v2\/media?parent=77629"}],"wp:term":[{"taxonomy":"product_brand","embeddable":true,"href":"https:\/\/mousepad24.eu\/lt\/wp-json\/wp\/v2\/product_brand?post=77629"},{"taxonomy":"product_cat","embeddable":true,"href":"https:\/\/mousepad24.eu\/lt\/wp-json\/wp\/v2\/product_cat?post=77629"},{"taxonomy":"product_tag","embeddable":true,"href":"https:\/\/mousepad24.eu\/lt\/wp-json\/wp\/v2\/product_tag?post=77629"}],"curies":[{"name":"wp","href":"https:\/\/api.w.org\/{rel}","templated":true}]}}