{"id":77838,"date":"2026-03-25T11:48:30","date_gmt":"2026-03-25T10:48:30","guid":{"rendered":"https:\/\/mousepad24.eu\/produkt\/peles-kilimelis-su-skysciu-liquid-mouse-pad-lmp_rec\/"},"modified":"2026-03-25T13:23:24","modified_gmt":"2026-03-25T12:23:24","slug":"peles-kilimelis-su-skysciu-liquid-mouse-pad-lmp_rec","status":"publish","type":"product","link":"https:\/\/mousepad24.eu\/lt\/produkt\/peles-kilimelis-su-skysciu-liquid-mouse-pad-lmp_rec\/","title":{"rendered":"Pel\u0117s kilim\u0117lis su skys\u010diu (Liquid Mouse Pad) \/ LMP_REC"},"content":{"rendered":"<p data-start=\"40\" data-end=\"440\">Pel\u0117s kilim\u0117lis su skys\u010diu <strong data-start=\"68\" data-end=\"88\">Liquid Mouse Pad<\/strong> yra originalus reklaminis gaminys, kuris efektyviai patraukia d\u0117mes\u012f ir i\u0161skiria J\u016bs\u0173 prek\u0117s \u017eenkl\u0105. D\u0117l plaukiojan\u010di\u0173 element\u0173 efekto permatomame skystyje, kilim\u0117lis tampa ne tik prakti\u0161ku biuro aksesuaru, bet ir \u012fdomia reklamos priemone. Tai idealus sprendimas \u012fmon\u0117ms, norin\u010dioms sukurti <strong data-start=\"396\" data-end=\"439\">ne\u012fprast\u0105 reklamin\u012f gamin\u012f su spauda<\/strong>.  <\/p>\n<p data-start=\"442\" data-end=\"809\">Kilim\u0117lis pagamintas i\u0161 <strong data-start=\"468\" data-end=\"508\">auk\u0161tos kokyb\u0117s permatomo PVC<\/strong>, o i\u0161 apa\u010dios turi <strong data-start=\"529\" data-end=\"550\">juod\u0105 PVC put\u0105<\/strong>, kuri u\u017etikrina stabilum\u0105 ant stalo ir patog\u0173 naudojim\u0105. Viduje yra apie <strong data-start=\"639\" data-end=\"654\">45 ml skys\u010dio<\/strong>, kuriame laisvai juda plaukiojantys elementai (vadinamieji \u201efloateriai\u201c). D\u0117l to, kiekvien\u0105 kart\u0105 pajudinus kilim\u0117l\u012f, grafika atgyja ir patraukia vartotojo ak\u012f.  <\/p>\n<p data-start=\"811\" data-end=\"1246\">Kilim\u0117lio fonas spausdinamas <strong data-start=\"854\" data-end=\"892\">ofsetine technologija, pilna spalva (CMYK)<\/strong> ant <strong data-start=\"916\" data-end=\"925\">300 g<\/strong> ofsetinio kartono. Tai garantuoja auk\u0161t\u0105 spaudos kokyb\u0119 ir puik\u0173 spalv\u0173 atk\u016brim\u0105. Be to, galima \u012fd\u0117ti <strong data-start=\"1036\" data-end=\"1073\">plaukiojan\u010di\u0173 reklamini\u0173 element\u0173<\/strong>, kuri\u0173 maksimalus dydis yra iki <strong data-start=\"1101\" data-end=\"1113\">4 \u00d7 4 cm<\/strong>. Standartin\u0117je kainos versijoje numatyta <strong data-start=\"1157\" data-end=\"1175\">iki 5 \u201efloateri\u0173\u201c<\/strong>, ta\u010diau j\u0173 skai\u010di\u0173 galima padidinti u\u017e papildom\u0105 mokest\u012f.  <\/p>\n<p data-start=\"1248\" data-end=\"1481\">D\u0117l kompakti\u0161ko <strong data-start=\"1279\" data-end=\"1293\">24 \u00d7 19 cm<\/strong> dyd\u017eio kilim\u0117lis puikiai tinka bet kuriai darbo vietai \u2013 tiek biure, tiek namuose. Jis suderinamas su optin\u0117mis ir lazerin\u0117mis pel\u0117mis, u\u017etikrinant skland\u0173 ir tiksl\u0173 \u017eymeklio jud\u0117jim\u0105. <\/p>\n<p data-start=\"1483\" data-end=\"1770\"><strong data-start=\"1483\" data-end=\"1503\">Liquid Mouse Pad<\/strong> yra puikus pasirinkimas <strong data-start=\"1526\" data-end=\"1612\">reklaminiam gaminiui parodoms, konferencijoms, reklamin\u0117ms akcijoms ar dovanai klientams<\/strong>. Originali forma, visi\u0161ko personalizavimo galimyb\u0117 ir dinami\u0161kas plaukiojan\u010di\u0173 element\u0173 efektas u\u017etikrina, kad prek\u0117s \u017eenklas ilgiau i\u0161liks vartotojo atmintyje. <\/p>\n<p style=\"color: red;\" data-start=\"1483\" data-end=\"1770\"><strong>Vienkartin\u0117 gamybos prad\u017eios kaina \u2013 1000 z\u0142.<\/strong><\/p>\n<p data-start=\"1772\" data-end=\"1929\">Jei ie\u0161kote <strong data-start=\"1786\" data-end=\"1831\">k\u016brybi\u0161ko pel\u0117s kilim\u0117lio su spauda<\/strong>, kuris i\u0161skirt\u0173 J\u016bs\u0173 \u012fmon\u0119 ir patraukt\u0173 d\u0117mes\u012f \u2013 kilim\u0117lis su skys\u010diu bus idealus sprendimas.<\/p>\n","protected":false},"excerpt":{"rendered":"<p data-start=\"1955\" data-end=\"2182\">Originalus <strong data-start=\"1966\" data-end=\"2016\">pel\u0117s kilim\u0117lis su skys\u010diu (Liquid Mouse Pad)<\/strong> su plaukiojan\u010diais reklaminiais elementais. Spalvota ofsetin\u0117 spauda, dydis 24 \u00d7 19 cm, iki 5 \u201efloateri\u0173\u201c standarte. Idealus reklaminis gaminys, patraukiantis d\u0117mes\u012f.  <\/p>\n","protected":false},"featured_media":77714,"template":"","meta":[],"product_brand":[],"product_cat":[1887],"product_tag":[],"class_list":{"0":"post-77838","1":"product","2":"type-product","3":"status-publish","4":"has-post-thumbnail","6":"product_cat-peles-kilimelis-liquid-design","7":"fpd-variation-needed","9":"first","10":"instock","11":"taxable","12":"shipping-taxable","13":"purchasable","14":"product-type-simple"},"yoast_head":"<!-- This site is optimized with the Yoast SEO plugin v27.4 - https:\/\/yoast.com\/product\/yoast-seo-wordpress\/ -->\n<title>Pel\u0117s kilim\u0117lis su skys\u010diu (Liquid Mouse Pad) \/ LMP_REC - MousePad24.eu<\/title>\n<meta name=\"description\" content=\"Pel\u0117s kilim\u0117lis su skys\u010diu ir plaukiojan\u010diais elementais. Originalus reklaminis gaminys su spalvota spauda ir personalizavimo galimybe.\" \/>\n<meta name=\"robots\" content=\"index, follow, max-snippet:-1, max-image-preview:large, max-video-preview:-1\" \/>\n<meta property=\"og:locale\" content=\"lt_LT\" \/>\n<meta property=\"og:type\" content=\"article\" \/>\n<meta property=\"og:title\" content=\"Pel\u0117s kilim\u0117lis su skys\u010diu (Liquid Mouse Pad) \/ LMP_REC - MousePad24.eu\" \/>\n<meta property=\"og:description\" content=\"Pel\u0117s kilim\u0117lis su skys\u010diu ir plaukiojan\u010diais elementais. Originalus reklaminis gaminys su spalvota spauda ir personalizavimo galimybe.\" \/>\n<meta property=\"og:url\" content=\"https:\/\/mousepad24.eu\/lt\/produkt\/peles-kilimelis-su-skysciu-liquid-mouse-pad-lmp_rec\/\" \/>\n<meta property=\"og:site_name\" content=\"MousePad24.eu\" \/>\n<meta property=\"article:publisher\" content=\"https:\/\/www.facebook.com\/mousepad24\/\" \/>\n<meta property=\"article:modified_time\" content=\"2026-03-25T12:23:24+00:00\" \/>\n<meta property=\"og:image\" content=\"https:\/\/mousepad24.eu\/wp-content\/uploads\/2026\/03\/floater_liquid_flat.jpg\" \/>\n\t<meta property=\"og:image:width\" content=\"2000\" \/>\n\t<meta property=\"og:image:height\" content=\"2000\" \/>\n\t<meta property=\"og:image:type\" content=\"image\/jpeg\" \/>\n<meta name=\"twitter:card\" content=\"summary_large_image\" \/>\n<meta name=\"twitter:label1\" content=\"Est. reading time\" \/>\n\t<meta name=\"twitter:data1\" content=\"1 minut\u0117\" \/>\n<script type=\"application\/ld+json\" class=\"yoast-schema-graph\">{\"@context\":\"https:\\\/\\\/schema.org\",\"@graph\":[{\"@type\":\"WebPage\",\"@id\":\"https:\\\/\\\/mousepad24.eu\\\/lt\\\/produkt\\\/peles-kilimelis-su-skysciu-liquid-mouse-pad-lmp_rec\\\/\",\"url\":\"https:\\\/\\\/mousepad24.eu\\\/lt\\\/produkt\\\/peles-kilimelis-su-skysciu-liquid-mouse-pad-lmp_rec\\\/\",\"name\":\"Pel\u0117s kilim\u0117lis su skys\u010diu (Liquid Mouse Pad) \\\/ LMP_REC - MousePad24.eu\",\"isPartOf\":{\"@id\":\"https:\\\/\\\/mousepad24.eu\\\/#website\"},\"primaryImageOfPage\":{\"@id\":\"https:\\\/\\\/mousepad24.eu\\\/lt\\\/produkt\\\/peles-kilimelis-su-skysciu-liquid-mouse-pad-lmp_rec\\\/#primaryimage\"},\"image\":{\"@id\":\"https:\\\/\\\/mousepad24.eu\\\/lt\\\/produkt\\\/peles-kilimelis-su-skysciu-liquid-mouse-pad-lmp_rec\\\/#primaryimage\"},\"thumbnailUrl\":\"https:\\\/\\\/mousepad24.eu\\\/wp-content\\\/uploads\\\/2026\\\/03\\\/floater_liquid_flat.jpg\",\"datePublished\":\"2026-03-25T10:48:30+00:00\",\"dateModified\":\"2026-03-25T12:23:24+00:00\",\"description\":\"Pel\u0117s kilim\u0117lis su skys\u010diu ir plaukiojan\u010diais elementais. Originalus reklaminis gaminys su spalvota spauda ir personalizavimo galimybe.\",\"breadcrumb\":{\"@id\":\"https:\\\/\\\/mousepad24.eu\\\/lt\\\/produkt\\\/peles-kilimelis-su-skysciu-liquid-mouse-pad-lmp_rec\\\/#breadcrumb\"},\"inLanguage\":\"lt-LT\",\"potentialAction\":[{\"@type\":\"ReadAction\",\"target\":[\"https:\\\/\\\/mousepad24.eu\\\/lt\\\/produkt\\\/peles-kilimelis-su-skysciu-liquid-mouse-pad-lmp_rec\\\/\"]}]},{\"@type\":\"ImageObject\",\"inLanguage\":\"lt-LT\",\"@id\":\"https:\\\/\\\/mousepad24.eu\\\/lt\\\/produkt\\\/peles-kilimelis-su-skysciu-liquid-mouse-pad-lmp_rec\\\/#primaryimage\",\"url\":\"https:\\\/\\\/mousepad24.eu\\\/wp-content\\\/uploads\\\/2026\\\/03\\\/floater_liquid_flat.jpg\",\"contentUrl\":\"https:\\\/\\\/mousepad24.eu\\\/wp-content\\\/uploads\\\/2026\\\/03\\\/floater_liquid_flat.jpg\",\"width\":2000,\"height\":2000,\"caption\":\"liquid flat\"},{\"@type\":\"BreadcrumbList\",\"@id\":\"https:\\\/\\\/mousepad24.eu\\\/lt\\\/produkt\\\/peles-kilimelis-su-skysciu-liquid-mouse-pad-lmp_rec\\\/#breadcrumb\",\"itemListElement\":[{\"@type\":\"ListItem\",\"position\":1,\"name\":\"Pagrindinis puslapis\",\"item\":\"https:\\\/\\\/mousepad24.eu\\\/lt\\\/\"},{\"@type\":\"ListItem\",\"position\":2,\"name\":\"Parduotuv\u0117\",\"item\":\"https:\\\/\\\/mousepad24.eu\\\/lt\\\/\"},{\"@type\":\"ListItem\",\"position\":3,\"name\":\"Pel\u0117s kilim\u0117lis su skys\u010diu (Liquid Mouse Pad) \\\/ LMP_REC\"}]},{\"@type\":\"WebSite\",\"@id\":\"https:\\\/\\\/mousepad24.eu\\\/#website\",\"url\":\"https:\\\/\\\/mousepad24.eu\\\/\",\"name\":\"MousePad24.eu\",\"description\":\"Personalizowane podk\u0142adki pod mysz\",\"publisher\":{\"@id\":\"https:\\\/\\\/mousepad24.eu\\\/#organization\"},\"potentialAction\":[{\"@type\":\"SearchAction\",\"target\":{\"@type\":\"EntryPoint\",\"urlTemplate\":\"https:\\\/\\\/mousepad24.eu\\\/?s={search_term_string}\"},\"query-input\":{\"@type\":\"PropertyValueSpecification\",\"valueRequired\":true,\"valueName\":\"search_term_string\"}}],\"inLanguage\":\"lt-LT\"},{\"@type\":\"Organization\",\"@id\":\"https:\\\/\\\/mousepad24.eu\\\/#organization\",\"name\":\"MousePad24.eu\",\"url\":\"https:\\\/\\\/mousepad24.eu\\\/\",\"logo\":{\"@type\":\"ImageObject\",\"inLanguage\":\"lt-LT\",\"@id\":\"https:\\\/\\\/mousepad24.eu\\\/#\\\/schema\\\/logo\\\/image\\\/\",\"url\":\"https:\\\/\\\/mousepad24.eu\\\/wp-content\\\/uploads\\\/2022\\\/12\\\/MOUSEPAD24_logo_curv_OK-1.png\",\"contentUrl\":\"https:\\\/\\\/mousepad24.eu\\\/wp-content\\\/uploads\\\/2022\\\/12\\\/MOUSEPAD24_logo_curv_OK-1.png\",\"width\":1024,\"height\":75,\"caption\":\"MousePad24.eu\"},\"image\":{\"@id\":\"https:\\\/\\\/mousepad24.eu\\\/#\\\/schema\\\/logo\\\/image\\\/\"},\"sameAs\":[\"https:\\\/\\\/www.facebook.com\\\/mousepad24\\\/\",\"https:\\\/\\\/www.instagram.com\\\/mousepad24.eu\\\/\",\"https:\\\/\\\/www.linkedin.com\\\/company\\\/podkladki24-mousepad24\\\/\"]}]}<\/script>\n<!-- \/ Yoast SEO plugin. -->","yoast_head_json":{"title":"Pel\u0117s kilim\u0117lis su skys\u010diu (Liquid Mouse Pad) \/ LMP_REC - MousePad24.eu","description":"Pel\u0117s kilim\u0117lis su skys\u010diu ir plaukiojan\u010diais elementais. Originalus reklaminis gaminys su spalvota spauda ir personalizavimo galimybe.","robots":{"index":"index","follow":"follow","max-snippet":"max-snippet:-1","max-image-preview":"max-image-preview:large","max-video-preview":"max-video-preview:-1"},"og_locale":"lt_LT","og_type":"article","og_title":"Pel\u0117s kilim\u0117lis su skys\u010diu (Liquid Mouse Pad) \/ LMP_REC - MousePad24.eu","og_description":"Pel\u0117s kilim\u0117lis su skys\u010diu ir plaukiojan\u010diais elementais. Originalus reklaminis gaminys su spalvota spauda ir personalizavimo galimybe.","og_url":"https:\/\/mousepad24.eu\/lt\/produkt\/peles-kilimelis-su-skysciu-liquid-mouse-pad-lmp_rec\/","og_site_name":"MousePad24.eu","article_publisher":"https:\/\/www.facebook.com\/mousepad24\/","article_modified_time":"2026-03-25T12:23:24+00:00","og_image":[{"width":2000,"height":2000,"url":"https:\/\/mousepad24.eu\/wp-content\/uploads\/2026\/03\/floater_liquid_flat.jpg","type":"image\/jpeg"}],"twitter_card":"summary_large_image","twitter_misc":{"Est. reading time":"1 minut\u0117"},"schema":{"@context":"https:\/\/schema.org","@graph":[{"@type":"WebPage","@id":"https:\/\/mousepad24.eu\/lt\/produkt\/peles-kilimelis-su-skysciu-liquid-mouse-pad-lmp_rec\/","url":"https:\/\/mousepad24.eu\/lt\/produkt\/peles-kilimelis-su-skysciu-liquid-mouse-pad-lmp_rec\/","name":"Pel\u0117s kilim\u0117lis su skys\u010diu (Liquid Mouse Pad) \/ LMP_REC - MousePad24.eu","isPartOf":{"@id":"https:\/\/mousepad24.eu\/#website"},"primaryImageOfPage":{"@id":"https:\/\/mousepad24.eu\/lt\/produkt\/peles-kilimelis-su-skysciu-liquid-mouse-pad-lmp_rec\/#primaryimage"},"image":{"@id":"https:\/\/mousepad24.eu\/lt\/produkt\/peles-kilimelis-su-skysciu-liquid-mouse-pad-lmp_rec\/#primaryimage"},"thumbnailUrl":"https:\/\/mousepad24.eu\/wp-content\/uploads\/2026\/03\/floater_liquid_flat.jpg","datePublished":"2026-03-25T10:48:30+00:00","dateModified":"2026-03-25T12:23:24+00:00","description":"Pel\u0117s kilim\u0117lis su skys\u010diu ir plaukiojan\u010diais elementais. Originalus reklaminis gaminys su spalvota spauda ir personalizavimo galimybe.","breadcrumb":{"@id":"https:\/\/mousepad24.eu\/lt\/produkt\/peles-kilimelis-su-skysciu-liquid-mouse-pad-lmp_rec\/#breadcrumb"},"inLanguage":"lt-LT","potentialAction":[{"@type":"ReadAction","target":["https:\/\/mousepad24.eu\/lt\/produkt\/peles-kilimelis-su-skysciu-liquid-mouse-pad-lmp_rec\/"]}]},{"@type":"ImageObject","inLanguage":"lt-LT","@id":"https:\/\/mousepad24.eu\/lt\/produkt\/peles-kilimelis-su-skysciu-liquid-mouse-pad-lmp_rec\/#primaryimage","url":"https:\/\/mousepad24.eu\/wp-content\/uploads\/2026\/03\/floater_liquid_flat.jpg","contentUrl":"https:\/\/mousepad24.eu\/wp-content\/uploads\/2026\/03\/floater_liquid_flat.jpg","width":2000,"height":2000,"caption":"liquid flat"},{"@type":"BreadcrumbList","@id":"https:\/\/mousepad24.eu\/lt\/produkt\/peles-kilimelis-su-skysciu-liquid-mouse-pad-lmp_rec\/#breadcrumb","itemListElement":[{"@type":"ListItem","position":1,"name":"Pagrindinis puslapis","item":"https:\/\/mousepad24.eu\/lt\/"},{"@type":"ListItem","position":2,"name":"Parduotuv\u0117","item":"https:\/\/mousepad24.eu\/lt\/"},{"@type":"ListItem","position":3,"name":"Pel\u0117s kilim\u0117lis su skys\u010diu (Liquid Mouse Pad) \/ LMP_REC"}]},{"@type":"WebSite","@id":"https:\/\/mousepad24.eu\/#website","url":"https:\/\/mousepad24.eu\/","name":"MousePad24.eu","description":"Personalizowane podk\u0142adki pod mysz","publisher":{"@id":"https:\/\/mousepad24.eu\/#organization"},"potentialAction":[{"@type":"SearchAction","target":{"@type":"EntryPoint","urlTemplate":"https:\/\/mousepad24.eu\/?s={search_term_string}"},"query-input":{"@type":"PropertyValueSpecification","valueRequired":true,"valueName":"search_term_string"}}],"inLanguage":"lt-LT"},{"@type":"Organization","@id":"https:\/\/mousepad24.eu\/#organization","name":"MousePad24.eu","url":"https:\/\/mousepad24.eu\/","logo":{"@type":"ImageObject","inLanguage":"lt-LT","@id":"https:\/\/mousepad24.eu\/#\/schema\/logo\/image\/","url":"https:\/\/mousepad24.eu\/wp-content\/uploads\/2022\/12\/MOUSEPAD24_logo_curv_OK-1.png","contentUrl":"https:\/\/mousepad24.eu\/wp-content\/uploads\/2022\/12\/MOUSEPAD24_logo_curv_OK-1.png","width":1024,"height":75,"caption":"MousePad24.eu"},"image":{"@id":"https:\/\/mousepad24.eu\/#\/schema\/logo\/image\/"},"sameAs":["https:\/\/www.facebook.com\/mousepad24\/","https:\/\/www.instagram.com\/mousepad24.eu\/","https:\/\/www.linkedin.com\/company\/podkladki24-mousepad24\/"]}]}},"_links":{"self":[{"href":"https:\/\/mousepad24.eu\/lt\/wp-json\/wp\/v2\/product\/77838","targetHints":{"allow":["GET"]}}],"collection":[{"href":"https:\/\/mousepad24.eu\/lt\/wp-json\/wp\/v2\/product"}],"about":[{"href":"https:\/\/mousepad24.eu\/lt\/wp-json\/wp\/v2\/types\/product"}],"wp:featuredmedia":[{"embeddable":true,"href":"https:\/\/mousepad24.eu\/lt\/wp-json\/wp\/v2\/media\/77714"}],"wp:attachment":[{"href":"https:\/\/mousepad24.eu\/lt\/wp-json\/wp\/v2\/media?parent=77838"}],"wp:term":[{"taxonomy":"product_brand","embeddable":true,"href":"https:\/\/mousepad24.eu\/lt\/wp-json\/wp\/v2\/product_brand?post=77838"},{"taxonomy":"product_cat","embeddable":true,"href":"https:\/\/mousepad24.eu\/lt\/wp-json\/wp\/v2\/product_cat?post=77838"},{"taxonomy":"product_tag","embeddable":true,"href":"https:\/\/mousepad24.eu\/lt\/wp-json\/wp\/v2\/product_tag?post=77838"}],"curies":[{"name":"wp","href":"https:\/\/api.w.org\/{rel}","templated":true}]}}