{"id":77840,"date":"2026-03-25T11:48:27","date_gmt":"2026-03-25T10:48:27","guid":{"rendered":"https:\/\/mousepad24.eu\/produkt\/peles-kilimelis-su-skysciu-ir-rieso-atrama-liquid-mouse-pad-with-wrist-rest-pad-lmp_xl\/"},"modified":"2026-03-25T13:23:24","modified_gmt":"2026-03-25T12:23:24","slug":"peles-kilimelis-su-skysciu-ir-rieso-atrama-liquid-mouse-pad-with-wrist-rest-pad-lmp_xl","status":"publish","type":"product","link":"https:\/\/mousepad24.eu\/lt\/produkt\/peles-kilimelis-su-skysciu-ir-rieso-atrama-liquid-mouse-pad-with-wrist-rest-pad-lmp_xl\/","title":{"rendered":"Pel\u0117s kilim\u0117lis su skys\u010diu ir rie\u0161o atrama (Liquid Mouse Pad) \/ LMP_XL"},"content":{"rendered":"<p data-start=\"40\" data-end=\"387\">Pel\u0117s kilim\u0117lis su skys\u010diu ir rie\u0161o atrama <strong data-start=\"94\" data-end=\"134\">Liquid Mouse Pad with Wrist Rest Pad<\/strong> \u2013 tai inovatyvi reklamin\u0117 dovana, jungianti funkcionalum\u0105, ergonomik\u0105 ir efekting\u0105 dizain\u0105. D\u0117l skys\u010dio ir pl\u016bduriuojan\u010di\u0173 reklamini\u0173 element\u0173 gaminys pritraukia d\u0117mes\u012f ir veiksmingai i\u0161skiria prek\u0117s \u017eenkl\u0105 tarp standartini\u0173 reklamini\u0173 med\u017eiag\u0173. <\/p>\n<p data-start=\"389\" data-end=\"910\">Kilim\u0117lis i\u0161 <strong data-start=\"415\" data-end=\"438\">skaidrios PVC<\/strong>, kurio apa\u010di\u0105 sudaro <strong data-start=\"459\" data-end=\"480\">juoda PVC putplast\u0117<\/strong>, u\u017etikrinanti stabilum\u0105 ir naudojimo komfort\u0105. Viduje yra apie <strong data-start=\"560\" data-end=\"575\">45 ml skys\u010dio<\/strong>, kuriame juda pl\u016bduriuojantys elementai (floateriai), sukuriantys dinami\u0161k\u0105 vizualin\u012f efekt\u0105. Papildom\u0105 privalum\u0105 suteikia ergonomi\u0161ka <strong data-start=\"702\" data-end=\"729\">rie\u0161o atrama<\/strong>, pagaminta i\u0161 <strong data-start=\"741\" data-end=\"771\">0,5 mm skaidrios PVC<\/strong>, u\u017epildyta apie <strong data-start=\"790\" data-end=\"806\">110 ml skys\u010dio. <\/strong>Pagerina darbo komfort\u0105 ir suma\u017eina pla\u0161takos \u012ftamp\u0105 ilgai naudojant kompiuter\u012f.  <\/p>\n<p data-start=\"912\" data-end=\"1278\">Kilim\u0117lio fonas spausdinamas <strong data-start=\"955\" data-end=\"976\">ofsetine (CMYK)<\/strong> technologija ant ofsetinio kartono <strong data-start=\"1000\" data-end=\"1009\">300 g<\/strong>, kas garantuoja auk\u0161t\u0105 kokyb\u0119 ir intensyvias spalvas. Taip pat galima \u012fd\u0117ti pl\u016bduriuojan\u010di\u0173 reklamini\u0173 element\u0173, kuri\u0173 maksimalus dydis <strong data-start=\"1153\" data-end=\"1165\">4 \u00d7 4 cm<\/strong>. Standartin\u0117 konfig\u016bracija apima <strong data-start=\"1201\" data-end=\"1219\">iki 3 floateri\u0173<\/strong>, su galimybe padidinti j\u0173 skai\u010di\u0173 u\u017e papildom\u0105 mokest\u012f.  <\/p>\n<p data-start=\"1280\" data-end=\"1573\">Kilim\u0117lio matmenys <strong data-start=\"1302\" data-end=\"1316\">25 \u00d7 22 cm<\/strong> u\u017etikrina patogi\u0105 darbo erdv\u0119. Atrama, kurios dydis <strong data-start=\"1378\" data-end=\"1397\">14 \u00d7 7,5 \u00d7 2 cm<\/strong>, puikiai prisitaiko prie rie\u0161o, pagerinant darbo vietos ergonomik\u0105. Gaminys suderinamas su optin\u0117mis ir lazerin\u0117mis pel\u0117mis, garantuojant tiksl\u0173 veikim\u0105.  <\/p>\n<p style=\"color: red;\" data-start=\"1280\" data-end=\"1573\"><strong>Vienkartin\u0117 gamybos prad\u017eios kaina \u2013 1000 z\u0142.<\/strong><\/p>\n<p data-start=\"1575\" data-end=\"1871\"><strong data-start=\"1575\" data-end=\"1621\">Liquid Mouse Pad su rie\u0161o atrama<\/strong> \u2013 tai puikus pasirinkimas kaip <strong data-start=\"1646\" data-end=\"1674\">premium reklamin\u0117 dovana<\/strong>, ideali parodoms, konferencijoms ar kaip dovana klientams ir darbuotojams. Funkcionalumo, personalizavimo ir vizualinio efekto derinys u\u017etikrina, kad J\u016bs\u0173 prek\u0117s \u017eenklas i\u0161lieka matomas kiekvien\u0105 dien\u0105. <\/p>\n","protected":false},"excerpt":{"rendered":"<p>Ergonomi\u0161kas <strong data-start=\"1910\" data-end=\"1967\">pel\u0117s kilim\u0117lis su skys\u010diu ir rie\u0161o atrama<\/strong>. Pl\u016bduriuojantys reklaminiai elementai, CMYK spauda, iki 3 floateri\u0173 standarti\u0161kai. Komfortas ir WOW efektas viename.  <\/p>\n","protected":false},"featured_media":77726,"template":"","meta":[],"product_brand":[],"product_cat":[1887],"product_tag":[],"class_list":{"0":"post-77840","1":"product","2":"type-product","3":"status-publish","4":"has-post-thumbnail","6":"product_cat-peles-kilimelis-liquid-design","7":"fpd-variation-needed","9":"first","10":"instock","11":"taxable","12":"shipping-taxable","13":"purchasable","14":"product-type-simple"},"yoast_head":"<!-- This site is optimized with the Yoast SEO plugin v27.4 - https:\/\/yoast.com\/product\/yoast-seo-wordpress\/ -->\n<title>Pel\u0117s kilim\u0117lis su skys\u010diu ir rie\u0161o atrama (Liquid Mouse Pad) \/ LMP_XL - MousePad24.eu<\/title>\n<meta name=\"description\" content=\"Kilim\u0117lis su skys\u010diu ir rie\u0161o atrama. Ergonomi\u0161ka reklamin\u0117 dovana su pl\u016bduriuojan\u010diais elementais ir CMYK spauda. Komfortas ir inovacija viename.\" \/>\n<meta name=\"robots\" content=\"index, follow, max-snippet:-1, max-image-preview:large, max-video-preview:-1\" \/>\n<meta property=\"og:locale\" content=\"lt_LT\" \/>\n<meta property=\"og:type\" content=\"article\" \/>\n<meta property=\"og:title\" content=\"Pel\u0117s kilim\u0117lis su skys\u010diu ir rie\u0161o atrama (Liquid Mouse Pad) \/ LMP_XL - MousePad24.eu\" \/>\n<meta property=\"og:description\" content=\"Kilim\u0117lis su skys\u010diu ir rie\u0161o atrama. Ergonomi\u0161ka reklamin\u0117 dovana su pl\u016bduriuojan\u010diais elementais ir CMYK spauda. Komfortas ir inovacija viename.\" \/>\n<meta property=\"og:url\" content=\"https:\/\/mousepad24.eu\/lt\/produkt\/peles-kilimelis-su-skysciu-ir-rieso-atrama-liquid-mouse-pad-with-wrist-rest-pad-lmp_xl\/\" \/>\n<meta property=\"og:site_name\" content=\"MousePad24.eu\" \/>\n<meta property=\"article:publisher\" content=\"https:\/\/www.facebook.com\/mousepad24\/\" \/>\n<meta property=\"article:modified_time\" content=\"2026-03-25T12:23:24+00:00\" \/>\n<meta property=\"og:image\" content=\"https:\/\/mousepad24.eu\/wp-content\/uploads\/2026\/03\/floater_liquid_ergonomic_-02.jpg\" \/>\n\t<meta property=\"og:image:width\" content=\"2000\" \/>\n\t<meta property=\"og:image:height\" content=\"2000\" \/>\n\t<meta property=\"og:image:type\" content=\"image\/jpeg\" \/>\n<meta name=\"twitter:card\" content=\"summary_large_image\" \/>\n<meta name=\"twitter:label1\" content=\"Est. reading time\" \/>\n\t<meta name=\"twitter:data1\" content=\"1 minut\u0117\" \/>\n<script type=\"application\/ld+json\" class=\"yoast-schema-graph\">{\"@context\":\"https:\\\/\\\/schema.org\",\"@graph\":[{\"@type\":\"WebPage\",\"@id\":\"https:\\\/\\\/mousepad24.eu\\\/lt\\\/produkt\\\/peles-kilimelis-su-skysciu-ir-rieso-atrama-liquid-mouse-pad-with-wrist-rest-pad-lmp_xl\\\/\",\"url\":\"https:\\\/\\\/mousepad24.eu\\\/lt\\\/produkt\\\/peles-kilimelis-su-skysciu-ir-rieso-atrama-liquid-mouse-pad-with-wrist-rest-pad-lmp_xl\\\/\",\"name\":\"Pel\u0117s kilim\u0117lis su skys\u010diu ir rie\u0161o atrama (Liquid Mouse Pad) \\\/ LMP_XL - MousePad24.eu\",\"isPartOf\":{\"@id\":\"https:\\\/\\\/mousepad24.eu\\\/#website\"},\"primaryImageOfPage\":{\"@id\":\"https:\\\/\\\/mousepad24.eu\\\/lt\\\/produkt\\\/peles-kilimelis-su-skysciu-ir-rieso-atrama-liquid-mouse-pad-with-wrist-rest-pad-lmp_xl\\\/#primaryimage\"},\"image\":{\"@id\":\"https:\\\/\\\/mousepad24.eu\\\/lt\\\/produkt\\\/peles-kilimelis-su-skysciu-ir-rieso-atrama-liquid-mouse-pad-with-wrist-rest-pad-lmp_xl\\\/#primaryimage\"},\"thumbnailUrl\":\"https:\\\/\\\/mousepad24.eu\\\/wp-content\\\/uploads\\\/2026\\\/03\\\/floater_liquid_ergonomic_-02.jpg\",\"datePublished\":\"2026-03-25T10:48:27+00:00\",\"dateModified\":\"2026-03-25T12:23:24+00:00\",\"description\":\"Kilim\u0117lis su skys\u010diu ir rie\u0161o atrama. Ergonomi\u0161ka reklamin\u0117 dovana su pl\u016bduriuojan\u010diais elementais ir CMYK spauda. Komfortas ir inovacija viename.\",\"breadcrumb\":{\"@id\":\"https:\\\/\\\/mousepad24.eu\\\/lt\\\/produkt\\\/peles-kilimelis-su-skysciu-ir-rieso-atrama-liquid-mouse-pad-with-wrist-rest-pad-lmp_xl\\\/#breadcrumb\"},\"inLanguage\":\"lt-LT\",\"potentialAction\":[{\"@type\":\"ReadAction\",\"target\":[\"https:\\\/\\\/mousepad24.eu\\\/lt\\\/produkt\\\/peles-kilimelis-su-skysciu-ir-rieso-atrama-liquid-mouse-pad-with-wrist-rest-pad-lmp_xl\\\/\"]}]},{\"@type\":\"ImageObject\",\"inLanguage\":\"lt-LT\",\"@id\":\"https:\\\/\\\/mousepad24.eu\\\/lt\\\/produkt\\\/peles-kilimelis-su-skysciu-ir-rieso-atrama-liquid-mouse-pad-with-wrist-rest-pad-lmp_xl\\\/#primaryimage\",\"url\":\"https:\\\/\\\/mousepad24.eu\\\/wp-content\\\/uploads\\\/2026\\\/03\\\/floater_liquid_ergonomic_-02.jpg\",\"contentUrl\":\"https:\\\/\\\/mousepad24.eu\\\/wp-content\\\/uploads\\\/2026\\\/03\\\/floater_liquid_ergonomic_-02.jpg\",\"width\":2000,\"height\":2000,\"caption\":\"pel\u0117s kilim\u0117lis su skys\u010diu\"},{\"@type\":\"BreadcrumbList\",\"@id\":\"https:\\\/\\\/mousepad24.eu\\\/lt\\\/produkt\\\/peles-kilimelis-su-skysciu-ir-rieso-atrama-liquid-mouse-pad-with-wrist-rest-pad-lmp_xl\\\/#breadcrumb\",\"itemListElement\":[{\"@type\":\"ListItem\",\"position\":1,\"name\":\"Pagrindinis puslapis\",\"item\":\"https:\\\/\\\/mousepad24.eu\\\/lt\\\/\"},{\"@type\":\"ListItem\",\"position\":2,\"name\":\"Parduotuv\u0117\",\"item\":\"https:\\\/\\\/mousepad24.eu\\\/lt\\\/\"},{\"@type\":\"ListItem\",\"position\":3,\"name\":\"Pel\u0117s kilim\u0117lis su skys\u010diu ir rie\u0161o atrama (Liquid Mouse Pad) \\\/ LMP_XL\"}]},{\"@type\":\"WebSite\",\"@id\":\"https:\\\/\\\/mousepad24.eu\\\/#website\",\"url\":\"https:\\\/\\\/mousepad24.eu\\\/\",\"name\":\"MousePad24.eu\",\"description\":\"Personalizowane podk\u0142adki pod mysz\",\"publisher\":{\"@id\":\"https:\\\/\\\/mousepad24.eu\\\/#organization\"},\"potentialAction\":[{\"@type\":\"SearchAction\",\"target\":{\"@type\":\"EntryPoint\",\"urlTemplate\":\"https:\\\/\\\/mousepad24.eu\\\/?s={search_term_string}\"},\"query-input\":{\"@type\":\"PropertyValueSpecification\",\"valueRequired\":true,\"valueName\":\"search_term_string\"}}],\"inLanguage\":\"lt-LT\"},{\"@type\":\"Organization\",\"@id\":\"https:\\\/\\\/mousepad24.eu\\\/#organization\",\"name\":\"MousePad24.eu\",\"url\":\"https:\\\/\\\/mousepad24.eu\\\/\",\"logo\":{\"@type\":\"ImageObject\",\"inLanguage\":\"lt-LT\",\"@id\":\"https:\\\/\\\/mousepad24.eu\\\/#\\\/schema\\\/logo\\\/image\\\/\",\"url\":\"https:\\\/\\\/mousepad24.eu\\\/wp-content\\\/uploads\\\/2022\\\/12\\\/MOUSEPAD24_logo_curv_OK-1.png\",\"contentUrl\":\"https:\\\/\\\/mousepad24.eu\\\/wp-content\\\/uploads\\\/2022\\\/12\\\/MOUSEPAD24_logo_curv_OK-1.png\",\"width\":1024,\"height\":75,\"caption\":\"MousePad24.eu\"},\"image\":{\"@id\":\"https:\\\/\\\/mousepad24.eu\\\/#\\\/schema\\\/logo\\\/image\\\/\"},\"sameAs\":[\"https:\\\/\\\/www.facebook.com\\\/mousepad24\\\/\",\"https:\\\/\\\/www.instagram.com\\\/mousepad24.eu\\\/\",\"https:\\\/\\\/www.linkedin.com\\\/company\\\/podkladki24-mousepad24\\\/\"]}]}<\/script>\n<!-- \/ Yoast SEO plugin. -->","yoast_head_json":{"title":"Pel\u0117s kilim\u0117lis su skys\u010diu ir rie\u0161o atrama (Liquid Mouse Pad) \/ LMP_XL - MousePad24.eu","description":"Kilim\u0117lis su skys\u010diu ir rie\u0161o atrama. Ergonomi\u0161ka reklamin\u0117 dovana su pl\u016bduriuojan\u010diais elementais ir CMYK spauda. Komfortas ir inovacija viename.","robots":{"index":"index","follow":"follow","max-snippet":"max-snippet:-1","max-image-preview":"max-image-preview:large","max-video-preview":"max-video-preview:-1"},"og_locale":"lt_LT","og_type":"article","og_title":"Pel\u0117s kilim\u0117lis su skys\u010diu ir rie\u0161o atrama (Liquid Mouse Pad) \/ LMP_XL - MousePad24.eu","og_description":"Kilim\u0117lis su skys\u010diu ir rie\u0161o atrama. Ergonomi\u0161ka reklamin\u0117 dovana su pl\u016bduriuojan\u010diais elementais ir CMYK spauda. Komfortas ir inovacija viename.","og_url":"https:\/\/mousepad24.eu\/lt\/produkt\/peles-kilimelis-su-skysciu-ir-rieso-atrama-liquid-mouse-pad-with-wrist-rest-pad-lmp_xl\/","og_site_name":"MousePad24.eu","article_publisher":"https:\/\/www.facebook.com\/mousepad24\/","article_modified_time":"2026-03-25T12:23:24+00:00","og_image":[{"width":2000,"height":2000,"url":"https:\/\/mousepad24.eu\/wp-content\/uploads\/2026\/03\/floater_liquid_ergonomic_-02.jpg","type":"image\/jpeg"}],"twitter_card":"summary_large_image","twitter_misc":{"Est. reading time":"1 minut\u0117"},"schema":{"@context":"https:\/\/schema.org","@graph":[{"@type":"WebPage","@id":"https:\/\/mousepad24.eu\/lt\/produkt\/peles-kilimelis-su-skysciu-ir-rieso-atrama-liquid-mouse-pad-with-wrist-rest-pad-lmp_xl\/","url":"https:\/\/mousepad24.eu\/lt\/produkt\/peles-kilimelis-su-skysciu-ir-rieso-atrama-liquid-mouse-pad-with-wrist-rest-pad-lmp_xl\/","name":"Pel\u0117s kilim\u0117lis su skys\u010diu ir rie\u0161o atrama (Liquid Mouse Pad) \/ LMP_XL - MousePad24.eu","isPartOf":{"@id":"https:\/\/mousepad24.eu\/#website"},"primaryImageOfPage":{"@id":"https:\/\/mousepad24.eu\/lt\/produkt\/peles-kilimelis-su-skysciu-ir-rieso-atrama-liquid-mouse-pad-with-wrist-rest-pad-lmp_xl\/#primaryimage"},"image":{"@id":"https:\/\/mousepad24.eu\/lt\/produkt\/peles-kilimelis-su-skysciu-ir-rieso-atrama-liquid-mouse-pad-with-wrist-rest-pad-lmp_xl\/#primaryimage"},"thumbnailUrl":"https:\/\/mousepad24.eu\/wp-content\/uploads\/2026\/03\/floater_liquid_ergonomic_-02.jpg","datePublished":"2026-03-25T10:48:27+00:00","dateModified":"2026-03-25T12:23:24+00:00","description":"Kilim\u0117lis su skys\u010diu ir rie\u0161o atrama. Ergonomi\u0161ka reklamin\u0117 dovana su pl\u016bduriuojan\u010diais elementais ir CMYK spauda. Komfortas ir inovacija viename.","breadcrumb":{"@id":"https:\/\/mousepad24.eu\/lt\/produkt\/peles-kilimelis-su-skysciu-ir-rieso-atrama-liquid-mouse-pad-with-wrist-rest-pad-lmp_xl\/#breadcrumb"},"inLanguage":"lt-LT","potentialAction":[{"@type":"ReadAction","target":["https:\/\/mousepad24.eu\/lt\/produkt\/peles-kilimelis-su-skysciu-ir-rieso-atrama-liquid-mouse-pad-with-wrist-rest-pad-lmp_xl\/"]}]},{"@type":"ImageObject","inLanguage":"lt-LT","@id":"https:\/\/mousepad24.eu\/lt\/produkt\/peles-kilimelis-su-skysciu-ir-rieso-atrama-liquid-mouse-pad-with-wrist-rest-pad-lmp_xl\/#primaryimage","url":"https:\/\/mousepad24.eu\/wp-content\/uploads\/2026\/03\/floater_liquid_ergonomic_-02.jpg","contentUrl":"https:\/\/mousepad24.eu\/wp-content\/uploads\/2026\/03\/floater_liquid_ergonomic_-02.jpg","width":2000,"height":2000,"caption":"pel\u0117s kilim\u0117lis su skys\u010diu"},{"@type":"BreadcrumbList","@id":"https:\/\/mousepad24.eu\/lt\/produkt\/peles-kilimelis-su-skysciu-ir-rieso-atrama-liquid-mouse-pad-with-wrist-rest-pad-lmp_xl\/#breadcrumb","itemListElement":[{"@type":"ListItem","position":1,"name":"Pagrindinis puslapis","item":"https:\/\/mousepad24.eu\/lt\/"},{"@type":"ListItem","position":2,"name":"Parduotuv\u0117","item":"https:\/\/mousepad24.eu\/lt\/"},{"@type":"ListItem","position":3,"name":"Pel\u0117s kilim\u0117lis su skys\u010diu ir rie\u0161o atrama (Liquid Mouse Pad) \/ LMP_XL"}]},{"@type":"WebSite","@id":"https:\/\/mousepad24.eu\/#website","url":"https:\/\/mousepad24.eu\/","name":"MousePad24.eu","description":"Personalizowane podk\u0142adki pod mysz","publisher":{"@id":"https:\/\/mousepad24.eu\/#organization"},"potentialAction":[{"@type":"SearchAction","target":{"@type":"EntryPoint","urlTemplate":"https:\/\/mousepad24.eu\/?s={search_term_string}"},"query-input":{"@type":"PropertyValueSpecification","valueRequired":true,"valueName":"search_term_string"}}],"inLanguage":"lt-LT"},{"@type":"Organization","@id":"https:\/\/mousepad24.eu\/#organization","name":"MousePad24.eu","url":"https:\/\/mousepad24.eu\/","logo":{"@type":"ImageObject","inLanguage":"lt-LT","@id":"https:\/\/mousepad24.eu\/#\/schema\/logo\/image\/","url":"https:\/\/mousepad24.eu\/wp-content\/uploads\/2022\/12\/MOUSEPAD24_logo_curv_OK-1.png","contentUrl":"https:\/\/mousepad24.eu\/wp-content\/uploads\/2022\/12\/MOUSEPAD24_logo_curv_OK-1.png","width":1024,"height":75,"caption":"MousePad24.eu"},"image":{"@id":"https:\/\/mousepad24.eu\/#\/schema\/logo\/image\/"},"sameAs":["https:\/\/www.facebook.com\/mousepad24\/","https:\/\/www.instagram.com\/mousepad24.eu\/","https:\/\/www.linkedin.com\/company\/podkladki24-mousepad24\/"]}]}},"_links":{"self":[{"href":"https:\/\/mousepad24.eu\/lt\/wp-json\/wp\/v2\/product\/77840","targetHints":{"allow":["GET"]}}],"collection":[{"href":"https:\/\/mousepad24.eu\/lt\/wp-json\/wp\/v2\/product"}],"about":[{"href":"https:\/\/mousepad24.eu\/lt\/wp-json\/wp\/v2\/types\/product"}],"wp:featuredmedia":[{"embeddable":true,"href":"https:\/\/mousepad24.eu\/lt\/wp-json\/wp\/v2\/media\/77726"}],"wp:attachment":[{"href":"https:\/\/mousepad24.eu\/lt\/wp-json\/wp\/v2\/media?parent=77840"}],"wp:term":[{"taxonomy":"product_brand","embeddable":true,"href":"https:\/\/mousepad24.eu\/lt\/wp-json\/wp\/v2\/product_brand?post=77840"},{"taxonomy":"product_cat","embeddable":true,"href":"https:\/\/mousepad24.eu\/lt\/wp-json\/wp\/v2\/product_cat?post=77840"},{"taxonomy":"product_tag","embeddable":true,"href":"https:\/\/mousepad24.eu\/lt\/wp-json\/wp\/v2\/product_tag?post=77840"}],"curies":[{"name":"wp","href":"https:\/\/api.w.org\/{rel}","templated":true}]}}